{"id":16655,"date":"2019-02-11T18:49:09","date_gmt":"2019-02-11T18:49:09","guid":{"rendered":"https:\/\/www.aguarda.es\/municipal-services\/heritage\/"},"modified":"2019-06-06T10:16:40","modified_gmt":"2019-06-06T10:16:40","slug":"heritage","status":"publish","type":"page","link":"https:\/\/www.aguarda.es\/en\/municipal-services\/heritage\/","title":{"rendered":"Heritage"},"content":{"rendered":"<p>[vc_row][vc_column][vc_column_text el_class=&#8221;datos-de-contacto&#8221;]<\/p>\n<ul>\n<li>Praza do Rel\u00f3 1, A Guarda, Postalcode 36780<\/li>\n<li><strong>Phone:<\/strong> <a href=\"tel:0034986610000\">986 610 000<\/a><\/li>\n<li><strong>Email<\/strong>:\u00a0<a href=\"mailto:patrimonio@aguarda.es\">patrimonio@aguarda.es<\/a><\/li>\n<li><strong>Fax:<\/strong> 986 610 283<\/li>\n<\/ul>\n<p>[\/vc_column_text][vc_column_text]<br \/>\nThe existence of a specific councillorship of Heritage differentiated from the Cultural one (which has traditionally been subordinated) is justified by the enormous historical, cultural and ethnographic potential that A Guarda has.<\/p>\n<p>In addition to the Trega Mountain, which due to its archeological, landscape and tourism importance deserves a differentiated dedication, from the Heritage councillorship we aim to put in value the greatest amount of possible historical and ethnographic resources, disseminate them to residents and visitors and ensure the conservation of those singular elements of the historical heritage common to all neighbors.<\/p>\n<p>Elaborate routes that pass through places of special cultural value, to put in value all the potentialities of Trega Mountain, to publicize the Castle of Sta. Cruz, promoting knowledge and research on resources, recovering and conserving all the greatest possible amount of them, are the actions for which this department works.<br \/>\n[\/vc_column_text][vc_single_image image=&#8221;7417&#8243; img_size=&#8221;full&#8221; alignment=&#8221;center&#8221; onclick=&#8221;custom_link&#8221; img_link_target=&#8221;_blank&#8221; link=&#8221;http:\/\/www.turismoaguarda.es\/patrimonio\/&#8221;][\/vc_column][\/vc_row][vc_row][vc_column]<div class=\"thim-widget-carousel-post\"><h3 class=\"widget-title\">Latest News<\/h3>\t<div class=\"thim-owl-carousel-post thim-carousel-wrapper\" data-visible=\"3\"\n\t     data-pagination=\"0\" data-navigation=\"1\" data-autoplay=\"0\">\n\t\t\t\t\t<div class=\"item\">\n\t\t\t\t\t\t\t\t<div class=\"image\">\n\t\t\t\t\t<a href=\"https:\/\/www.aguarda.es\/en\/a-churrreria-santa-tecla-sumase-a-venda-en-beneficio-das-festas-do-monte-2026\/\">\n\t\t\t\t\t\t<img src=\"https:\/\/www.aguarda.es\/wp-content\/uploads\/2026\/04\/churreria-Santa-Tecla-450x267.jpeg\" alt=\"A churrrer\u00eda Santa Tecla s\u00famase \u00e1 venda en beneficio das Festas do Monte 2026\" title=\"Churreria Santa Tecla\"  width=\"450\" height=\"267\">\t\t\t\t\t<\/a>\n\t\t\t\t<\/div>\n\t\t\t\t<div class=\"content\">\n\t\t\t\t\t<div class=\"info\">\n\t\t\t\t\t\t<div class=\"author\">\n\t\t\t\t\t\t\t<span>prensa<\/span>\t\t\t\t\t\t<\/div>\n\t\t\t\t\t\t<div class=\"date\">\n\t\t\t\t\t\t\t1 April, 2026\t\t\t\t\t\t<\/div>\n\t\t\t\t\t<\/div>\n\t\t\t\t\t<h4 class=\"title\">\n\t\t\t\t\t\t<a href=\"https:\/\/www.aguarda.es\/en\/a-churrreria-santa-tecla-sumase-a-venda-en-beneficio-das-festas-do-monte-2026\/\">A churrrer\u00eda Santa Tecla s\u00famase \u00e1 venda en beneficio das Festas do Monte 2026<\/a>\n\t\t\t\t\t<\/h4>\n\t\t\t\t<\/div>\n\t\t\t<\/div>\n\t\t\t\t\t\t<div class=\"item\">\n\t\t\t\t\t\t\t\t<div class=\"image\">\n\t\t\t\t\t<a href=\"https:\/\/www.aguarda.es\/en\/a-guarda-non-tera-citas-para-dni-e-pasaporte-ata-maio\/\">\n\t\t\t\t\t\t<img src=\"https:\/\/www.aguarda.es\/wp-content\/uploads\/2026\/03\/CANCELACION-CITAS-450x267.jpg\" alt=\"A Guarda non ter\u00e1 citas para DNI e pasaporte ata maio\" title=\"CANCELACION CITAS\"  width=\"450\" height=\"267\">\t\t\t\t\t<\/a>\n\t\t\t\t<\/div>\n\t\t\t\t<div class=\"content\">\n\t\t\t\t\t<div class=\"info\">\n\t\t\t\t\t\t<div class=\"author\">\n\t\t\t\t\t\t\t<span>prensa<\/span>\t\t\t\t\t\t<\/div>\n\t\t\t\t\t\t<div class=\"date\">\n\t\t\t\t\t\t\t31 March, 2026\t\t\t\t\t\t<\/div>\n\t\t\t\t\t<\/div>\n\t\t\t\t\t<h4 class=\"title\">\n\t\t\t\t\t\t<a href=\"https:\/\/www.aguarda.es\/en\/a-guarda-non-tera-citas-para-dni-e-pasaporte-ata-maio\/\">A Guarda non ter\u00e1 citas para DNI e pasaporte ata maio<\/a>\n\t\t\t\t\t<\/h4>\n\t\t\t\t<\/div>\n\t\t\t<\/div>\n\t\t\t\t\t\t<div class=\"item\">\n\t\t\t\t\t\t\t\t<div class=\"image\">\n\t\t\t\t\t<a href=\"https:\/\/www.aguarda.es\/en\/o-guardes-juan-collazo-elaborara-o-seu-sandwich-finalista-do-concurso-de-delikia-para-toda-a-guarda\/\">\n\t\t\t\t\t\t<img src=\"https:\/\/www.aguarda.es\/wp-content\/uploads\/2026\/03\/Presentacion-foodtruck-FDM-450x267.jpeg\" alt=\"O guard\u00e9s Juan Collazo elaborar\u00e1 o seu s\u00e1ndwich finalista do concurso de Delikia para toda A Guarda\" title=\"Presentacion Foodtruck FDM\"  width=\"450\" height=\"267\">\t\t\t\t\t<\/a>\n\t\t\t\t<\/div>\n\t\t\t\t<div class=\"content\">\n\t\t\t\t\t<div class=\"info\">\n\t\t\t\t\t\t<div class=\"author\">\n\t\t\t\t\t\t\t<span>prensa<\/span>\t\t\t\t\t\t<\/div>\n\t\t\t\t\t\t<div class=\"date\">\n\t\t\t\t\t\t\t29 March, 2026\t\t\t\t\t\t<\/div>\n\t\t\t\t\t<\/div>\n\t\t\t\t\t<h4 class=\"title\">\n\t\t\t\t\t\t<a href=\"https:\/\/www.aguarda.es\/en\/o-guardes-juan-collazo-elaborara-o-seu-sandwich-finalista-do-concurso-de-delikia-para-toda-a-guarda\/\">O guard\u00e9s Juan Collazo elaborar\u00e1 o seu s\u00e1ndwich finalista do concurso de Delikia para toda A Guarda<\/a>\n\t\t\t\t\t<\/h4>\n\t\t\t\t<\/div>\n\t\t\t<\/div>\n\t\t\t\t\t\t<div class=\"item\">\n\t\t\t\t\t\t\t\t<div class=\"image\">\n\t\t\t\t\t<a href=\"https:\/\/www.aguarda.es\/en\/o-concello-da-guarda-renova-gran-parte-da-sua-frota-de-vehiculos-de-servizos-municipais\/\">\n\t\t\t\t\t\t<img src=\"https:\/\/www.aguarda.es\/wp-content\/uploads\/2026\/03\/vehiculos-A-Guarda-1-450x267.jpeg\" alt=\"O Concello da Guarda renova gran parte da s\u00faa frota de veh\u00edculos de servizos municipais\" title=\"Vehiculos A Guarda (1)\"  width=\"450\" height=\"267\">\t\t\t\t\t<\/a>\n\t\t\t\t<\/div>\n\t\t\t\t<div class=\"content\">\n\t\t\t\t\t<div class=\"info\">\n\t\t\t\t\t\t<div class=\"author\">\n\t\t\t\t\t\t\t<span>prensa<\/span>\t\t\t\t\t\t<\/div>\n\t\t\t\t\t\t<div class=\"date\">\n\t\t\t\t\t\t\t25 March, 2026\t\t\t\t\t\t<\/div>\n\t\t\t\t\t<\/div>\n\t\t\t\t\t<h4 class=\"title\">\n\t\t\t\t\t\t<a href=\"https:\/\/www.aguarda.es\/en\/o-concello-da-guarda-renova-gran-parte-da-sua-frota-de-vehiculos-de-servizos-municipais\/\">O Concello da Guarda renova gran parte da s\u00faa frota de veh\u00edculos de servizos municipais<\/a>\n\t\t\t\t\t<\/h4>\n\t\t\t\t<\/div>\n\t\t\t<\/div>\n\t\t\t\t\t\t<div class=\"item\">\n\t\t\t\t\t\t\t\t<div class=\"image\">\n\t\t\t\t\t<a href=\"https:\/\/www.aguarda.es\/en\/convocatoria-de-pleno-ordinario-para-o-mercores-25\/\">\n\t\t\t\t\t\t<img src=\"https:\/\/www.aguarda.es\/wp-content\/uploads\/2026\/03\/pleno-ordinario-450x267.jpg\" alt=\"Convocatoria de pleno ordinario para o m\u00e9rcores 25\" title=\"Pleno Ordinario\"  width=\"450\" height=\"267\">\t\t\t\t\t<\/a>\n\t\t\t\t<\/div>\n\t\t\t\t<div class=\"content\">\n\t\t\t\t\t<div class=\"info\">\n\t\t\t\t\t\t<div class=\"author\">\n\t\t\t\t\t\t\t<span>prensa<\/span>\t\t\t\t\t\t<\/div>\n\t\t\t\t\t\t<div class=\"date\">\n\t\t\t\t\t\t\t20 March, 2026\t\t\t\t\t\t<\/div>\n\t\t\t\t\t<\/div>\n\t\t\t\t\t<h4 class=\"title\">\n\t\t\t\t\t\t<a href=\"https:\/\/www.aguarda.es\/en\/convocatoria-de-pleno-ordinario-para-o-mercores-25\/\">Convocatoria de pleno ordinario para o m\u00e9rcores 25<\/a>\n\t\t\t\t\t<\/h4>\n\t\t\t\t<\/div>\n\t\t\t<\/div>\n\t\t\t\t\t\t<div class=\"item\">\n\t\t\t\t\t\t\t\t<div class=\"image\">\n\t\t\t\t\t<a href=\"https:\/\/www.aguarda.es\/en\/a-unidade-mobil-de-ados-visita-a-guarda-o-martes-17-de-marzo\/\">\n\t\t\t\t\t\t<img src=\"https:\/\/www.aguarda.es\/wp-content\/uploads\/2026\/03\/tn_A-GUARDA-A3-O-SON-DO-CAMINO_page-0001-189x267.jpg\" alt=\"A unidade m\u00f3bil de ADOS visita A Guarda o martes 17 de marzo\" title=\"Tn A GUARDA A3 O SON DO CAMI\u00d1O Page 0001\"  width=\"450\" height=\"267\">\t\t\t\t\t<\/a>\n\t\t\t\t<\/div>\n\t\t\t\t<div class=\"content\">\n\t\t\t\t\t<div class=\"info\">\n\t\t\t\t\t\t<div class=\"author\">\n\t\t\t\t\t\t\t<span>prensa<\/span>\t\t\t\t\t\t<\/div>\n\t\t\t\t\t\t<div class=\"date\">\n\t\t\t\t\t\t\t12 March, 2026\t\t\t\t\t\t<\/div>\n\t\t\t\t\t<\/div>\n\t\t\t\t\t<h4 class=\"title\">\n\t\t\t\t\t\t<a href=\"https:\/\/www.aguarda.es\/en\/a-unidade-mobil-de-ados-visita-a-guarda-o-martes-17-de-marzo\/\">A unidade m\u00f3bil de ADOS visita A Guarda o martes 17 de marzo<\/a>\n\t\t\t\t\t<\/h4>\n\t\t\t\t<\/div>\n\t\t\t<\/div>\n\t\t\t\t<\/div>\n\n\t<\/div>[\/vc_column][\/vc_row]<\/p>\n","protected":false},"excerpt":{"rendered":"<p>[vc_row][vc_column][vc_column_text el_class=&#8221;datos-de-contacto&#8221;] Praza do Rel\u00f3 1, A Guarda, Postalcode 36780 Phone: 986 610 000 Email:\u00a0patrimonio@aguarda.es Fax: 986 610 283 [\/vc_column_text][vc_column_text] The existence of a specific councillorship of Heritage differentiated from the Cultural one (which has traditionally been subordinated) is justified &hellip; <\/p>\n","protected":false},"author":1,"featured_media":16656,"parent":16557,"menu_order":0,"comment_status":"closed","ping_status":"closed","template":"","meta":[],"yoast_head":"<!-- This site is optimized with the Yoast SEO plugin v21.1 - https:\/\/yoast.com\/wordpress\/plugins\/seo\/ -->\n<title>Heritage - Concello da Guarda<\/title>\n<meta name=\"robots\" content=\"index, follow, max-snippet:-1, max-image-preview:large, max-video-preview:-1\" \/>\n<link rel=\"canonical\" href=\"https:\/\/www.aguarda.es\/en\/municipal-services\/heritage\/\" \/>\n<meta property=\"og:locale\" content=\"en_US\" \/>\n<meta property=\"og:type\" content=\"article\" \/>\n<meta property=\"og:title\" content=\"Heritage - Concello da Guarda\" \/>\n<meta property=\"og:description\" content=\"[vc_row][vc_column][vc_column_text el_class=&#8221;datos-de-contacto&#8221;] Praza do Rel\u00f3 1, A Guarda, Postalcode 36780 Phone: 986 610 000 Email:\u00a0patrimonio@aguarda.es Fax: 986 610 283 [\/vc_column_text][vc_column_text] The existence of a specific councillorship of Heritage differentiated from the Cultural one (which has traditionally been subordinated) is justified &hellip;\" \/>\n<meta property=\"og:url\" content=\"https:\/\/www.aguarda.es\/en\/municipal-services\/heritage\/\" \/>\n<meta property=\"og:site_name\" content=\"Concello da Guarda\" \/>\n<meta property=\"article:publisher\" content=\"https:\/\/www.facebook.com\/ConcellodaGuarda\" \/>\n<meta property=\"article:modified_time\" content=\"2019-06-06T10:16:40+00:00\" \/>\n<meta property=\"og:image\" content=\"https:\/\/www.aguarda.es\/wp-content\/uploads\/2017\/03\/patrimonio-turismo-gl.jpg\" \/>\n\t<meta property=\"og:image:width\" content=\"1200\" \/>\n\t<meta property=\"og:image:height\" content=\"250\" \/>\n\t<meta property=\"og:image:type\" content=\"image\/jpeg\" \/>\n<meta name=\"twitter:card\" content=\"summary_large_image\" \/>\n<meta name=\"twitter:site\" content=\"@AGuarda_es\" \/>\n<meta name=\"twitter:label1\" content=\"Est. reading time\" \/>\n\t<meta name=\"twitter:data1\" content=\"1 minute\" \/>\n<script type=\"application\/ld+json\" class=\"yoast-schema-graph\">{\"@context\":\"https:\/\/schema.org\",\"@graph\":[{\"@type\":\"WebPage\",\"@id\":\"https:\/\/www.aguarda.es\/en\/municipal-services\/heritage\/\",\"url\":\"https:\/\/www.aguarda.es\/en\/municipal-services\/heritage\/\",\"name\":\"Heritage - Concello da Guarda\",\"isPartOf\":{\"@id\":\"https:\/\/www.aguarda.es\/en\/#website\"},\"datePublished\":\"2019-02-11T18:49:09+00:00\",\"dateModified\":\"2019-06-06T10:16:40+00:00\",\"breadcrumb\":{\"@id\":\"https:\/\/www.aguarda.es\/en\/municipal-services\/heritage\/#breadcrumb\"},\"inLanguage\":\"en-US\",\"potentialAction\":[{\"@type\":\"ReadAction\",\"target\":[\"https:\/\/www.aguarda.es\/en\/municipal-services\/heritage\/\"]}]},{\"@type\":\"BreadcrumbList\",\"@id\":\"https:\/\/www.aguarda.es\/en\/municipal-services\/heritage\/#breadcrumb\",\"itemListElement\":[{\"@type\":\"ListItem\",\"position\":1,\"name\":\"Portada\",\"item\":\"https:\/\/www.aguarda.es\/en\/\"},{\"@type\":\"ListItem\",\"position\":2,\"name\":\"Municipal services\",\"item\":\"https:\/\/www.aguarda.es\/en\/municipal-services\/\"},{\"@type\":\"ListItem\",\"position\":3,\"name\":\"Heritage\"}]},{\"@type\":\"WebSite\",\"@id\":\"https:\/\/www.aguarda.es\/en\/#website\",\"url\":\"https:\/\/www.aguarda.es\/en\/\",\"name\":\"Concello da Guarda\",\"description\":\"P\u00e1xina web do concello da Guarda\",\"potentialAction\":[{\"@type\":\"SearchAction\",\"target\":{\"@type\":\"EntryPoint\",\"urlTemplate\":\"https:\/\/www.aguarda.es\/en\/?s={search_term_string}\"},\"query-input\":\"required name=search_term_string\"}],\"inLanguage\":\"en-US\"}]}<\/script>\n<!-- \/ Yoast SEO plugin. -->","yoast_head_json":{"title":"Heritage - Concello da Guarda","robots":{"index":"index","follow":"follow","max-snippet":"max-snippet:-1","max-image-preview":"max-image-preview:large","max-video-preview":"max-video-preview:-1"},"canonical":"https:\/\/www.aguarda.es\/en\/municipal-services\/heritage\/","og_locale":"en_US","og_type":"article","og_title":"Heritage - Concello da Guarda","og_description":"[vc_row][vc_column][vc_column_text el_class=&#8221;datos-de-contacto&#8221;] Praza do Rel\u00f3 1, A Guarda, Postalcode 36780 Phone: 986 610 000 Email:\u00a0patrimonio@aguarda.es Fax: 986 610 283 [\/vc_column_text][vc_column_text] The existence of a specific councillorship of Heritage differentiated from the Cultural one (which has traditionally been subordinated) is justified &hellip;","og_url":"https:\/\/www.aguarda.es\/en\/municipal-services\/heritage\/","og_site_name":"Concello da Guarda","article_publisher":"https:\/\/www.facebook.com\/ConcellodaGuarda","article_modified_time":"2019-06-06T10:16:40+00:00","og_image":[{"width":1200,"height":250,"url":"https:\/\/www.aguarda.es\/wp-content\/uploads\/2017\/03\/patrimonio-turismo-gl.jpg","type":"image\/jpeg"}],"twitter_card":"summary_large_image","twitter_site":"@AGuarda_es","twitter_misc":{"Est. reading time":"1 minute"},"schema":{"@context":"https:\/\/schema.org","@graph":[{"@type":"WebPage","@id":"https:\/\/www.aguarda.es\/en\/municipal-services\/heritage\/","url":"https:\/\/www.aguarda.es\/en\/municipal-services\/heritage\/","name":"Heritage - Concello da Guarda","isPartOf":{"@id":"https:\/\/www.aguarda.es\/en\/#website"},"datePublished":"2019-02-11T18:49:09+00:00","dateModified":"2019-06-06T10:16:40+00:00","breadcrumb":{"@id":"https:\/\/www.aguarda.es\/en\/municipal-services\/heritage\/#breadcrumb"},"inLanguage":"en-US","potentialAction":[{"@type":"ReadAction","target":["https:\/\/www.aguarda.es\/en\/municipal-services\/heritage\/"]}]},{"@type":"BreadcrumbList","@id":"https:\/\/www.aguarda.es\/en\/municipal-services\/heritage\/#breadcrumb","itemListElement":[{"@type":"ListItem","position":1,"name":"Portada","item":"https:\/\/www.aguarda.es\/en\/"},{"@type":"ListItem","position":2,"name":"Municipal services","item":"https:\/\/www.aguarda.es\/en\/municipal-services\/"},{"@type":"ListItem","position":3,"name":"Heritage"}]},{"@type":"WebSite","@id":"https:\/\/www.aguarda.es\/en\/#website","url":"https:\/\/www.aguarda.es\/en\/","name":"Concello da Guarda","description":"P\u00e1xina web do concello da Guarda","potentialAction":[{"@type":"SearchAction","target":{"@type":"EntryPoint","urlTemplate":"https:\/\/www.aguarda.es\/en\/?s={search_term_string}"},"query-input":"required name=search_term_string"}],"inLanguage":"en-US"}]}},"_links":{"self":[{"href":"https:\/\/www.aguarda.es\/en\/wp-json\/wp\/v2\/pages\/16655"}],"collection":[{"href":"https:\/\/www.aguarda.es\/en\/wp-json\/wp\/v2\/pages"}],"about":[{"href":"https:\/\/www.aguarda.es\/en\/wp-json\/wp\/v2\/types\/page"}],"author":[{"embeddable":true,"href":"https:\/\/www.aguarda.es\/en\/wp-json\/wp\/v2\/users\/1"}],"replies":[{"embeddable":true,"href":"https:\/\/www.aguarda.es\/en\/wp-json\/wp\/v2\/comments?post=16655"}],"version-history":[{"count":6,"href":"https:\/\/www.aguarda.es\/en\/wp-json\/wp\/v2\/pages\/16655\/revisions"}],"predecessor-version":[{"id":18340,"href":"https:\/\/www.aguarda.es\/en\/wp-json\/wp\/v2\/pages\/16655\/revisions\/18340"}],"up":[{"embeddable":true,"href":"https:\/\/www.aguarda.es\/en\/wp-json\/wp\/v2\/pages\/16557"}],"wp:featuredmedia":[{"embeddable":true,"href":"https:\/\/www.aguarda.es\/en\/wp-json\/wp\/v2\/media\/16656"}],"wp:attachment":[{"href":"https:\/\/www.aguarda.es\/en\/wp-json\/wp\/v2\/media?parent=16655"}],"curies":[{"name":"wp","href":"https:\/\/api.w.org\/{rel}","templated":true}]}}