{"id":16775,"date":"2019-02-13T10:43:43","date_gmt":"2019-02-13T10:43:43","guid":{"rendered":"https:\/\/www.aguarda.es\/completed-works\/"},"modified":"2019-02-13T10:43:43","modified_gmt":"2019-02-13T10:43:43","slug":"completed-works","status":"publish","type":"page","link":"https:\/\/www.aguarda.es\/en\/municipal-services\/highways-and-works\/completed-works\/","title":{"rendered":"Completed Works"},"content":{"rendered":"<table border=\"1\" cellspacing=\"0\" cellpadding=\"2\">\n<tbody>\n<tr>\n<td><strong>PAVILION&#8217;S NEW COV<\/strong><\/td>\n<\/tr>\n<\/tbody>\n<\/table>\n<p>{joomplucat:18 limit=4|columns=4}<\/p>\n<table border=\"1\" cellspacing=\"0\" cellpadding=\"2\">\n<tbody>\n<tr>\n<td><strong>\u00a0CHANGING ROOMS OF THE PAVILION<br \/>\n<\/strong><\/td>\n<\/tr>\n<\/tbody>\n<\/table>\n<p>{joomplucat:20 limit=4|columns=4}<\/p>\n<table border=\"1\" cellspacing=\"0\" cellpadding=\"2\">\n<tbody>\n<tr>\n<td><strong>PAVING, PAINTING AND IMPROVEMENT OF MUNICIPAL ESTADIUM LIGHTING<br \/>\n<\/strong><\/td>\n<\/tr>\n<\/tbody>\n<\/table>\n<p>{joomplucat:21 limit=4|columns=4}<\/p>\n<table border=\"1\" cellspacing=\"0\" cellpadding=\"2\">\n<tbody>\n<tr>\n<td><strong>ACONDICIONING OF A BLOCK OF O SINDE VELLO FOR LOCAL ASSOCIATIONS<br \/>\n<\/strong><\/td>\n<\/tr>\n<\/tbody>\n<\/table>\n<p>{joomplucat:22 limit=4|columns=4}<\/p>\n<table border=\"1\" cellspacing=\"0\" cellpadding=\"2\">\n<tbody>\n<tr>\n<td><strong>MUSEUM OF THE SEA IN ATALAIA<br \/>\n<\/strong><\/td>\n<\/tr>\n<\/tbody>\n<\/table>\n<p>{joomplucat:23 limit=4|columns=4}<\/p>\n<table border=\"1\" cellspacing=\"0\" cellpadding=\"2\">\n<tbody>\n<tr>\n<td><strong>REFORM OF THE MUNICIPAL CONSERVATORY<br \/>\n<\/strong><\/td>\n<\/tr>\n<\/tbody>\n<\/table>\n<p>{joomplucat:24 limit=4|columns=4}<\/p>\n<table border=\"1\" cellspacing=\"0\" cellpadding=\"2\">\n<tbody>\n<tr>\n<td><strong>CONDITIONING OF THE PARK LAXE GRANDE<br \/>\n<\/strong><\/td>\n<\/tr>\n<\/tbody>\n<\/table>\n<p>{joomplucat:25 limit=4|columns=4}<\/p>\n<table border=\"1\" cellspacing=\"0\" cellpadding=\"2\">\n<tbody>\n<tr>\n<td><strong>NEW SPORTS AND CHILDREN&#8217;S PARK\u00a0IN SALCIDOS<br \/>\n<\/strong><\/td>\n<\/tr>\n<\/tbody>\n<\/table>\n<p>{joomplucat:26 limit=4|columns=4}<\/p>\n<table border=\"1\" cellspacing=\"0\" cellpadding=\"2\">\n<tbody>\n<tr>\n<td><strong>CREATION OF\u00a0 A REHEARSAL SPACE IN SINDE VELLO<br \/>\n<\/strong><\/td>\n<\/tr>\n<\/tbody>\n<\/table>\n<p>{joomplucat:27 limit=4|columns=4}<\/p>\n<table border=\"1\" cellspacing=\"0\" cellpadding=\"2\">\n<tbody>\n<tr>\n<td><strong>HANDRAILS IN AREA GRANDE BEACH<br \/>\n<\/strong><\/td>\n<\/tr>\n<\/tbody>\n<\/table>\n<p>{joomplucat:28 limit=4|columns=4}<\/p>\n<table border=\"1\" cellspacing=\"0\" cellpadding=\"2\">\n<tbody>\n<tr>\n<td><strong>WALKWAY IN O MU\u00cd\u00d1O BEACH<br \/>\n<\/strong><\/td>\n<\/tr>\n<\/tbody>\n<\/table>\n<p>{joomplucat:29 limit=4|columns=4}<\/p>\n<table border=\"1\" cellspacing=\"0\" cellpadding=\"2\">\n<tbody>\n<tr>\n<td><strong>URBANIZATION OF THE R\u00daA TRANSVERSAL TRONCOSO<br \/>\n<\/strong><\/td>\n<\/tr>\n<\/tbody>\n<\/table>\n<p>{joomplucat:30 limit=4|columns=4}<\/p>\n<table border=\"1\" cellspacing=\"0\" cellpadding=\"2\">\n<tbody>\n<tr>\n<td><strong>URBANIZATION OF THE R\u00daA PAC\u00cdFICO RODR\u00cdGUEZ<br \/>\n<\/strong><\/td>\n<\/tr>\n<\/tbody>\n<\/table>\n<p>{joomplucat:31 limit=4|columns=4}<\/p>\n<table border=\"1\" cellspacing=\"0\" cellpadding=\"2\">\n<tbody>\n<tr>\n<td><strong>PATH O CASCALLAR EN CAMPOSANCOS<br \/>\n<\/strong><\/td>\n<\/tr>\n<\/tbody>\n<\/table>\n<p>{joomplucat:32 limit=4|columns=4}<\/p>\n<table border=\"1\" cellspacing=\"0\" cellpadding=\"2\">\n<tbody>\n<tr>\n<td><strong>RAINWATER AND SEWAGE NETWORKS IN AS CACHADAS<br \/>\n<\/strong><\/td>\n<\/tr>\n<\/tbody>\n<\/table>\n<p>{joomplucat:33 limit=4|columns=4}<\/p>\n<table border=\"1\" cellspacing=\"0\" cellpadding=\"2\">\n<tbody>\n<tr>\n<td><strong>SEWAGE PUMPS IN O ALOQUEIRO<br \/>\n<\/strong><\/td>\n<\/tr>\n<\/tbody>\n<\/table>\n<p>{joomplucat:34 limit=4|columns=4}<\/p>\n<table border=\"1\" cellspacing=\"0\" cellpadding=\"2\">\n<tbody>\n<tr>\n<td><strong>SANITATION IN 3\u00ba TRANSVERSAL CORUTO VELLO<br \/>\n<\/strong><\/td>\n<\/tr>\n<\/tbody>\n<\/table>\n<p>{joomplucat:35 limit=4|columns=4}<\/p>\n<table border=\"1\" cellspacing=\"0\" cellpadding=\"2\">\n<tbody>\n<tr>\n<td><strong>RAINWATER NETWORK IN O CORUTO VELLO AND IN A PORTELA<br \/>\n<\/strong><\/td>\n<\/tr>\n<\/tbody>\n<\/table>\n<p>{joomplucat:36 limit=4|columns=4}<\/p>\n<table border=\"1\" cellspacing=\"0\" cellpadding=\"2\">\n<tbody>\n<tr>\n<td><strong>PAVING OF THE SLOPE TO AREA GRANDE<br \/>\n<\/strong><\/td>\n<\/tr>\n<\/tbody>\n<\/table>\n<p>{joomplucat:37 limit=4|columns=4}<\/p>\n<table border=\"1\" cellspacing=\"0\" cellpadding=\"2\">\n<tbody>\n<tr>\n<td><strong>PAVING OF THE CENTRAL ROAD OF SALCIDOS<br \/>\n<\/strong><\/td>\n<\/tr>\n<\/tbody>\n<\/table>\n<p>{joomplucat:38 limit=4|columns=4}<\/p>\n<table border=\"1\" cellspacing=\"0\" cellpadding=\"2\">\n<tbody>\n<tr>\n<td><strong>PAVING OF CAMI\u00d1O DE TRASLOAJO<br \/>\n<\/strong><\/td>\n<\/tr>\n<\/tbody>\n<\/table>\n<p>{joomplucat:39 limit=4|columns=4}<\/p>\n<table border=\"1\" cellspacing=\"0\" cellpadding=\"2\">\n<tbody>\n<tr>\n<td><strong>MODERNIZATION OF SANTA TREGA MUSEUM<br \/>\n<\/strong><\/td>\n<\/tr>\n<\/tbody>\n<\/table>\n<p>{joomplucat:40 limit=4|columns=4}<\/p>\n<table border=\"1\" cellspacing=\"0\" cellpadding=\"2\">\n<tbody>\n<tr>\n<td><strong>SANITATION 2\u00aa AND 4\u00aa TRANSVERSAL CORUTO VELLO<br \/>\n<\/strong><\/td>\n<\/tr>\n<\/tbody>\n<\/table>\n<p>{joomplucat:41 limit=4|columns=4}<\/p>\n<table border=\"1\" cellspacing=\"0\" cellpadding=\"2\">\n<tbody>\n<tr>\n<td><strong>RAINWATER NETWORK IN R\u00daA ROCHA<br \/>\n<\/strong><\/td>\n<\/tr>\n<\/tbody>\n<\/table>\n<p>{joomplucat:42 limit=4|columns=4}<\/p>\n<table border=\"1\" cellspacing=\"0\" cellpadding=\"2\">\n<tbody>\n<tr>\n<td><strong>URBANIZTION OF R\u00daA ENRIQUE MAR\u00cdA SEXTO<br \/>\n<\/strong><\/td>\n<\/tr>\n<\/tbody>\n<\/table>\n<p>{joomplucat:43 limit=4|columns=4}<\/p>\n<table border=\"1\" cellspacing=\"0\" cellpadding=\"2\">\n<tbody>\n<tr>\n<td><strong>PAVING R\u00daA A CAL<br \/>\n<\/strong><\/td>\n<\/tr>\n<\/tbody>\n<\/table>\n<p>{joomplucat:44 limit=4|columns=4}<\/p>\n<table border=\"1\" cellspacing=\"0\" cellpadding=\"2\">\n<tbody>\n<tr>\n<td><strong>WALKWAY IN THE SLOPE TO FEDORENTO BEACH<br \/>\n<\/strong><\/td>\n<\/tr>\n<\/tbody>\n<\/table>\n<p>{joomplucat:45 limit=4|columns=4}<\/p>\n","protected":false},"excerpt":{"rendered":"<p>PAVILION&#8217;S NEW COV {joomplucat:18 limit=4|columns=4} \u00a0CHANGING ROOMS OF THE PAVILION {joomplucat:20 limit=4|columns=4} PAVING, PAINTING AND IMPROVEMENT OF MUNICIPAL ESTADIUM LIGHTING {joomplucat:21 limit=4|columns=4} ACONDICIONING OF A BLOCK OF O SINDE VELLO FOR LOCAL ASSOCIATIONS {joomplucat:22 limit=4|columns=4} MUSEUM OF THE SEA IN &hellip; <\/p>\n","protected":false},"author":1,"featured_media":0,"parent":16776,"menu_order":0,"comment_status":"closed","ping_status":"closed","template":"","meta":[],"yoast_head":"<!-- This site is optimized with the Yoast SEO plugin v21.1 - https:\/\/yoast.com\/wordpress\/plugins\/seo\/ -->\n<title>Completed Works - Concello da Guarda<\/title>\n<meta name=\"robots\" content=\"index, follow, max-snippet:-1, max-image-preview:large, max-video-preview:-1\" \/>\n<link rel=\"canonical\" href=\"https:\/\/www.aguarda.es\/en\/municipal-services\/highways-and-works\/completed-works\/\" \/>\n<meta property=\"og:locale\" content=\"en_US\" \/>\n<meta property=\"og:type\" content=\"article\" \/>\n<meta property=\"og:title\" content=\"Completed Works - Concello da Guarda\" \/>\n<meta property=\"og:description\" content=\"PAVILION&#8217;S NEW COV {joomplucat:18 limit=4|columns=4} \u00a0CHANGING ROOMS OF THE PAVILION {joomplucat:20 limit=4|columns=4} PAVING, PAINTING AND IMPROVEMENT OF MUNICIPAL ESTADIUM LIGHTING {joomplucat:21 limit=4|columns=4} ACONDICIONING OF A BLOCK OF O SINDE VELLO FOR LOCAL ASSOCIATIONS {joomplucat:22 limit=4|columns=4} MUSEUM OF THE SEA IN &hellip;\" \/>\n<meta property=\"og:url\" content=\"https:\/\/www.aguarda.es\/en\/municipal-services\/highways-and-works\/completed-works\/\" \/>\n<meta property=\"og:site_name\" content=\"Concello da Guarda\" \/>\n<meta property=\"article:publisher\" content=\"https:\/\/www.facebook.com\/ConcellodaGuarda\" \/>\n<meta property=\"og:image\" content=\"https:\/\/www.aguarda.es\/wp-content\/uploads\/2017\/06\/escudo-full-2.jpg\" \/>\n\t<meta property=\"og:image:width\" content=\"1135\" \/>\n\t<meta property=\"og:image:height\" content=\"712\" \/>\n\t<meta property=\"og:image:type\" content=\"image\/jpeg\" \/>\n<meta name=\"twitter:card\" content=\"summary_large_image\" \/>\n<meta name=\"twitter:site\" content=\"@AGuarda_es\" \/>\n<meta name=\"twitter:label1\" content=\"Est. reading time\" \/>\n\t<meta name=\"twitter:data1\" content=\"1 minute\" \/>\n<script type=\"application\/ld+json\" class=\"yoast-schema-graph\">{\"@context\":\"https:\/\/schema.org\",\"@graph\":[{\"@type\":\"WebPage\",\"@id\":\"https:\/\/www.aguarda.es\/en\/municipal-services\/highways-and-works\/completed-works\/\",\"url\":\"https:\/\/www.aguarda.es\/en\/municipal-services\/highways-and-works\/completed-works\/\",\"name\":\"Completed Works - Concello da Guarda\",\"isPartOf\":{\"@id\":\"https:\/\/www.aguarda.es\/en\/#website\"},\"datePublished\":\"2019-02-13T10:43:43+00:00\",\"dateModified\":\"2019-02-13T10:43:43+00:00\",\"breadcrumb\":{\"@id\":\"https:\/\/www.aguarda.es\/en\/municipal-services\/highways-and-works\/completed-works\/#breadcrumb\"},\"inLanguage\":\"en-US\",\"potentialAction\":[{\"@type\":\"ReadAction\",\"target\":[\"https:\/\/www.aguarda.es\/en\/municipal-services\/highways-and-works\/completed-works\/\"]}]},{\"@type\":\"BreadcrumbList\",\"@id\":\"https:\/\/www.aguarda.es\/en\/municipal-services\/highways-and-works\/completed-works\/#breadcrumb\",\"itemListElement\":[{\"@type\":\"ListItem\",\"position\":1,\"name\":\"Portada\",\"item\":\"https:\/\/www.aguarda.es\/en\/\"},{\"@type\":\"ListItem\",\"position\":2,\"name\":\"Municipal services\",\"item\":\"https:\/\/www.aguarda.es\/en\/municipal-services\/\"},{\"@type\":\"ListItem\",\"position\":3,\"name\":\"Highways and Works\",\"item\":\"https:\/\/www.aguarda.es\/en\/municipal-services\/highways-and-works\/\"},{\"@type\":\"ListItem\",\"position\":4,\"name\":\"Completed Works\"}]},{\"@type\":\"WebSite\",\"@id\":\"https:\/\/www.aguarda.es\/en\/#website\",\"url\":\"https:\/\/www.aguarda.es\/en\/\",\"name\":\"Concello da Guarda\",\"description\":\"P\u00e1xina web do concello da Guarda\",\"potentialAction\":[{\"@type\":\"SearchAction\",\"target\":{\"@type\":\"EntryPoint\",\"urlTemplate\":\"https:\/\/www.aguarda.es\/en\/?s={search_term_string}\"},\"query-input\":\"required name=search_term_string\"}],\"inLanguage\":\"en-US\"}]}<\/script>\n<!-- \/ Yoast SEO plugin. -->","yoast_head_json":{"title":"Completed Works - Concello da Guarda","robots":{"index":"index","follow":"follow","max-snippet":"max-snippet:-1","max-image-preview":"max-image-preview:large","max-video-preview":"max-video-preview:-1"},"canonical":"https:\/\/www.aguarda.es\/en\/municipal-services\/highways-and-works\/completed-works\/","og_locale":"en_US","og_type":"article","og_title":"Completed Works - Concello da Guarda","og_description":"PAVILION&#8217;S NEW COV {joomplucat:18 limit=4|columns=4} \u00a0CHANGING ROOMS OF THE PAVILION {joomplucat:20 limit=4|columns=4} PAVING, PAINTING AND IMPROVEMENT OF MUNICIPAL ESTADIUM LIGHTING {joomplucat:21 limit=4|columns=4} ACONDICIONING OF A BLOCK OF O SINDE VELLO FOR LOCAL ASSOCIATIONS {joomplucat:22 limit=4|columns=4} MUSEUM OF THE SEA IN &hellip;","og_url":"https:\/\/www.aguarda.es\/en\/municipal-services\/highways-and-works\/completed-works\/","og_site_name":"Concello da Guarda","article_publisher":"https:\/\/www.facebook.com\/ConcellodaGuarda","og_image":[{"width":1135,"height":712,"url":"https:\/\/www.aguarda.es\/wp-content\/uploads\/2017\/06\/escudo-full-2.jpg","type":"image\/jpeg"}],"twitter_card":"summary_large_image","twitter_site":"@AGuarda_es","twitter_misc":{"Est. reading time":"1 minute"},"schema":{"@context":"https:\/\/schema.org","@graph":[{"@type":"WebPage","@id":"https:\/\/www.aguarda.es\/en\/municipal-services\/highways-and-works\/completed-works\/","url":"https:\/\/www.aguarda.es\/en\/municipal-services\/highways-and-works\/completed-works\/","name":"Completed Works - Concello da Guarda","isPartOf":{"@id":"https:\/\/www.aguarda.es\/en\/#website"},"datePublished":"2019-02-13T10:43:43+00:00","dateModified":"2019-02-13T10:43:43+00:00","breadcrumb":{"@id":"https:\/\/www.aguarda.es\/en\/municipal-services\/highways-and-works\/completed-works\/#breadcrumb"},"inLanguage":"en-US","potentialAction":[{"@type":"ReadAction","target":["https:\/\/www.aguarda.es\/en\/municipal-services\/highways-and-works\/completed-works\/"]}]},{"@type":"BreadcrumbList","@id":"https:\/\/www.aguarda.es\/en\/municipal-services\/highways-and-works\/completed-works\/#breadcrumb","itemListElement":[{"@type":"ListItem","position":1,"name":"Portada","item":"https:\/\/www.aguarda.es\/en\/"},{"@type":"ListItem","position":2,"name":"Municipal services","item":"https:\/\/www.aguarda.es\/en\/municipal-services\/"},{"@type":"ListItem","position":3,"name":"Highways and Works","item":"https:\/\/www.aguarda.es\/en\/municipal-services\/highways-and-works\/"},{"@type":"ListItem","position":4,"name":"Completed Works"}]},{"@type":"WebSite","@id":"https:\/\/www.aguarda.es\/en\/#website","url":"https:\/\/www.aguarda.es\/en\/","name":"Concello da Guarda","description":"P\u00e1xina web do concello da Guarda","potentialAction":[{"@type":"SearchAction","target":{"@type":"EntryPoint","urlTemplate":"https:\/\/www.aguarda.es\/en\/?s={search_term_string}"},"query-input":"required name=search_term_string"}],"inLanguage":"en-US"}]}},"_links":{"self":[{"href":"https:\/\/www.aguarda.es\/en\/wp-json\/wp\/v2\/pages\/16775"}],"collection":[{"href":"https:\/\/www.aguarda.es\/en\/wp-json\/wp\/v2\/pages"}],"about":[{"href":"https:\/\/www.aguarda.es\/en\/wp-json\/wp\/v2\/types\/page"}],"author":[{"embeddable":true,"href":"https:\/\/www.aguarda.es\/en\/wp-json\/wp\/v2\/users\/1"}],"replies":[{"embeddable":true,"href":"https:\/\/www.aguarda.es\/en\/wp-json\/wp\/v2\/comments?post=16775"}],"version-history":[{"count":0,"href":"https:\/\/www.aguarda.es\/en\/wp-json\/wp\/v2\/pages\/16775\/revisions"}],"up":[{"embeddable":true,"href":"https:\/\/www.aguarda.es\/en\/wp-json\/wp\/v2\/pages\/16776"}],"wp:attachment":[{"href":"https:\/\/www.aguarda.es\/en\/wp-json\/wp\/v2\/media?parent=16775"}],"curies":[{"name":"wp","href":"https:\/\/api.w.org\/{rel}","templated":true}]}}