{"id":16776,"date":"2019-02-13T10:48:18","date_gmt":"2019-02-13T10:48:18","guid":{"rendered":"https:\/\/www.aguarda.es\/municipal-services\/highways-and-works\/"},"modified":"2019-02-13T10:48:40","modified_gmt":"2019-02-13T10:48:40","slug":"highways-and-works","status":"publish","type":"page","link":"https:\/\/www.aguarda.es\/en\/municipal-services\/highways-and-works\/","title":{"rendered":"Highways and Works"},"content":{"rendered":"<p>[vc_row][vc_column][vc_column_text el_class=&#8221;datos-de-contacto&#8221;]Praza do Rel\u00f3 1, A Guarda, Postalcode36780<br \/>\n<strong>Phone:<\/strong>\u00a0<a href=\"tel:0034986610000\">986 610 000<\/a><br \/>\n<strong>Email:<\/strong>\u00a0<a href=\"mailto:viaseobras@aguarda.es\">viaseobras@aguarda.es<\/a><br \/>\n<strong>Fax:<\/strong>\u00a0986 610 283[\/vc_column_text][vc_column_text]<\/p>\n<p style=\"text-align: left;\">From Highways and Works Councillorship we are carrying out several actuations on the different streets and paths of our Council aimed at improving their status and providing them with the necessary services.<\/p>\n<p style=\"text-align: left;\">On this matter we have undertaken humanization works on several streets of the helmet but also in the different neighborhood ways. The latter with the main purpose of improving water sanitation and supply networks while we use to provide them with networks and thus reduce the water input to the sewage treatment plant and therefore the expense.<\/p>\n<p style=\"text-align: left;\">In the same way we have undertaken works aimed to improve our parks, sport, cultural and social installations and even the creation of other new ones as you can see inside this site.<\/p>\n<p style=\"text-align: left;\">The purpose of this councillorship is to continue working in this direction and for it we have several projects that will be executed throughout this year and that we relate in the section of committed works.<\/p>\n<p style=\"text-align: left;\">We would like to take this opportunity to apologize for the bothers that the execution of these works are causing and appreciate your understanding.<\/p>\n<p>Thank you.<\/p>\n<p style=\"text-align: right;\">The Councilor of Highways and Works<br \/>\nMiguel A. Espa\u00f1ol Otero<\/p>\n<p>[\/vc_column_text][\/vc_column][\/vc_row][vc_row][vc_column]<div class=\"thim-widget-carousel-post\">\t<div class=\"thim-owl-carousel-post thim-carousel-wrapper\" data-visible=\"3\"\n\t     data-pagination=\"0\" data-navigation=\"1\" data-autoplay=\"0\">\n\t\t\t\t\t<div class=\"item\">\n\t\t\t\t\t\t\t\t<div class=\"image\">\n\t\t\t\t\t<a href=\"https:\/\/www.aguarda.es\/en\/o-concello-da-guarda-avanza-na-prolongacion-da-rua-baixo-muro\/\">\n\t\t\t\t\t\t<img src=\"https:\/\/www.aguarda.es\/wp-content\/uploads\/2026\/04\/prolongacion-baixo-muro-450x267.jpg\" alt=\"O Concello da Guarda avanza na prolongaci\u00f3n da  r\u00faa Baixo Muro\" title=\"Prolongacion Baixo Muro\"  width=\"450\" height=\"267\">\t\t\t\t\t<\/a>\n\t\t\t\t<\/div>\n\t\t\t\t<div class=\"content\">\n\t\t\t\t\t<div class=\"info\">\n\t\t\t\t\t\t<div class=\"author\">\n\t\t\t\t\t\t\t<span>prensa<\/span>\t\t\t\t\t\t<\/div>\n\t\t\t\t\t\t<div class=\"date\">\n\t\t\t\t\t\t\t23 April, 2026\t\t\t\t\t\t<\/div>\n\t\t\t\t\t<\/div>\n\t\t\t\t\t<h4 class=\"title\">\n\t\t\t\t\t\t<a href=\"https:\/\/www.aguarda.es\/en\/o-concello-da-guarda-avanza-na-prolongacion-da-rua-baixo-muro\/\">O Concello da Guarda avanza na prolongaci\u00f3n da  r\u00faa Baixo Muro<\/a>\n\t\t\t\t\t<\/h4>\n\t\t\t\t<\/div>\n\t\t\t<\/div>\n\t\t\t\t\t\t<div class=\"item\">\n\t\t\t\t\t\t\t\t<div class=\"image\">\n\t\t\t\t\t<a href=\"https:\/\/www.aguarda.es\/en\/a-guarda-recupera-o-entorno-da-igrexa-para-mellorar-o-acceso-de-persoas-e-vehiculos\/\">\n\t\t\t\t\t\t<img src=\"https:\/\/www.aguarda.es\/wp-content\/uploads\/2026\/04\/WhatsApp-Image-2026-04-22-at-13.11.52-450x267.jpeg\" alt=\"A Guarda recupera o entorno da igrexa para mellorar o acceso de persoas e veh\u00edculos\" title=\"WhatsApp Image 2026 04 22 At 13.11.52\"  width=\"450\" height=\"267\">\t\t\t\t\t<\/a>\n\t\t\t\t<\/div>\n\t\t\t\t<div class=\"content\">\n\t\t\t\t\t<div class=\"info\">\n\t\t\t\t\t\t<div class=\"author\">\n\t\t\t\t\t\t\t<span>prensa<\/span>\t\t\t\t\t\t<\/div>\n\t\t\t\t\t\t<div class=\"date\">\n\t\t\t\t\t\t\t22 April, 2026\t\t\t\t\t\t<\/div>\n\t\t\t\t\t<\/div>\n\t\t\t\t\t<h4 class=\"title\">\n\t\t\t\t\t\t<a href=\"https:\/\/www.aguarda.es\/en\/a-guarda-recupera-o-entorno-da-igrexa-para-mellorar-o-acceso-de-persoas-e-vehiculos\/\">A Guarda recupera o entorno da igrexa para mellorar o acceso de persoas e veh\u00edculos<\/a>\n\t\t\t\t\t<\/h4>\n\t\t\t\t<\/div>\n\t\t\t<\/div>\n\t\t\t\t\t\t<div class=\"item\">\n\t\t\t\t\t\t\t\t<div class=\"image\">\n\t\t\t\t\t<a href=\"https:\/\/www.aguarda.es\/en\/o-concello-conta-con-10-novos-peons-a-traves-do-plan-provincia\/\">\n\t\t\t\t\t\t<img src=\"https:\/\/www.aguarda.es\/wp-content\/uploads\/2026\/04\/Peons-1-450x267.jpeg\" alt=\"O Concello conta con 10 novos pe\u00f3ns a trav\u00e9s do Plan +Provincia\" title=\"Peons (1)\"  width=\"450\" height=\"267\">\t\t\t\t\t<\/a>\n\t\t\t\t<\/div>\n\t\t\t\t<div class=\"content\">\n\t\t\t\t\t<div class=\"info\">\n\t\t\t\t\t\t<div class=\"author\">\n\t\t\t\t\t\t\t<span>prensa<\/span>\t\t\t\t\t\t<\/div>\n\t\t\t\t\t\t<div class=\"date\">\n\t\t\t\t\t\t\t10 April, 2026\t\t\t\t\t\t<\/div>\n\t\t\t\t\t<\/div>\n\t\t\t\t\t<h4 class=\"title\">\n\t\t\t\t\t\t<a href=\"https:\/\/www.aguarda.es\/en\/o-concello-conta-con-10-novos-peons-a-traves-do-plan-provincia\/\">O Concello conta con 10 novos pe\u00f3ns a trav\u00e9s do Plan +Provincia<\/a>\n\t\t\t\t\t<\/h4>\n\t\t\t\t<\/div>\n\t\t\t<\/div>\n\t\t\t\t\t\t<div class=\"item\">\n\t\t\t\t\t\t\t\t<div class=\"image\">\n\t\t\t\t\t<a href=\"https:\/\/www.aguarda.es\/en\/a-xunta-licita-a-senda-peonil-entre-a-guarda-e-camposancos\/\">\n\t\t\t\t\t\t<img src=\"https:\/\/www.aguarda.es\/wp-content\/uploads\/2026\/03\/Licitacion-senda-peonil-Camposancos-1-450x267.jpeg\" alt=\"A Xunta licita a senda peonil entre A Guarda e Camposancos\" title=\"Licitaci\u00f3n Senda Peonil Camposancos (1)\"  width=\"450\" height=\"267\">\t\t\t\t\t<\/a>\n\t\t\t\t<\/div>\n\t\t\t\t<div class=\"content\">\n\t\t\t\t\t<div class=\"info\">\n\t\t\t\t\t\t<div class=\"author\">\n\t\t\t\t\t\t\t<span>prensa<\/span>\t\t\t\t\t\t<\/div>\n\t\t\t\t\t\t<div class=\"date\">\n\t\t\t\t\t\t\t18 March, 2026\t\t\t\t\t\t<\/div>\n\t\t\t\t\t<\/div>\n\t\t\t\t\t<h4 class=\"title\">\n\t\t\t\t\t\t<a href=\"https:\/\/www.aguarda.es\/en\/a-xunta-licita-a-senda-peonil-entre-a-guarda-e-camposancos\/\">A Xunta licita a senda peonil entre A Guarda e Camposancos<\/a>\n\t\t\t\t\t<\/h4>\n\t\t\t\t<\/div>\n\t\t\t<\/div>\n\t\t\t\t\t\t<div class=\"item\">\n\t\t\t\t\t\t\t\t<div class=\"image\">\n\t\t\t\t\t<a href=\"https:\/\/www.aguarda.es\/en\/o-alcalde-explica-a-situacion-das-obras-de-mellora-do-campo-de-futbol-da-sangrina\/\">\n\t\t\t\t\t\t<img src=\"https:\/\/www.aguarda.es\/wp-content\/uploads\/2026\/03\/Obras-cmapo-de-futbol-1-450x267.jpeg\" alt=\"O alcalde explica a situaci\u00f3n das obras de mellora do campo de f\u00fatbol da Sangri\u00f1a\" title=\"Obras Cmapo De F\u00fatbol (1)\"  width=\"450\" height=\"267\">\t\t\t\t\t<\/a>\n\t\t\t\t<\/div>\n\t\t\t\t<div class=\"content\">\n\t\t\t\t\t<div class=\"info\">\n\t\t\t\t\t\t<div class=\"author\">\n\t\t\t\t\t\t\t<span>prensa<\/span>\t\t\t\t\t\t<\/div>\n\t\t\t\t\t\t<div class=\"date\">\n\t\t\t\t\t\t\t12 March, 2026\t\t\t\t\t\t<\/div>\n\t\t\t\t\t<\/div>\n\t\t\t\t\t<h4 class=\"title\">\n\t\t\t\t\t\t<a href=\"https:\/\/www.aguarda.es\/en\/o-alcalde-explica-a-situacion-das-obras-de-mellora-do-campo-de-futbol-da-sangrina\/\">O alcalde explica a situaci\u00f3n das obras de mellora do campo de f\u00fatbol da Sangri\u00f1a<\/a>\n\t\t\t\t\t<\/h4>\n\t\t\t\t<\/div>\n\t\t\t<\/div>\n\t\t\t\t\t\t<div class=\"item\">\n\t\t\t\t\t\t\t\t<div class=\"image\">\n\t\t\t\t\t<a href=\"https:\/\/www.aguarda.es\/en\/as-obra-da-rua-rosalia-de-castro-buscan-a-mellora-seguridade-peonil-e-de-usuarios-da-alameda\/\">\n\t\t\t\t\t\t<img src=\"https:\/\/www.aguarda.es\/wp-content\/uploads\/2026\/02\/obras-rua-Rosalia-de-Castro-450x267.jpeg\" alt=\"As obra da r\u00faa Rosal\u00eda de Castro buscan a mellora seguridade peonil e de usuarios da Alameda\" title=\"Obras R\u00faa Rosal\u00eda De Castro\"  width=\"450\" height=\"267\">\t\t\t\t\t<\/a>\n\t\t\t\t<\/div>\n\t\t\t\t<div class=\"content\">\n\t\t\t\t\t<div class=\"info\">\n\t\t\t\t\t\t<div class=\"author\">\n\t\t\t\t\t\t\t<span>prensa<\/span>\t\t\t\t\t\t<\/div>\n\t\t\t\t\t\t<div class=\"date\">\n\t\t\t\t\t\t\t27 February, 2026\t\t\t\t\t\t<\/div>\n\t\t\t\t\t<\/div>\n\t\t\t\t\t<h4 class=\"title\">\n\t\t\t\t\t\t<a href=\"https:\/\/www.aguarda.es\/en\/as-obra-da-rua-rosalia-de-castro-buscan-a-mellora-seguridade-peonil-e-de-usuarios-da-alameda\/\">As obra da r\u00faa Rosal\u00eda de Castro buscan a mellora seguridade peonil e de usuarios da Alameda<\/a>\n\t\t\t\t\t<\/h4>\n\t\t\t\t<\/div>\n\t\t\t<\/div>\n\t\t\t\t<\/div>\n\n\t<\/div>[\/vc_column][\/vc_row][vc_row][vc_column][\/vc_column][\/vc_row]<\/p>\n","protected":false},"excerpt":{"rendered":"<p>[vc_row][vc_column][vc_column_text el_class=&#8221;datos-de-contacto&#8221;]Praza do Rel\u00f3 1, A Guarda, Postalcode36780 Phone:\u00a0986 610 000 Email:\u00a0viaseobras@aguarda.es Fax:\u00a0986 610 283[\/vc_column_text][vc_column_text] From Highways and Works Councillorship we are carrying out several actuations on the different streets and paths of our Council aimed at improving their status &hellip; <\/p>\n","protected":false},"author":1,"featured_media":0,"parent":16557,"menu_order":0,"comment_status":"closed","ping_status":"closed","template":"","meta":[],"yoast_head":"<!-- This site is optimized with the Yoast SEO plugin v21.1 - https:\/\/yoast.com\/wordpress\/plugins\/seo\/ -->\n<title>Highways and Works - Concello da Guarda<\/title>\n<meta name=\"robots\" content=\"index, follow, max-snippet:-1, max-image-preview:large, max-video-preview:-1\" \/>\n<link rel=\"canonical\" href=\"https:\/\/www.aguarda.es\/en\/municipal-services\/highways-and-works\/\" \/>\n<meta property=\"og:locale\" content=\"en_US\" \/>\n<meta property=\"og:type\" content=\"article\" \/>\n<meta property=\"og:title\" content=\"Highways and Works - Concello da Guarda\" \/>\n<meta property=\"og:description\" content=\"[vc_row][vc_column][vc_column_text el_class=&#8221;datos-de-contacto&#8221;]Praza do Rel\u00f3 1, A Guarda, Postalcode36780 Phone:\u00a0986 610 000 Email:\u00a0viaseobras@aguarda.es Fax:\u00a0986 610 283[\/vc_column_text][vc_column_text] From Highways and Works Councillorship we are carrying out several actuations on the different streets and paths of our Council aimed at improving their status &hellip;\" \/>\n<meta property=\"og:url\" content=\"https:\/\/www.aguarda.es\/en\/municipal-services\/highways-and-works\/\" \/>\n<meta property=\"og:site_name\" content=\"Concello da Guarda\" \/>\n<meta property=\"article:publisher\" content=\"https:\/\/www.facebook.com\/ConcellodaGuarda\" \/>\n<meta property=\"article:modified_time\" content=\"2019-02-13T10:48:40+00:00\" \/>\n<meta property=\"og:image\" content=\"https:\/\/www.aguarda.es\/wp-content\/uploads\/2017\/06\/escudo-full-2.jpg\" \/>\n\t<meta property=\"og:image:width\" content=\"1135\" \/>\n\t<meta property=\"og:image:height\" content=\"712\" \/>\n\t<meta property=\"og:image:type\" content=\"image\/jpeg\" \/>\n<meta name=\"twitter:card\" content=\"summary_large_image\" \/>\n<meta name=\"twitter:site\" content=\"@AGuarda_es\" \/>\n<meta name=\"twitter:label1\" content=\"Est. reading time\" \/>\n\t<meta name=\"twitter:data1\" content=\"1 minute\" \/>\n<script type=\"application\/ld+json\" class=\"yoast-schema-graph\">{\"@context\":\"https:\/\/schema.org\",\"@graph\":[{\"@type\":\"WebPage\",\"@id\":\"https:\/\/www.aguarda.es\/en\/municipal-services\/highways-and-works\/\",\"url\":\"https:\/\/www.aguarda.es\/en\/municipal-services\/highways-and-works\/\",\"name\":\"Highways and Works - Concello da Guarda\",\"isPartOf\":{\"@id\":\"https:\/\/www.aguarda.es\/en\/#website\"},\"datePublished\":\"2019-02-13T10:48:18+00:00\",\"dateModified\":\"2019-02-13T10:48:40+00:00\",\"breadcrumb\":{\"@id\":\"https:\/\/www.aguarda.es\/en\/municipal-services\/highways-and-works\/#breadcrumb\"},\"inLanguage\":\"en-US\",\"potentialAction\":[{\"@type\":\"ReadAction\",\"target\":[\"https:\/\/www.aguarda.es\/en\/municipal-services\/highways-and-works\/\"]}]},{\"@type\":\"BreadcrumbList\",\"@id\":\"https:\/\/www.aguarda.es\/en\/municipal-services\/highways-and-works\/#breadcrumb\",\"itemListElement\":[{\"@type\":\"ListItem\",\"position\":1,\"name\":\"Portada\",\"item\":\"https:\/\/www.aguarda.es\/en\/\"},{\"@type\":\"ListItem\",\"position\":2,\"name\":\"Municipal services\",\"item\":\"https:\/\/www.aguarda.es\/en\/municipal-services\/\"},{\"@type\":\"ListItem\",\"position\":3,\"name\":\"Highways and Works\"}]},{\"@type\":\"WebSite\",\"@id\":\"https:\/\/www.aguarda.es\/en\/#website\",\"url\":\"https:\/\/www.aguarda.es\/en\/\",\"name\":\"Concello da Guarda\",\"description\":\"P\u00e1xina web do concello da Guarda\",\"potentialAction\":[{\"@type\":\"SearchAction\",\"target\":{\"@type\":\"EntryPoint\",\"urlTemplate\":\"https:\/\/www.aguarda.es\/en\/?s={search_term_string}\"},\"query-input\":\"required name=search_term_string\"}],\"inLanguage\":\"en-US\"}]}<\/script>\n<!-- \/ Yoast SEO plugin. -->","yoast_head_json":{"title":"Highways and Works - Concello da Guarda","robots":{"index":"index","follow":"follow","max-snippet":"max-snippet:-1","max-image-preview":"max-image-preview:large","max-video-preview":"max-video-preview:-1"},"canonical":"https:\/\/www.aguarda.es\/en\/municipal-services\/highways-and-works\/","og_locale":"en_US","og_type":"article","og_title":"Highways and Works - Concello da Guarda","og_description":"[vc_row][vc_column][vc_column_text el_class=&#8221;datos-de-contacto&#8221;]Praza do Rel\u00f3 1, A Guarda, Postalcode36780 Phone:\u00a0986 610 000 Email:\u00a0viaseobras@aguarda.es Fax:\u00a0986 610 283[\/vc_column_text][vc_column_text] From Highways and Works Councillorship we are carrying out several actuations on the different streets and paths of our Council aimed at improving their status &hellip;","og_url":"https:\/\/www.aguarda.es\/en\/municipal-services\/highways-and-works\/","og_site_name":"Concello da Guarda","article_publisher":"https:\/\/www.facebook.com\/ConcellodaGuarda","article_modified_time":"2019-02-13T10:48:40+00:00","og_image":[{"width":1135,"height":712,"url":"https:\/\/www.aguarda.es\/wp-content\/uploads\/2017\/06\/escudo-full-2.jpg","type":"image\/jpeg"}],"twitter_card":"summary_large_image","twitter_site":"@AGuarda_es","twitter_misc":{"Est. reading time":"1 minute"},"schema":{"@context":"https:\/\/schema.org","@graph":[{"@type":"WebPage","@id":"https:\/\/www.aguarda.es\/en\/municipal-services\/highways-and-works\/","url":"https:\/\/www.aguarda.es\/en\/municipal-services\/highways-and-works\/","name":"Highways and Works - Concello da Guarda","isPartOf":{"@id":"https:\/\/www.aguarda.es\/en\/#website"},"datePublished":"2019-02-13T10:48:18+00:00","dateModified":"2019-02-13T10:48:40+00:00","breadcrumb":{"@id":"https:\/\/www.aguarda.es\/en\/municipal-services\/highways-and-works\/#breadcrumb"},"inLanguage":"en-US","potentialAction":[{"@type":"ReadAction","target":["https:\/\/www.aguarda.es\/en\/municipal-services\/highways-and-works\/"]}]},{"@type":"BreadcrumbList","@id":"https:\/\/www.aguarda.es\/en\/municipal-services\/highways-and-works\/#breadcrumb","itemListElement":[{"@type":"ListItem","position":1,"name":"Portada","item":"https:\/\/www.aguarda.es\/en\/"},{"@type":"ListItem","position":2,"name":"Municipal services","item":"https:\/\/www.aguarda.es\/en\/municipal-services\/"},{"@type":"ListItem","position":3,"name":"Highways and Works"}]},{"@type":"WebSite","@id":"https:\/\/www.aguarda.es\/en\/#website","url":"https:\/\/www.aguarda.es\/en\/","name":"Concello da Guarda","description":"P\u00e1xina web do concello da Guarda","potentialAction":[{"@type":"SearchAction","target":{"@type":"EntryPoint","urlTemplate":"https:\/\/www.aguarda.es\/en\/?s={search_term_string}"},"query-input":"required name=search_term_string"}],"inLanguage":"en-US"}]}},"_links":{"self":[{"href":"https:\/\/www.aguarda.es\/en\/wp-json\/wp\/v2\/pages\/16776"}],"collection":[{"href":"https:\/\/www.aguarda.es\/en\/wp-json\/wp\/v2\/pages"}],"about":[{"href":"https:\/\/www.aguarda.es\/en\/wp-json\/wp\/v2\/types\/page"}],"author":[{"embeddable":true,"href":"https:\/\/www.aguarda.es\/en\/wp-json\/wp\/v2\/users\/1"}],"replies":[{"embeddable":true,"href":"https:\/\/www.aguarda.es\/en\/wp-json\/wp\/v2\/comments?post=16776"}],"version-history":[{"count":1,"href":"https:\/\/www.aguarda.es\/en\/wp-json\/wp\/v2\/pages\/16776\/revisions"}],"predecessor-version":[{"id":16777,"href":"https:\/\/www.aguarda.es\/en\/wp-json\/wp\/v2\/pages\/16776\/revisions\/16777"}],"up":[{"embeddable":true,"href":"https:\/\/www.aguarda.es\/en\/wp-json\/wp\/v2\/pages\/16557"}],"wp:attachment":[{"href":"https:\/\/www.aguarda.es\/en\/wp-json\/wp\/v2\/media?parent=16776"}],"curies":[{"name":"wp","href":"https:\/\/api.w.org\/{rel}","templated":true}]}}