{"id":16802,"date":"2019-02-13T12:47:43","date_gmt":"2019-02-13T12:47:43","guid":{"rendered":"https:\/\/www.aguarda.es\/municipal-services\/education\/"},"modified":"2019-06-06T10:22:24","modified_gmt":"2019-06-06T10:22:24","slug":"education","status":"publish","type":"page","link":"https:\/\/www.aguarda.es\/en\/municipal-services\/education\/","title":{"rendered":"Education"},"content":{"rendered":"<p>[vc_row][vc_column][vc_column_text el_class=&#8221;datos-de-contacto&#8221;]<\/p>\n<ul>\n<li>Praza do Rel\u00f3 1, A Guarda, Postalcode 36780<\/li>\n<li><strong>Phone:<\/strong>\u00a0<a href=\"tel:0034986610000\">986 610 000<\/a><\/li>\n<li><strong>Email:<\/strong>\u00a0<a href=\"mailto:educacion@aguarda.es\">educacion@aguarda.es<\/a><\/li>\n<li><strong>Fax:<\/strong>\u00a0986 610 283<\/li>\n<\/ul>\n<p>[\/vc_column_text][vc_column_text]<br \/>\nOne of the main commitments of the Education Department of A Guarda Council is to meet the demands of the Educational Centers and work in coordination with them to ensure that the schools and their facilities are and are maintained in perfect condition.<\/p>\n<p>We also want to collaborate with the educational task carries out by the teaching centers, organizing and participating in different didactic activities: theater, exhibitions, workshops, etc.<\/p>\n<p>The Council is the responsible for convening the Municipal School Board, the forum where the educational issues affecting the whole town are addressed. Among all the agents involved in education, we have the responsibility to provide content to this advisory body.<\/p>\n<p>It is also a responsibility that the administration should not elude, offer training to people who are no longer in school age but who need it, to obtain a degree that gives them access to the workplace or simply because they want to improve their training, the adult school.<\/p>\n<p>The Municipal Conservatory, which we must pumper and promote, depends directly on the Council, and represents the only opportunity for many children of a town such as ours, far from the big cities, to start in the music world.<br \/>\n[\/vc_column_text][\/vc_column][\/vc_row][vc_row][vc_column]<div class=\"thim-widget-carousel-post\"><h3 class=\"widget-title\">Latest News<\/h3>\t<div class=\"thim-owl-carousel-post thim-carousel-wrapper\" data-visible=\"3\"\n\t     data-pagination=\"0\" data-navigation=\"1\" data-autoplay=\"0\">\n\t\t\t\t\t<div class=\"item\">\n\t\t\t\t\t\t\t\t<div class=\"image\">\n\t\t\t\t\t<a href=\"https:\/\/www.aguarda.es\/en\/este-domingo-disputase-o-iii-trofeo-ciclista-aser-estevez-na-gandara\/\">\n\t\t\t\t\t\t<img src=\"https:\/\/www.aguarda.es\/wp-content\/uploads\/2026\/04\/Cartel-proba-ciclista-450x267.jpg\" alt=\"Este domingo disp\u00fatase o III Trofeo Ciclista Aser Est\u00e9vez na G\u00e1ndara\" title=\"Cartel Proba Ciclista\"  width=\"450\" height=\"267\">\t\t\t\t\t<\/a>\n\t\t\t\t<\/div>\n\t\t\t\t<div class=\"content\">\n\t\t\t\t\t<div class=\"info\">\n\t\t\t\t\t\t<div class=\"author\">\n\t\t\t\t\t\t\t<span>prensa<\/span>\t\t\t\t\t\t<\/div>\n\t\t\t\t\t\t<div class=\"date\">\n\t\t\t\t\t\t\t16 April, 2026\t\t\t\t\t\t<\/div>\n\t\t\t\t\t<\/div>\n\t\t\t\t\t<h4 class=\"title\">\n\t\t\t\t\t\t<a href=\"https:\/\/www.aguarda.es\/en\/este-domingo-disputase-o-iii-trofeo-ciclista-aser-estevez-na-gandara\/\">Este domingo disp\u00fatase o III Trofeo Ciclista Aser Est\u00e9vez na G\u00e1ndara<\/a>\n\t\t\t\t\t<\/h4>\n\t\t\t\t<\/div>\n\t\t\t<\/div>\n\t\t\t\t\t\t<div class=\"item\">\n\t\t\t\t\t\t\t\t<div class=\"image\">\n\t\t\t\t\t<a href=\"https:\/\/www.aguarda.es\/en\/o-vidoc-volve-a-guarda-en-maio-para-a-renovacion-de-dni-e-pasaporte\/\">\n\t\t\t\t\t\t<img src=\"https:\/\/www.aguarda.es\/wp-content\/uploads\/2026\/04\/DNI-450x267.jpg\" alt=\"O VIDOC volve \u00e1 Guarda en maio para a renovaci\u00f3n de DNI e pasaporte\" title=\"DNI\"  width=\"450\" height=\"267\">\t\t\t\t\t<\/a>\n\t\t\t\t<\/div>\n\t\t\t\t<div class=\"content\">\n\t\t\t\t\t<div class=\"info\">\n\t\t\t\t\t\t<div class=\"author\">\n\t\t\t\t\t\t\t<span>prensa<\/span>\t\t\t\t\t\t<\/div>\n\t\t\t\t\t\t<div class=\"date\">\n\t\t\t\t\t\t\t16 April, 2026\t\t\t\t\t\t<\/div>\n\t\t\t\t\t<\/div>\n\t\t\t\t\t<h4 class=\"title\">\n\t\t\t\t\t\t<a href=\"https:\/\/www.aguarda.es\/en\/o-vidoc-volve-a-guarda-en-maio-para-a-renovacion-de-dni-e-pasaporte\/\">O VIDOC volve \u00e1 Guarda en maio para a renovaci\u00f3n de DNI e pasaporte<\/a>\n\t\t\t\t\t<\/h4>\n\t\t\t\t<\/div>\n\t\t\t<\/div>\n\t\t\t\t\t\t<div class=\"item\">\n\t\t\t\t\t\t\t\t<div class=\"image\">\n\t\t\t\t\t<a href=\"https:\/\/www.aguarda.es\/en\/o-concello-da-guarda-imparte-unha-nova-charla-informativa-sobre-a-compostaxe\/\">\n\t\t\t\t\t\t<img src=\"https:\/\/www.aguarda.es\/wp-content\/uploads\/2026\/04\/Charlas-compostaxe-450x267.jpg\" alt=\"O Concello da Guarda imparte unha nova charla informativa sobre a compostaxe\" title=\"Charlas Compostaxe\"  width=\"450\" height=\"267\">\t\t\t\t\t<\/a>\n\t\t\t\t<\/div>\n\t\t\t\t<div class=\"content\">\n\t\t\t\t\t<div class=\"info\">\n\t\t\t\t\t\t<div class=\"author\">\n\t\t\t\t\t\t\t<span>prensa<\/span>\t\t\t\t\t\t<\/div>\n\t\t\t\t\t\t<div class=\"date\">\n\t\t\t\t\t\t\t15 April, 2026\t\t\t\t\t\t<\/div>\n\t\t\t\t\t<\/div>\n\t\t\t\t\t<h4 class=\"title\">\n\t\t\t\t\t\t<a href=\"https:\/\/www.aguarda.es\/en\/o-concello-da-guarda-imparte-unha-nova-charla-informativa-sobre-a-compostaxe\/\">O Concello da Guarda imparte unha nova charla informativa sobre a compostaxe<\/a>\n\t\t\t\t\t<\/h4>\n\t\t\t\t<\/div>\n\t\t\t<\/div>\n\t\t\t\t\t\t<div class=\"item\">\n\t\t\t\t\t\t\t\t<div class=\"image\">\n\t\t\t\t\t<a href=\"https:\/\/www.aguarda.es\/en\/o-monte-trega-decidira-este-sabado-o-ganador-do-gran-camino\/\">\n\t\t\t\t\t\t<img src=\"https:\/\/www.aguarda.es\/wp-content\/uploads\/2026\/04\/O-gran-camino-2026-A-Guarda-450x267.jpeg\" alt=\"O Monte Trega decidir\u00e1 este s\u00e1bado o ga\u00f1ador do Gran Cami\u00f1o\" title=\"O Gran Cami\u00f1o 2026 A Guarda\"  width=\"450\" height=\"267\">\t\t\t\t\t<\/a>\n\t\t\t\t<\/div>\n\t\t\t\t<div class=\"content\">\n\t\t\t\t\t<div class=\"info\">\n\t\t\t\t\t\t<div class=\"author\">\n\t\t\t\t\t\t\t<span>prensa<\/span>\t\t\t\t\t\t<\/div>\n\t\t\t\t\t\t<div class=\"date\">\n\t\t\t\t\t\t\t15 April, 2026\t\t\t\t\t\t<\/div>\n\t\t\t\t\t<\/div>\n\t\t\t\t\t<h4 class=\"title\">\n\t\t\t\t\t\t<a href=\"https:\/\/www.aguarda.es\/en\/o-monte-trega-decidira-este-sabado-o-ganador-do-gran-camino\/\">O Monte Trega decidir\u00e1 este s\u00e1bado o ga\u00f1ador do Gran Cami\u00f1o<\/a>\n\t\t\t\t\t<\/h4>\n\t\t\t\t<\/div>\n\t\t\t<\/div>\n\t\t\t\t\t\t<div class=\"item\">\n\t\t\t\t\t\t\t\t<div class=\"image\">\n\t\t\t\t\t<a href=\"https:\/\/www.aguarda.es\/en\/o-proxecto-eu-saudablemente-pecha-cunha-charla-para-as-familias-sobre-a-saude-mental-da-adolescencia\/\">\n\t\t\t\t\t\t<img src=\"https:\/\/www.aguarda.es\/wp-content\/uploads\/2026\/04\/Charla-final-Eu-saudablemente--450x267.png\" alt=\"O proxecto \u201cEu saudableMente\u201d pecha cunha charla para as familias sobre a sa\u00fade mental da adolescencia\" title=\"Charla Final Eu Saudablemente\"  width=\"450\" height=\"267\">\t\t\t\t\t<\/a>\n\t\t\t\t<\/div>\n\t\t\t\t<div class=\"content\">\n\t\t\t\t\t<div class=\"info\">\n\t\t\t\t\t\t<div class=\"author\">\n\t\t\t\t\t\t\t<span>prensa<\/span>\t\t\t\t\t\t<\/div>\n\t\t\t\t\t\t<div class=\"date\">\n\t\t\t\t\t\t\t14 April, 2026\t\t\t\t\t\t<\/div>\n\t\t\t\t\t<\/div>\n\t\t\t\t\t<h4 class=\"title\">\n\t\t\t\t\t\t<a href=\"https:\/\/www.aguarda.es\/en\/o-proxecto-eu-saudablemente-pecha-cunha-charla-para-as-familias-sobre-a-saude-mental-da-adolescencia\/\">O proxecto \u201cEu saudableMente\u201d pecha cunha charla para as familias sobre a sa\u00fade mental da adolescencia<\/a>\n\t\t\t\t\t<\/h4>\n\t\t\t\t<\/div>\n\t\t\t<\/div>\n\t\t\t\t\t\t<div class=\"item\">\n\t\t\t\t\t\t\t\t<div class=\"image\">\n\t\t\t\t\t<a href=\"https:\/\/www.aguarda.es\/en\/a-omix-da-guarda-organiza-un-obradoiro-para-aprender-a-realizar-un-ramo-seco\/\">\n\t\t\t\t\t\t<img src=\"https:\/\/www.aguarda.es\/wp-content\/uploads\/2026\/04\/tn_Obradoiro-ramo-seco-214x267.png\" alt=\"A OMIX da Guarda organiza un obradoiro para aprender a realizar un ramo seco\" title=\"Tn Obradoiro Ramo Seco\"  width=\"450\" height=\"267\">\t\t\t\t\t<\/a>\n\t\t\t\t<\/div>\n\t\t\t\t<div class=\"content\">\n\t\t\t\t\t<div class=\"info\">\n\t\t\t\t\t\t<div class=\"author\">\n\t\t\t\t\t\t\t<span>prensa<\/span>\t\t\t\t\t\t<\/div>\n\t\t\t\t\t\t<div class=\"date\">\n\t\t\t\t\t\t\t13 April, 2026\t\t\t\t\t\t<\/div>\n\t\t\t\t\t<\/div>\n\t\t\t\t\t<h4 class=\"title\">\n\t\t\t\t\t\t<a href=\"https:\/\/www.aguarda.es\/en\/a-omix-da-guarda-organiza-un-obradoiro-para-aprender-a-realizar-un-ramo-seco\/\">A OMIX da Guarda organiza un obradoiro para aprender a realizar un ramo seco<\/a>\n\t\t\t\t\t<\/h4>\n\t\t\t\t<\/div>\n\t\t\t<\/div>\n\t\t\t\t<\/div>\n\n\t<\/div>[\/vc_column][\/vc_row]<\/p>\n","protected":false},"excerpt":{"rendered":"<p>[vc_row][vc_column][vc_column_text el_class=&#8221;datos-de-contacto&#8221;] Praza do Rel\u00f3 1, A Guarda, Postalcode 36780 Phone:\u00a0986 610 000 Email:\u00a0educacion@aguarda.es Fax:\u00a0986 610 283 [\/vc_column_text][vc_column_text] One of the main commitments of the Education Department of A Guarda Council is to meet the demands of the Educational Centers &hellip; <\/p>\n","protected":false},"author":1,"featured_media":0,"parent":16557,"menu_order":0,"comment_status":"closed","ping_status":"closed","template":"","meta":[],"yoast_head":"<!-- This site is optimized with the Yoast SEO plugin v21.1 - https:\/\/yoast.com\/wordpress\/plugins\/seo\/ -->\n<title>Education - Concello da Guarda<\/title>\n<meta name=\"robots\" content=\"index, follow, max-snippet:-1, max-image-preview:large, max-video-preview:-1\" \/>\n<link rel=\"canonical\" href=\"https:\/\/www.aguarda.es\/en\/municipal-services\/education\/\" \/>\n<meta property=\"og:locale\" content=\"en_US\" \/>\n<meta property=\"og:type\" content=\"article\" \/>\n<meta property=\"og:title\" content=\"Education - Concello da Guarda\" \/>\n<meta property=\"og:description\" content=\"[vc_row][vc_column][vc_column_text el_class=&#8221;datos-de-contacto&#8221;] Praza do Rel\u00f3 1, A Guarda, Postalcode 36780 Phone:\u00a0986 610 000 Email:\u00a0educacion@aguarda.es Fax:\u00a0986 610 283 [\/vc_column_text][vc_column_text] One of the main commitments of the Education Department of A Guarda Council is to meet the demands of the Educational Centers &hellip;\" \/>\n<meta property=\"og:url\" content=\"https:\/\/www.aguarda.es\/en\/municipal-services\/education\/\" \/>\n<meta property=\"og:site_name\" content=\"Concello da Guarda\" \/>\n<meta property=\"article:publisher\" content=\"https:\/\/www.facebook.com\/ConcellodaGuarda\" \/>\n<meta property=\"article:modified_time\" content=\"2019-06-06T10:22:24+00:00\" \/>\n<meta property=\"og:image\" content=\"https:\/\/www.aguarda.es\/wp-content\/uploads\/2017\/06\/escudo-full-2.jpg\" \/>\n\t<meta property=\"og:image:width\" content=\"1135\" \/>\n\t<meta property=\"og:image:height\" content=\"712\" \/>\n\t<meta property=\"og:image:type\" content=\"image\/jpeg\" \/>\n<meta name=\"twitter:card\" content=\"summary_large_image\" \/>\n<meta name=\"twitter:site\" content=\"@AGuarda_es\" \/>\n<meta name=\"twitter:label1\" content=\"Est. reading time\" \/>\n\t<meta name=\"twitter:data1\" content=\"1 minute\" \/>\n<script type=\"application\/ld+json\" class=\"yoast-schema-graph\">{\"@context\":\"https:\/\/schema.org\",\"@graph\":[{\"@type\":\"WebPage\",\"@id\":\"https:\/\/www.aguarda.es\/en\/municipal-services\/education\/\",\"url\":\"https:\/\/www.aguarda.es\/en\/municipal-services\/education\/\",\"name\":\"Education - Concello da Guarda\",\"isPartOf\":{\"@id\":\"https:\/\/www.aguarda.es\/en\/#website\"},\"datePublished\":\"2019-02-13T12:47:43+00:00\",\"dateModified\":\"2019-06-06T10:22:24+00:00\",\"breadcrumb\":{\"@id\":\"https:\/\/www.aguarda.es\/en\/municipal-services\/education\/#breadcrumb\"},\"inLanguage\":\"en-US\",\"potentialAction\":[{\"@type\":\"ReadAction\",\"target\":[\"https:\/\/www.aguarda.es\/en\/municipal-services\/education\/\"]}]},{\"@type\":\"BreadcrumbList\",\"@id\":\"https:\/\/www.aguarda.es\/en\/municipal-services\/education\/#breadcrumb\",\"itemListElement\":[{\"@type\":\"ListItem\",\"position\":1,\"name\":\"Portada\",\"item\":\"https:\/\/www.aguarda.es\/en\/\"},{\"@type\":\"ListItem\",\"position\":2,\"name\":\"Municipal services\",\"item\":\"https:\/\/www.aguarda.es\/en\/municipal-services\/\"},{\"@type\":\"ListItem\",\"position\":3,\"name\":\"Education\"}]},{\"@type\":\"WebSite\",\"@id\":\"https:\/\/www.aguarda.es\/en\/#website\",\"url\":\"https:\/\/www.aguarda.es\/en\/\",\"name\":\"Concello da Guarda\",\"description\":\"P\u00e1xina web do concello da Guarda\",\"potentialAction\":[{\"@type\":\"SearchAction\",\"target\":{\"@type\":\"EntryPoint\",\"urlTemplate\":\"https:\/\/www.aguarda.es\/en\/?s={search_term_string}\"},\"query-input\":\"required name=search_term_string\"}],\"inLanguage\":\"en-US\"}]}<\/script>\n<!-- \/ Yoast SEO plugin. -->","yoast_head_json":{"title":"Education - Concello da Guarda","robots":{"index":"index","follow":"follow","max-snippet":"max-snippet:-1","max-image-preview":"max-image-preview:large","max-video-preview":"max-video-preview:-1"},"canonical":"https:\/\/www.aguarda.es\/en\/municipal-services\/education\/","og_locale":"en_US","og_type":"article","og_title":"Education - Concello da Guarda","og_description":"[vc_row][vc_column][vc_column_text el_class=&#8221;datos-de-contacto&#8221;] Praza do Rel\u00f3 1, A Guarda, Postalcode 36780 Phone:\u00a0986 610 000 Email:\u00a0educacion@aguarda.es Fax:\u00a0986 610 283 [\/vc_column_text][vc_column_text] One of the main commitments of the Education Department of A Guarda Council is to meet the demands of the Educational Centers &hellip;","og_url":"https:\/\/www.aguarda.es\/en\/municipal-services\/education\/","og_site_name":"Concello da Guarda","article_publisher":"https:\/\/www.facebook.com\/ConcellodaGuarda","article_modified_time":"2019-06-06T10:22:24+00:00","og_image":[{"width":1135,"height":712,"url":"https:\/\/www.aguarda.es\/wp-content\/uploads\/2017\/06\/escudo-full-2.jpg","type":"image\/jpeg"}],"twitter_card":"summary_large_image","twitter_site":"@AGuarda_es","twitter_misc":{"Est. reading time":"1 minute"},"schema":{"@context":"https:\/\/schema.org","@graph":[{"@type":"WebPage","@id":"https:\/\/www.aguarda.es\/en\/municipal-services\/education\/","url":"https:\/\/www.aguarda.es\/en\/municipal-services\/education\/","name":"Education - Concello da Guarda","isPartOf":{"@id":"https:\/\/www.aguarda.es\/en\/#website"},"datePublished":"2019-02-13T12:47:43+00:00","dateModified":"2019-06-06T10:22:24+00:00","breadcrumb":{"@id":"https:\/\/www.aguarda.es\/en\/municipal-services\/education\/#breadcrumb"},"inLanguage":"en-US","potentialAction":[{"@type":"ReadAction","target":["https:\/\/www.aguarda.es\/en\/municipal-services\/education\/"]}]},{"@type":"BreadcrumbList","@id":"https:\/\/www.aguarda.es\/en\/municipal-services\/education\/#breadcrumb","itemListElement":[{"@type":"ListItem","position":1,"name":"Portada","item":"https:\/\/www.aguarda.es\/en\/"},{"@type":"ListItem","position":2,"name":"Municipal services","item":"https:\/\/www.aguarda.es\/en\/municipal-services\/"},{"@type":"ListItem","position":3,"name":"Education"}]},{"@type":"WebSite","@id":"https:\/\/www.aguarda.es\/en\/#website","url":"https:\/\/www.aguarda.es\/en\/","name":"Concello da Guarda","description":"P\u00e1xina web do concello da Guarda","potentialAction":[{"@type":"SearchAction","target":{"@type":"EntryPoint","urlTemplate":"https:\/\/www.aguarda.es\/en\/?s={search_term_string}"},"query-input":"required name=search_term_string"}],"inLanguage":"en-US"}]}},"_links":{"self":[{"href":"https:\/\/www.aguarda.es\/en\/wp-json\/wp\/v2\/pages\/16802"}],"collection":[{"href":"https:\/\/www.aguarda.es\/en\/wp-json\/wp\/v2\/pages"}],"about":[{"href":"https:\/\/www.aguarda.es\/en\/wp-json\/wp\/v2\/types\/page"}],"author":[{"embeddable":true,"href":"https:\/\/www.aguarda.es\/en\/wp-json\/wp\/v2\/users\/1"}],"replies":[{"embeddable":true,"href":"https:\/\/www.aguarda.es\/en\/wp-json\/wp\/v2\/comments?post=16802"}],"version-history":[{"count":2,"href":"https:\/\/www.aguarda.es\/en\/wp-json\/wp\/v2\/pages\/16802\/revisions"}],"predecessor-version":[{"id":18344,"href":"https:\/\/www.aguarda.es\/en\/wp-json\/wp\/v2\/pages\/16802\/revisions\/18344"}],"up":[{"embeddable":true,"href":"https:\/\/www.aguarda.es\/en\/wp-json\/wp\/v2\/pages\/16557"}],"wp:attachment":[{"href":"https:\/\/www.aguarda.es\/en\/wp-json\/wp\/v2\/media?parent=16802"}],"curies":[{"name":"wp","href":"https:\/\/api.w.org\/{rel}","templated":true}]}}