{"id":16874,"date":"2019-02-16T11:19:16","date_gmt":"2019-02-16T11:19:16","guid":{"rendered":"https:\/\/www.aguarda.es\/plenary-affairs-commission\/"},"modified":"2025-12-05T08:12:43","modified_gmt":"2025-12-05T08:12:43","slug":"plenary-affairs-commission","status":"publish","type":"page","link":"https:\/\/www.aguarda.es\/en\/local-administration\/reporting-committees\/plenary-affairs-commission\/","title":{"rendered":"Plenary Affairs Commission"},"content":{"rendered":"<p>[vc_row][vc_column][vc_custom_heading text=&#8221;PRESIDENT&#8221; font_container=&#8221;tag:h3|text_align:left&#8221; use_theme_fonts=&#8221;yes&#8221;][vc_column_text]<\/p>\n<table class=\"table table-striped\">\n<tbody>\n<tr>\n<td>Roberto Jos\u00e9 \u00c1lvarez Carrero<\/td>\n<td><img decoding=\"async\" loading=\"lazy\" title=\"PP\" src=\"https:\/\/www.aguarda.es\/wp-content\/uploads\/2019\/07\/logo_pp.jpg\" alt=\"PP\" width=\"27\" height=\"30\" \/><\/td>\n<\/tr>\n<\/tbody>\n<\/table>\n<p>[\/vc_column_text][vc_custom_heading text=&#8221;HOLDERS&#8221; font_container=&#8221;tag:h3|text_align:left&#8221; use_theme_fonts=&#8221;yes&#8221;][vc_column_text]<\/p>\n<table class=\"table table-striped\">\n<tbody>\n<tr>\n<td>Mar\u00eda Isabel Guisande Vila<\/td>\n<td><img decoding=\"async\" loading=\"lazy\" title=\"PP\" src=\"https:\/\/www.aguarda.es\/wp-content\/uploads\/2019\/07\/logo_pp.jpg\" alt=\"PP\" width=\"27\" height=\"30\" \/><\/td>\n<\/tr>\n<tr>\n<td>Susana \u00c1lvarez Castro<\/td>\n<td><img decoding=\"async\" loading=\"lazy\" title=\"PP\" src=\"https:\/\/www.aguarda.es\/wp-content\/uploads\/2019\/07\/logo_pp.jpg\" alt=\"PP\" width=\"27\" height=\"30\" \/><\/td>\n<\/tr>\n<tr>\n<td>Anxo Pena P\u00e9rez<\/td>\n<td><img decoding=\"async\" loading=\"lazy\" title=\"PP\" src=\"https:\/\/www.aguarda.es\/wp-content\/uploads\/2019\/07\/logo_pp.jpg\" alt=\"PP\" width=\"27\" height=\"30\" \/><\/td>\n<\/tr>\n<tr>\n<td>Carla Lomba Quintas<\/td>\n<td><img decoding=\"async\" loading=\"lazy\" title=\"PP\" src=\"https:\/\/www.aguarda.es\/wp-content\/uploads\/2019\/07\/logo_pp.jpg\" alt=\"PP\" width=\"27\" height=\"30\" \/><\/td>\n<\/tr>\n<tr>\n<td>Anxo Baz Lois Vicente<\/td>\n<td><img decoding=\"async\" loading=\"lazy\" title=\"BNG\" src=\"https:\/\/www.aguarda.es\/wp-content\/uploads\/2019\/07\/logo_bng.jpg\" alt=\"BNG\" width=\"27\" height=\"30\" \/><\/td>\n<\/tr>\n<tr>\n<td>Xos\u00e9 Manuel M\u00e9ndez D\u00edaz<\/td>\n<td><img decoding=\"async\" loading=\"lazy\" title=\"BNG\" src=\"https:\/\/www.aguarda.es\/wp-content\/uploads\/2019\/07\/logo_bng.jpg\" alt=\"BNG\" width=\"27\" height=\"30\" \/><\/td>\n<\/tr>\n<tr>\n<td>Beatriz Lomba Rodr\u00edguez<\/td>\n<td><img decoding=\"async\" loading=\"lazy\" title=\"BNG\" src=\"https:\/\/www.aguarda.es\/wp-content\/uploads\/2019\/07\/logo_bng.jpg\" alt=\"BNG\" width=\"27\" height=\"30\" \/><\/td>\n<\/tr>\n<tr>\n<td>F\u00e1tima Rodr\u00edguez Marcos<\/td>\n<td><img decoding=\"async\" loading=\"lazy\" title=\"PSOE\" src=\"https:\/\/www.aguarda.es\/wp-content\/uploads\/2019\/07\/logo_psoe.jpg\" alt=\"PSOE\" width=\"27\" height=\"30\" \/><\/td>\n<\/tr>\n<tr>\n<td>Rafael \u00c1lvarez Mart\u00ednez<\/td>\n<td><img decoding=\"async\" loading=\"lazy\" title=\"PSOE\" src=\"https:\/\/www.aguarda.es\/wp-content\/uploads\/2019\/07\/logo_psoe.jpg\" alt=\"PSOE\" width=\"27\" height=\"30\" \/><\/td>\n<\/tr>\n<tr>\n<td>Celso Juan Rodr\u00edguez Fari\u00f1as<\/td>\n<td><img decoding=\"async\" loading=\"lazy\" title=\"CG\" src=\"https:\/\/www.aguarda.es\/wp-content\/uploads\/2019\/07\/logo_cg.jpg\" alt=\"CG\" width=\"27\" height=\"30\" \/><\/td>\n<\/tr>\n<\/tbody>\n<\/table>\n<p>[\/vc_column_text][vc_custom_heading text=&#8221;ALTERNATES&#8221; font_container=&#8221;tag:h3|text_align:left&#8221; use_theme_fonts=&#8221;yes&#8221;][vc_column_text]<\/p>\n<table class=\"table table-striped\">\n<tbody>\n<tr>\n<td>Aser Est\u00e9vez Cividanes<\/td>\n<td><img decoding=\"async\" loading=\"lazy\" title=\"PP\" src=\"https:\/\/www.aguarda.es\/wp-content\/uploads\/2019\/07\/logo_pp.jpg\" alt=\"PP\" width=\"27\" height=\"30\" \/><\/td>\n<\/tr>\n<tr>\n<td>\u00d3scar Alonso \u00c1lvarez<\/td>\n<td><img decoding=\"async\" loading=\"lazy\" title=\"PP\" src=\"https:\/\/www.aguarda.es\/wp-content\/uploads\/2019\/07\/logo_pp.jpg\" alt=\"PP\" width=\"27\" height=\"30\" \/><\/td>\n<\/tr>\n<tr>\n<td>Isidro Lomba Lorenzo<\/td>\n<td><img decoding=\"async\" loading=\"lazy\" title=\"PP\" src=\"https:\/\/www.aguarda.es\/wp-content\/uploads\/2019\/07\/logo_pp.jpg\" alt=\"PP\" width=\"27\" height=\"30\" \/><\/td>\n<\/tr>\n<tr>\n<td>Nuria V\u00e1zquez Rodr\u00edguez<\/td>\n<td><img decoding=\"async\" loading=\"lazy\" title=\"BNG\" src=\"https:\/\/www.aguarda.es\/wp-content\/uploads\/2019\/07\/logo_bng.jpg\" alt=\"BNG\" width=\"27\" height=\"30\" \/><\/td>\n<\/tr>\n<tr>\n<td>Jose Miguel Fern\u00e1ndez Lomba<\/td>\n<td><img decoding=\"async\" loading=\"lazy\" title=\"BNG\" src=\"https:\/\/www.aguarda.es\/wp-content\/uploads\/2019\/07\/logo_bng.jpg\" alt=\"BNG\" width=\"27\" height=\"30\" \/><\/td>\n<\/tr>\n<tr>\n<td>Alejandro Gonz\u00e1lez Vicente<\/td>\n<td><img decoding=\"async\" loading=\"lazy\" title=\"PSOE\" src=\"https:\/\/www.aguarda.es\/wp-content\/uploads\/2019\/07\/logo_psoe.jpg\" alt=\"PSOE\" width=\"27\" height=\"30\" \/><\/td>\n<\/tr>\n<\/tbody>\n<\/table>\n<p>[\/vc_column_text][\/vc_column][\/vc_row]<\/p>\n","protected":false},"excerpt":{"rendered":"<p>[vc_row][vc_column][vc_custom_heading text=&#8221;PRESIDENT&#8221; font_container=&#8221;tag:h3|text_align:left&#8221; use_theme_fonts=&#8221;yes&#8221;][vc_column_text] Roberto Jos\u00e9 \u00c1lvarez Carrero [\/vc_column_text][vc_custom_heading text=&#8221;HOLDERS&#8221; font_container=&#8221;tag:h3|text_align:left&#8221; use_theme_fonts=&#8221;yes&#8221;][vc_column_text] Mar\u00eda Isabel Guisande Vila Susana \u00c1lvarez Castro Anxo Pena P\u00e9rez Carla Lomba Quintas Anxo Baz Lois Vicente Xos\u00e9 Manuel M\u00e9ndez D\u00edaz Beatriz Lomba Rodr\u00edguez F\u00e1tima Rodr\u00edguez Marcos Rafael &hellip; <\/p>\n","protected":false},"author":1,"featured_media":0,"parent":16880,"menu_order":0,"comment_status":"closed","ping_status":"closed","template":"","meta":[],"yoast_head":"<!-- This site is optimized with the Yoast SEO plugin v21.1 - https:\/\/yoast.com\/wordpress\/plugins\/seo\/ -->\n<title>Plenary Affairs Commission - Concello da Guarda<\/title>\n<meta name=\"robots\" content=\"index, follow, max-snippet:-1, max-image-preview:large, max-video-preview:-1\" \/>\n<link rel=\"canonical\" href=\"https:\/\/www.aguarda.es\/en\/local-administration\/reporting-committees\/plenary-affairs-commission\/\" \/>\n<meta property=\"og:locale\" content=\"en_US\" \/>\n<meta property=\"og:type\" content=\"article\" \/>\n<meta property=\"og:title\" content=\"Plenary Affairs Commission - Concello da Guarda\" \/>\n<meta property=\"og:description\" content=\"[vc_row][vc_column][vc_custom_heading text=&#8221;PRESIDENT&#8221; font_container=&#8221;tag:h3|text_align:left&#8221; use_theme_fonts=&#8221;yes&#8221;][vc_column_text] Roberto Jos\u00e9 \u00c1lvarez Carrero [\/vc_column_text][vc_custom_heading text=&#8221;HOLDERS&#8221; font_container=&#8221;tag:h3|text_align:left&#8221; use_theme_fonts=&#8221;yes&#8221;][vc_column_text] Mar\u00eda Isabel Guisande Vila Susana \u00c1lvarez Castro Anxo Pena P\u00e9rez Carla Lomba Quintas Anxo Baz Lois Vicente Xos\u00e9 Manuel M\u00e9ndez D\u00edaz Beatriz Lomba Rodr\u00edguez F\u00e1tima Rodr\u00edguez Marcos Rafael &hellip;\" \/>\n<meta property=\"og:url\" content=\"https:\/\/www.aguarda.es\/en\/local-administration\/reporting-committees\/plenary-affairs-commission\/\" \/>\n<meta property=\"og:site_name\" content=\"Concello da Guarda\" \/>\n<meta property=\"article:publisher\" content=\"https:\/\/www.facebook.com\/ConcellodaGuarda\" \/>\n<meta property=\"article:modified_time\" content=\"2025-12-05T08:12:43+00:00\" \/>\n<meta property=\"og:image\" content=\"https:\/\/www.aguarda.es\/wp-content\/uploads\/2019\/07\/logo_pp.jpg\" \/>\n<meta name=\"twitter:card\" content=\"summary_large_image\" \/>\n<meta name=\"twitter:site\" content=\"@AGuarda_es\" \/>\n<meta name=\"twitter:label1\" content=\"Est. reading time\" \/>\n\t<meta name=\"twitter:data1\" content=\"4 minutes\" \/>\n<script type=\"application\/ld+json\" class=\"yoast-schema-graph\">{\"@context\":\"https:\/\/schema.org\",\"@graph\":[{\"@type\":\"WebPage\",\"@id\":\"https:\/\/www.aguarda.es\/en\/local-administration\/reporting-committees\/plenary-affairs-commission\/\",\"url\":\"https:\/\/www.aguarda.es\/en\/local-administration\/reporting-committees\/plenary-affairs-commission\/\",\"name\":\"Plenary Affairs Commission - Concello da Guarda\",\"isPartOf\":{\"@id\":\"https:\/\/www.aguarda.es\/en\/#website\"},\"datePublished\":\"2019-02-16T11:19:16+00:00\",\"dateModified\":\"2025-12-05T08:12:43+00:00\",\"breadcrumb\":{\"@id\":\"https:\/\/www.aguarda.es\/en\/local-administration\/reporting-committees\/plenary-affairs-commission\/#breadcrumb\"},\"inLanguage\":\"en-US\",\"potentialAction\":[{\"@type\":\"ReadAction\",\"target\":[\"https:\/\/www.aguarda.es\/en\/local-administration\/reporting-committees\/plenary-affairs-commission\/\"]}]},{\"@type\":\"BreadcrumbList\",\"@id\":\"https:\/\/www.aguarda.es\/en\/local-administration\/reporting-committees\/plenary-affairs-commission\/#breadcrumb\",\"itemListElement\":[{\"@type\":\"ListItem\",\"position\":1,\"name\":\"Portada\",\"item\":\"https:\/\/www.aguarda.es\/en\/\"},{\"@type\":\"ListItem\",\"position\":2,\"name\":\"Local Administration\",\"item\":\"https:\/\/www.aguarda.es\/en\/local-administration\/\"},{\"@type\":\"ListItem\",\"position\":3,\"name\":\"Reporting Committees\",\"item\":\"https:\/\/www.aguarda.es\/en\/local-administration\/reporting-committees\/\"},{\"@type\":\"ListItem\",\"position\":4,\"name\":\"Plenary Affairs Commission\"}]},{\"@type\":\"WebSite\",\"@id\":\"https:\/\/www.aguarda.es\/en\/#website\",\"url\":\"https:\/\/www.aguarda.es\/en\/\",\"name\":\"Concello da Guarda\",\"description\":\"P\u00e1xina web do concello da Guarda\",\"potentialAction\":[{\"@type\":\"SearchAction\",\"target\":{\"@type\":\"EntryPoint\",\"urlTemplate\":\"https:\/\/www.aguarda.es\/en\/?s={search_term_string}\"},\"query-input\":\"required name=search_term_string\"}],\"inLanguage\":\"en-US\"}]}<\/script>\n<!-- \/ Yoast SEO plugin. -->","yoast_head_json":{"title":"Plenary Affairs Commission - Concello da Guarda","robots":{"index":"index","follow":"follow","max-snippet":"max-snippet:-1","max-image-preview":"max-image-preview:large","max-video-preview":"max-video-preview:-1"},"canonical":"https:\/\/www.aguarda.es\/en\/local-administration\/reporting-committees\/plenary-affairs-commission\/","og_locale":"en_US","og_type":"article","og_title":"Plenary Affairs Commission - Concello da Guarda","og_description":"[vc_row][vc_column][vc_custom_heading text=&#8221;PRESIDENT&#8221; font_container=&#8221;tag:h3|text_align:left&#8221; use_theme_fonts=&#8221;yes&#8221;][vc_column_text] Roberto Jos\u00e9 \u00c1lvarez Carrero [\/vc_column_text][vc_custom_heading text=&#8221;HOLDERS&#8221; font_container=&#8221;tag:h3|text_align:left&#8221; use_theme_fonts=&#8221;yes&#8221;][vc_column_text] Mar\u00eda Isabel Guisande Vila Susana \u00c1lvarez Castro Anxo Pena P\u00e9rez Carla Lomba Quintas Anxo Baz Lois Vicente Xos\u00e9 Manuel M\u00e9ndez D\u00edaz Beatriz Lomba Rodr\u00edguez F\u00e1tima Rodr\u00edguez Marcos Rafael &hellip;","og_url":"https:\/\/www.aguarda.es\/en\/local-administration\/reporting-committees\/plenary-affairs-commission\/","og_site_name":"Concello da Guarda","article_publisher":"https:\/\/www.facebook.com\/ConcellodaGuarda","article_modified_time":"2025-12-05T08:12:43+00:00","og_image":[{"url":"https:\/\/www.aguarda.es\/wp-content\/uploads\/2019\/07\/logo_pp.jpg"}],"twitter_card":"summary_large_image","twitter_site":"@AGuarda_es","twitter_misc":{"Est. reading time":"4 minutes"},"schema":{"@context":"https:\/\/schema.org","@graph":[{"@type":"WebPage","@id":"https:\/\/www.aguarda.es\/en\/local-administration\/reporting-committees\/plenary-affairs-commission\/","url":"https:\/\/www.aguarda.es\/en\/local-administration\/reporting-committees\/plenary-affairs-commission\/","name":"Plenary Affairs Commission - Concello da Guarda","isPartOf":{"@id":"https:\/\/www.aguarda.es\/en\/#website"},"datePublished":"2019-02-16T11:19:16+00:00","dateModified":"2025-12-05T08:12:43+00:00","breadcrumb":{"@id":"https:\/\/www.aguarda.es\/en\/local-administration\/reporting-committees\/plenary-affairs-commission\/#breadcrumb"},"inLanguage":"en-US","potentialAction":[{"@type":"ReadAction","target":["https:\/\/www.aguarda.es\/en\/local-administration\/reporting-committees\/plenary-affairs-commission\/"]}]},{"@type":"BreadcrumbList","@id":"https:\/\/www.aguarda.es\/en\/local-administration\/reporting-committees\/plenary-affairs-commission\/#breadcrumb","itemListElement":[{"@type":"ListItem","position":1,"name":"Portada","item":"https:\/\/www.aguarda.es\/en\/"},{"@type":"ListItem","position":2,"name":"Local Administration","item":"https:\/\/www.aguarda.es\/en\/local-administration\/"},{"@type":"ListItem","position":3,"name":"Reporting Committees","item":"https:\/\/www.aguarda.es\/en\/local-administration\/reporting-committees\/"},{"@type":"ListItem","position":4,"name":"Plenary Affairs Commission"}]},{"@type":"WebSite","@id":"https:\/\/www.aguarda.es\/en\/#website","url":"https:\/\/www.aguarda.es\/en\/","name":"Concello da Guarda","description":"P\u00e1xina web do concello da Guarda","potentialAction":[{"@type":"SearchAction","target":{"@type":"EntryPoint","urlTemplate":"https:\/\/www.aguarda.es\/en\/?s={search_term_string}"},"query-input":"required name=search_term_string"}],"inLanguage":"en-US"}]}},"_links":{"self":[{"href":"https:\/\/www.aguarda.es\/en\/wp-json\/wp\/v2\/pages\/16874"}],"collection":[{"href":"https:\/\/www.aguarda.es\/en\/wp-json\/wp\/v2\/pages"}],"about":[{"href":"https:\/\/www.aguarda.es\/en\/wp-json\/wp\/v2\/types\/page"}],"author":[{"embeddable":true,"href":"https:\/\/www.aguarda.es\/en\/wp-json\/wp\/v2\/users\/1"}],"replies":[{"embeddable":true,"href":"https:\/\/www.aguarda.es\/en\/wp-json\/wp\/v2\/comments?post=16874"}],"version-history":[{"count":8,"href":"https:\/\/www.aguarda.es\/en\/wp-json\/wp\/v2\/pages\/16874\/revisions"}],"predecessor-version":[{"id":33910,"href":"https:\/\/www.aguarda.es\/en\/wp-json\/wp\/v2\/pages\/16874\/revisions\/33910"}],"up":[{"embeddable":true,"href":"https:\/\/www.aguarda.es\/en\/wp-json\/wp\/v2\/pages\/16880"}],"wp:attachment":[{"href":"https:\/\/www.aguarda.es\/en\/wp-json\/wp\/v2\/media?parent=16874"}],"curies":[{"name":"wp","href":"https:\/\/api.w.org\/{rel}","templated":true}]}}