{"id":16878,"date":"2019-02-16T11:24:51","date_gmt":"2019-02-16T11:24:51","guid":{"rendered":"https:\/\/www.aguarda.es\/municipal-corporation\/"},"modified":"2019-06-05T15:50:17","modified_gmt":"2019-06-05T15:50:17","slug":"municipal-corporation","status":"publish","type":"page","link":"https:\/\/www.aguarda.es\/en\/local-administration\/municipal-corporation\/","title":{"rendered":"Municipal Corporation"},"content":{"rendered":"<p>[vc_row][vc_column]<div class=\"thim-widget-our-team\"><div class=\"wrapper-lists-our-team \"><div class=\"row\"><div class=\"our-team-item col-sm-3\"><div class=\"our-team-image\"> <img src=\"https:\/\/www.aguarda.es\/wp-content\/uploads\/2023\/07\/2023_1-200x200.jpg\" alt=\"2023 1\" title=\"2023 1\"  width=\"200\" height=\"200\"><div class=\"social-team\"><\/div><\/div><div class=\"content-team\"><h4 class=\"title\">Roberto Jos\u00e9 \u00c1lvarez Carrero<\/h4><div class = \"regency\">PP - Alcalde, Urbanismo, Patrimonio, Turismo, Seguridade e Mobilidade<\/div><\/div><\/div><div class=\"our-team-item col-sm-3\"><div class=\"our-team-image\"> <img src=\"https:\/\/www.aguarda.es\/wp-content\/uploads\/2023\/07\/2023_2-200x200.jpg\" alt=\"2023 2\" title=\"2023 2\"  width=\"200\" height=\"200\"><div class=\"social-team\"><\/div><\/div><div class=\"content-team\"><h4 class=\"title\">\u00d3scar Alonso \u00c1lvarez<\/h4><div class = \"regency\">PP - Facenda, Administraci\u00f3n Local, Medioambiente e Biodiversidade<\/div><\/div><\/div><div class=\"our-team-item col-sm-3\"><div class=\"our-team-image\"> <img src=\"https:\/\/www.aguarda.es\/wp-content\/uploads\/2019\/07\/Isabel-Guisande-200x200.jpg\" alt=\"Isabel Guisande\" title=\"Isabel Guisande\"  width=\"200\" height=\"200\"><div class=\"social-team\"><\/div><\/div><div class=\"content-team\"><h4 class=\"title\">M\u00aa Isabel Guisande Vila<\/h4><div class = \"regency\">PP - Pol\u00edtica Social<\/div><\/div><\/div><div class=\"our-team-item col-sm-3\"><div class=\"our-team-image\"> <img src=\"https:\/\/www.aguarda.es\/wp-content\/uploads\/2023\/07\/2023_4-200x200.jpg\" alt=\"2023 4\" title=\"2023 4\"  width=\"200\" height=\"200\"><div class=\"social-team\"><\/div><\/div><div class=\"content-team\"><h4 class=\"title\">Isidro Lomba Lorenzo<\/h4><div class = \"regency\">PP - Infraestructuras, V\u00edas e Obras, Servizo Cidad\u00e1n e Persoal<\/div><\/div><\/div><div class=\"our-team-item col-sm-3\"><div class=\"our-team-image\"> <img src=\"https:\/\/www.aguarda.es\/wp-content\/uploads\/2023\/07\/2023_5-200x200.jpg\" alt=\"2023 5\" title=\"2023 5\"  width=\"200\" height=\"200\"><div class=\"social-team\"><\/div><\/div><div class=\"content-team\"><h4 class=\"title\">Susana \u00c1lvarez Castro<\/h4><div class = \"regency\">PP - Igualdade e Voluntariado<\/div><\/div><\/div><div class=\"our-team-item col-sm-3\"><div class=\"our-team-image\"> <img src=\"https:\/\/www.aguarda.es\/wp-content\/uploads\/2025\/03\/2025_1-200x200.jpg\" alt=\"2025 1\" title=\"2025 1\"  width=\"200\" height=\"200\"><div class=\"social-team\"><\/div><\/div><div class=\"content-team\"><h4 class=\"title\">Carla Lomba Quintas<\/h4><div class = \"regency\">PP - Xuventude e Participaci\u00f3n cidad\u00e1<\/div><\/div><\/div><div class=\"our-team-item col-sm-3\"><div class=\"our-team-image\"> <img src=\"https:\/\/www.aguarda.es\/wp-content\/uploads\/2023\/07\/2023_7-200x200.jpg\" alt=\"2023 7\" title=\"2023 7\"  width=\"200\" height=\"200\"><div class=\"social-team\"><\/div><\/div><div class=\"content-team\"><h4 class=\"title\">Anxo Pena P\u00e9rez<\/h4><div class = \"regency\">PP - Empresa, Comercio, Industria, Emprego e Innovaci\u00f3n Tecnol\u00f3xica<\/div><\/div><\/div><div class=\"our-team-item col-sm-3\"><div class=\"our-team-image\"> <img src=\"https:\/\/www.aguarda.es\/wp-content\/uploads\/2023\/07\/2023_8-200x200.jpg\" alt=\"2023 8\" title=\"2023 8\"  width=\"200\" height=\"200\"><div class=\"social-team\"><\/div><\/div><div class=\"content-team\"><h4 class=\"title\">Aser Est\u00e9vez Cividanes<\/h4><div class = \"regency\">PP - Educaci\u00f3n e Xesti\u00f3n de Eventos Deportivos<\/div><\/div><\/div><div class=\"our-team-item col-sm-3\"><div class=\"our-team-image\"> <img src=\"https:\/\/www.aguarda.es\/wp-content\/uploads\/2023\/10\/Farinas_CG_2023-200x200.jpg\" alt=\"Fari\u00f1as CG 2023\" title=\"Fari\u00f1as CG 2023\"  width=\"200\" height=\"200\"><div class=\"social-team\"><\/div><\/div><div class=\"content-team\"><h4 class=\"title\">Celso Juan Rodr\u00edguez Fari\u00f1as<\/h4><div class = \"regency\">EC - Cultura e Deportes<\/div><\/div><\/div><div class=\"our-team-item col-sm-3\"><div class=\"our-team-image\"> <img src=\"https:\/\/www.aguarda.es\/wp-content\/uploads\/2023\/10\/Anxo_BNG_2023-200x200.jpg\" alt=\"Anxo BNG 2023\" title=\"Anxo BNG 2023\"  width=\"200\" height=\"200\"><div class=\"social-team\"><\/div><\/div><div class=\"content-team\"><h4 class=\"title\">Anxo Lois Baz vicente<\/h4><div class = \"regency\">BNG<\/div><\/div><\/div><div class=\"our-team-item col-sm-3\"><div class=\"our-team-image\"> <img src=\"https:\/\/www.aguarda.es\/wp-content\/uploads\/2023\/10\/Bea_BNG_2023-200x200.jpg\" alt=\"Bea BNG 2023\" title=\"Bea BNG 2023\"  width=\"200\" height=\"200\"><div class=\"social-team\"><\/div><\/div><div class=\"content-team\"><h4 class=\"title\">Beatriz Lomba Rodr\u00edguez<\/h4><div class = \"regency\">BNG<\/div><\/div><\/div><div class=\"our-team-item col-sm-3\"><div class=\"our-team-image\"> <img src=\"https:\/\/www.aguarda.es\/wp-content\/uploads\/2019\/09\/Miguel-Fern\u00e1ndez-200x200.jpg\" alt=\"Miguel Fern\u00e1ndez\" title=\"Miguel Fern\u00e1ndez\"  width=\"200\" height=\"200\"><div class=\"social-team\"><\/div><\/div><div class=\"content-team\"><h4 class=\"title\">Jos\u00e9 Miguel Fern\u00e1ndez Lomba<\/h4><div class = \"regency\">BNG<\/div><\/div><\/div><div class=\"our-team-item col-sm-3\"><div class=\"our-team-image\"> <img src=\"https:\/\/www.aguarda.es\/wp-content\/uploads\/2023\/10\/NURIA-200x200.png\" alt=\"NURIA\" title=\"NURIA\"  width=\"200\" height=\"200\"><div class=\"social-team\"><\/div><\/div><div class=\"content-team\"><h4 class=\"title\">Nuria V\u00e1zquez Rodr\u00edguez<\/h4><div class = \"regency\">BNG<\/div><\/div><\/div><div class=\"our-team-item col-sm-3\"><div class=\"our-team-image\"> <img src=\"https:\/\/www.aguarda.es\/wp-content\/uploads\/2023\/10\/XoseManuel_BNG_2023-200x200.jpg\" alt=\"XoseManuel BNG 2023\" title=\"XoseManuel BNG 2023\"  width=\"200\" height=\"200\"><div class=\"social-team\"><\/div><\/div><div class=\"content-team\"><h4 class=\"title\">Xos\u00e9 Manuel M\u00e9ndez D\u00edaz<\/h4><div class = \"regency\">BNG<\/div><\/div><\/div><div class=\"our-team-item col-sm-3\"><div class=\"our-team-image\"> <img src=\"https:\/\/www.aguarda.es\/wp-content\/uploads\/2025\/12\/ALEJANDRO-1024x996-1-200x200.jpg\" alt=\"CREATOR: Gd Jpeg V1.0 (using IJG JPEG V62), Quality = 82\" title=\"CREATOR: Gd Jpeg V1.0 (using IJG JPEG V62), Quality = 82\"  width=\"200\" height=\"200\"><div class=\"social-team\"><\/div><\/div><div class=\"content-team\"><h4 class=\"title\">Alejandro Gonz\u00e1lez Vicente<\/h4><div class = \"regency\">PSOE<\/div><\/div><\/div><div class=\"our-team-item col-sm-3\"><div class=\"our-team-image\"> <img src=\"https:\/\/www.aguarda.es\/wp-content\/uploads\/2023\/10\/Fatima_PSOE_2023-200x200.jpg\" alt=\"F\u00e1tima PSOE 2023\" title=\"F\u00e1tima PSOE 2023\"  width=\"200\" height=\"200\"><div class=\"social-team\"><\/div><\/div><div class=\"content-team\"><h4 class=\"title\">F\u00e1tima Rodr\u00edguez Marcos<\/h4><div class = \"regency\">PSOE<\/div><\/div><\/div><div class=\"our-team-item col-sm-3\"><div class=\"our-team-image\"> <img src=\"https:\/\/www.aguarda.es\/wp-content\/uploads\/2023\/10\/Rafa_PSOE_2023-200x200.jpg\" alt=\"Rafa PSOE 2023\" title=\"Rafa PSOE 2023\"  width=\"200\" height=\"200\"><div class=\"social-team\"><\/div><\/div><div class=\"content-team\"><h4 class=\"title\">Rafael \u00c1lvarez Mart\u00ednez<\/h4><div class = \"regency\">PSOE<\/div><\/div><\/div><\/div><\/div><\/div>[vc_column_text el_class=&#8221;hidden&#8221;]<\/p>\n<table cellspacing=\"1\" cellpadding=\"1\">\n<thead>\n<tr>\n<td>\u00a0\u00a0 Antonio Lomba Baz<\/td>\n<td><img decoding=\"async\" loading=\"lazy\" class=\" size-full wp-image-11\" title=\"Partido Socialista Obrero Espa\u00f1ol\" src=\"https:\/\/www.aguarda.es\/wp-content\/uploads\/2013\/11\/logo_psoe.jpg\" alt=\"Partido Socialista Obrero Espa\u00f1ol\" width=\"27\" height=\"30\" \/><\/td>\n<\/tr>\n<tr>\n<td>\u00a0\u00a0 M\u00aa Monserrat Magallanes \u00c1lvarez<\/td>\n<td><img decoding=\"async\" loading=\"lazy\" class=\" size-full wp-image-11\" title=\"Partido Socialista Obrero Espa\u00f1ol\" src=\"https:\/\/www.aguarda.es\/wp-content\/uploads\/2013\/11\/logo_psoe.jpg\" alt=\"Partido Socialista Obrero Espa\u00f1ol\" width=\"27\" height=\"30\" \/><\/td>\n<\/tr>\n<tr>\n<td>\u00a0\u00a0 Miguel Angel Espa\u00f1ol Otero<\/td>\n<td><img decoding=\"async\" loading=\"lazy\" class=\" size-full wp-image-11\" title=\"Partido Socialista Obrero Espa\u00f1ol\" src=\"https:\/\/www.aguarda.es\/wp-content\/uploads\/2013\/11\/logo_psoe.jpg\" alt=\"Partido Socialista Obrero Espa\u00f1ol\" width=\"27\" height=\"30\" \/><\/td>\n<\/tr>\n<tr>\n<td>\u00a0\u00a0 Elena Baz Rodr\u00edguez<\/td>\n<td><img decoding=\"async\" loading=\"lazy\" class=\" size-full wp-image-11\" title=\"Partido Socialista Obrero Espa\u00f1ol\" src=\"https:\/\/www.aguarda.es\/wp-content\/uploads\/2013\/11\/logo_psoe.jpg\" alt=\"Partido Socialista Obrero Espa\u00f1ol\" width=\"27\" height=\"30\" \/><\/td>\n<\/tr>\n<tr>\n<td>\u00a0\u00a0 Manuel Javier Crespo Gonz\u00e1lez<\/td>\n<td><img decoding=\"async\" loading=\"lazy\" class=\" size-full wp-image-11\" title=\"Partido Socialista Obrero Espa\u00f1ol\" src=\"https:\/\/www.aguarda.es\/wp-content\/uploads\/2013\/11\/logo_psoe.jpg\" alt=\"Partido Socialista Obrero Espa\u00f1ol\" width=\"27\" height=\"30\" \/><\/td>\n<\/tr>\n<tr>\n<td>\u00a0\u00a0 Teresa Vicente Baz<\/td>\n<td><img decoding=\"async\" loading=\"lazy\" class=\" size-full wp-image-11\" title=\"Partido Socialista Obrero Espa\u00f1ol\" src=\"https:\/\/www.aguarda.es\/wp-content\/uploads\/2013\/11\/logo_psoe.jpg\" alt=\"Partido Socialista Obrero Espa\u00f1ol\" width=\"27\" height=\"30\" \/><\/td>\n<\/tr>\n<tr>\n<td>\u00a0\u00a0 Paulino Rodr\u00edguez Gonz\u00e1lez<\/td>\n<td><img decoding=\"async\" loading=\"lazy\" class=\" size-full wp-image-11\" title=\"Partido Socialista Obrero Espa\u00f1ol\" src=\"https:\/\/www.aguarda.es\/wp-content\/uploads\/2013\/11\/logo_psoe.jpg\" alt=\"Partido Socialista Obrero Espa\u00f1ol\" width=\"27\" height=\"30\" \/><\/td>\n<\/tr>\n<tr>\n<td>\u00a0\u00a0 M\u00aa Concepci\u00f3n Ortega Mart\u00ednez<\/td>\n<td><img decoding=\"async\" loading=\"lazy\" class=\" size-full wp-image-13\" title=\"Partido Socialista Obrero Espa\u00f1ol\" src=\"https:\/\/www.aguarda.es\/wp-content\/uploads\/2013\/11\/logo_pp.jpg\" alt=\"Partido Socialista Obrero Espa\u00f1ol\" width=\"27\" height=\"30\" \/><\/td>\n<\/tr>\n<tr>\n<td>\u00a0\u00a0 Jos\u00e9 Carlos Castro Mart\u00ednez<\/td>\n<td><img decoding=\"async\" loading=\"lazy\" class=\" size-full wp-image-13\" title=\"Partido Popular\" src=\"https:\/\/www.aguarda.es\/wp-content\/uploads\/2013\/11\/logo_pp.jpg\" alt=\"Partido Popular\" width=\"27\" height=\"30\" \/><\/td>\n<\/tr>\n<tr>\n<td>\u00a0\u00a0 Roberto Jos\u00e9 \u00c1lvarez Carrero<\/td>\n<td><img decoding=\"async\" loading=\"lazy\" class=\" size-full wp-image-13\" title=\"Partido Popular\" src=\"https:\/\/www.aguarda.es\/wp-content\/uploads\/2013\/11\/logo_pp.jpg\" alt=\"Partido Popular\" width=\"27\" height=\"30\" \/><\/td>\n<\/tr>\n<tr>\n<td>\u00a0\u00a0 Elena Acevedo Rol\u00e1n<\/td>\n<td><img decoding=\"async\" loading=\"lazy\" class=\" size-full wp-image-13\" title=\"Partido Popular\" src=\"https:\/\/www.aguarda.es\/wp-content\/uploads\/2013\/11\/logo_pp.jpg\" alt=\"Partido Popular\" width=\"27\" height=\"30\" \/><\/td>\n<\/tr>\n<tr>\n<td>\u00a0\u00a0 \u00d3scar Alonso \u00c1lvarez<\/td>\n<td><img decoding=\"async\" loading=\"lazy\" class=\" size-full wp-image-13\" title=\"Partido Popular\" src=\"https:\/\/www.aguarda.es\/wp-content\/uploads\/2013\/11\/logo_pp.jpg\" alt=\"Partido Popular\" width=\"27\" height=\"30\" \/><\/td>\n<\/tr>\n<tr>\n<td>\u00a0\u00a0 Angel Luis Baz Vicente<\/td>\n<td><img decoding=\"async\" loading=\"lazy\" class=\" size-full wp-image-16\" title=\"Partido Popular\" src=\"https:\/\/www.aguarda.es\/wp-content\/uploads\/2013\/11\/logo_bng.jpg\" alt=\"Partido Popular\" width=\"27\" height=\"30\" \/><\/td>\n<\/tr>\n<tr>\n<td>\u00a0\u00a0 Xan Lois Lomba Alonso<\/td>\n<td><img decoding=\"async\" loading=\"lazy\" class=\" size-full wp-image-16\" title=\"Partido Popular\" src=\"https:\/\/www.aguarda.es\/wp-content\/uploads\/2013\/11\/logo_bng.jpg\" alt=\"Partido Popular\" width=\"27\" height=\"30\" \/><\/td>\n<\/tr>\n<tr>\n<td>\u00a0\u00a0 M\u00aa Mercedes V\u00e1zquez Mart\u00ednez<\/td>\n<td><img decoding=\"async\" loading=\"lazy\" class=\" size-full wp-image-16\" title=\"Bloque Nacionalista Galego\" src=\"https:\/\/www.aguarda.es\/wp-content\/uploads\/2013\/11\/logo_bng.jpg\" alt=\"Bloque Nacionalista Galego\" width=\"27\" height=\"30\" \/><\/td>\n<\/tr>\n<tr>\n<td>\u00a0\u00a0 M\u00aa de F\u00e1tima Iglesias Ferreira<\/td>\n<td><\/td>\n<\/tr>\n<tr>\n<td>\u00a0\u00a0 Celso J. Rodr\u00edguez Fari\u00f1as<\/td>\n<td><img decoding=\"async\" loading=\"lazy\" class=\" size-full wp-image-17\" title=\"Converxencia Galega\" src=\"https:\/\/www.aguarda.es\/wp-content\/uploads\/2013\/11\/logo_cg.jpg\" alt=\"Converxencia Galega\" width=\"27\" height=\"30\" \/><\/td>\n<\/tr>\n<\/thead>\n<\/table>\n<p>[\/vc_column_text][\/vc_column][\/vc_row][vc_row][vc_column][\/vc_column][\/vc_row]<\/p>\n","protected":false},"excerpt":{"rendered":"<p>[vc_row][vc_column][vc_column_text el_class=&#8221;hidden&#8221;] \u00a0\u00a0 Antonio Lomba Baz \u00a0\u00a0 M\u00aa Monserrat Magallanes \u00c1lvarez \u00a0\u00a0 Miguel Angel Espa\u00f1ol Otero \u00a0\u00a0 Elena Baz Rodr\u00edguez \u00a0\u00a0 Manuel Javier Crespo Gonz\u00e1lez \u00a0\u00a0 Teresa Vicente Baz \u00a0\u00a0 Paulino Rodr\u00edguez Gonz\u00e1lez \u00a0\u00a0 M\u00aa Concepci\u00f3n Ortega Mart\u00ednez \u00a0\u00a0 Jos\u00e9 &hellip; <\/p>\n","protected":false},"author":1,"featured_media":0,"parent":16899,"menu_order":0,"comment_status":"closed","ping_status":"closed","template":"","meta":[],"yoast_head":"<!-- This site is optimized with the Yoast SEO plugin v21.1 - https:\/\/yoast.com\/wordpress\/plugins\/seo\/ -->\n<title>Municipal Corporation - Concello da Guarda<\/title>\n<meta name=\"robots\" content=\"index, follow, max-snippet:-1, max-image-preview:large, max-video-preview:-1\" \/>\n<link rel=\"canonical\" href=\"https:\/\/www.aguarda.es\/en\/local-administration\/municipal-corporation\/\" \/>\n<meta property=\"og:locale\" content=\"en_US\" \/>\n<meta property=\"og:type\" content=\"article\" \/>\n<meta property=\"og:title\" content=\"Municipal Corporation - Concello da Guarda\" \/>\n<meta property=\"og:description\" content=\"[vc_row][vc_column][vc_column_text el_class=&#8221;hidden&#8221;] \u00a0\u00a0 Antonio Lomba Baz \u00a0\u00a0 M\u00aa Monserrat Magallanes \u00c1lvarez \u00a0\u00a0 Miguel Angel Espa\u00f1ol Otero \u00a0\u00a0 Elena Baz Rodr\u00edguez \u00a0\u00a0 Manuel Javier Crespo Gonz\u00e1lez \u00a0\u00a0 Teresa Vicente Baz \u00a0\u00a0 Paulino Rodr\u00edguez Gonz\u00e1lez \u00a0\u00a0 M\u00aa Concepci\u00f3n Ortega Mart\u00ednez \u00a0\u00a0 Jos\u00e9 &hellip;\" \/>\n<meta property=\"og:url\" content=\"https:\/\/www.aguarda.es\/en\/local-administration\/municipal-corporation\/\" \/>\n<meta property=\"og:site_name\" content=\"Concello da Guarda\" \/>\n<meta property=\"article:publisher\" content=\"https:\/\/www.facebook.com\/ConcellodaGuarda\" \/>\n<meta property=\"article:modified_time\" content=\"2019-06-05T15:50:17+00:00\" \/>\n<meta property=\"og:image\" content=\"https:\/\/www.aguarda.es\/wp-content\/uploads\/2013\/11\/logo_psoe.jpg\" \/>\n<meta name=\"twitter:card\" content=\"summary_large_image\" \/>\n<meta name=\"twitter:site\" content=\"@AGuarda_es\" \/>\n<meta name=\"twitter:label1\" content=\"Est. reading time\" \/>\n\t<meta name=\"twitter:data1\" content=\"1 minute\" \/>\n<script type=\"application\/ld+json\" class=\"yoast-schema-graph\">{\"@context\":\"https:\/\/schema.org\",\"@graph\":[{\"@type\":\"WebPage\",\"@id\":\"https:\/\/www.aguarda.es\/en\/local-administration\/municipal-corporation\/\",\"url\":\"https:\/\/www.aguarda.es\/en\/local-administration\/municipal-corporation\/\",\"name\":\"Municipal Corporation - Concello da Guarda\",\"isPartOf\":{\"@id\":\"https:\/\/www.aguarda.es\/en\/#website\"},\"datePublished\":\"2019-02-16T11:24:51+00:00\",\"dateModified\":\"2019-06-05T15:50:17+00:00\",\"breadcrumb\":{\"@id\":\"https:\/\/www.aguarda.es\/en\/local-administration\/municipal-corporation\/#breadcrumb\"},\"inLanguage\":\"en-US\",\"potentialAction\":[{\"@type\":\"ReadAction\",\"target\":[\"https:\/\/www.aguarda.es\/en\/local-administration\/municipal-corporation\/\"]}]},{\"@type\":\"BreadcrumbList\",\"@id\":\"https:\/\/www.aguarda.es\/en\/local-administration\/municipal-corporation\/#breadcrumb\",\"itemListElement\":[{\"@type\":\"ListItem\",\"position\":1,\"name\":\"Portada\",\"item\":\"https:\/\/www.aguarda.es\/en\/\"},{\"@type\":\"ListItem\",\"position\":2,\"name\":\"Local Administration\",\"item\":\"https:\/\/www.aguarda.es\/en\/local-administration\/\"},{\"@type\":\"ListItem\",\"position\":3,\"name\":\"Municipal Corporation\"}]},{\"@type\":\"WebSite\",\"@id\":\"https:\/\/www.aguarda.es\/en\/#website\",\"url\":\"https:\/\/www.aguarda.es\/en\/\",\"name\":\"Concello da Guarda\",\"description\":\"P\u00e1xina web do concello da Guarda\",\"potentialAction\":[{\"@type\":\"SearchAction\",\"target\":{\"@type\":\"EntryPoint\",\"urlTemplate\":\"https:\/\/www.aguarda.es\/en\/?s={search_term_string}\"},\"query-input\":\"required name=search_term_string\"}],\"inLanguage\":\"en-US\"}]}<\/script>\n<!-- \/ Yoast SEO plugin. -->","yoast_head_json":{"title":"Municipal Corporation - Concello da Guarda","robots":{"index":"index","follow":"follow","max-snippet":"max-snippet:-1","max-image-preview":"max-image-preview:large","max-video-preview":"max-video-preview:-1"},"canonical":"https:\/\/www.aguarda.es\/en\/local-administration\/municipal-corporation\/","og_locale":"en_US","og_type":"article","og_title":"Municipal Corporation - Concello da Guarda","og_description":"[vc_row][vc_column][vc_column_text el_class=&#8221;hidden&#8221;] \u00a0\u00a0 Antonio Lomba Baz \u00a0\u00a0 M\u00aa Monserrat Magallanes \u00c1lvarez \u00a0\u00a0 Miguel Angel Espa\u00f1ol Otero \u00a0\u00a0 Elena Baz Rodr\u00edguez \u00a0\u00a0 Manuel Javier Crespo Gonz\u00e1lez \u00a0\u00a0 Teresa Vicente Baz \u00a0\u00a0 Paulino Rodr\u00edguez Gonz\u00e1lez \u00a0\u00a0 M\u00aa Concepci\u00f3n Ortega Mart\u00ednez \u00a0\u00a0 Jos\u00e9 &hellip;","og_url":"https:\/\/www.aguarda.es\/en\/local-administration\/municipal-corporation\/","og_site_name":"Concello da Guarda","article_publisher":"https:\/\/www.facebook.com\/ConcellodaGuarda","article_modified_time":"2019-06-05T15:50:17+00:00","og_image":[{"url":"https:\/\/www.aguarda.es\/wp-content\/uploads\/2013\/11\/logo_psoe.jpg"}],"twitter_card":"summary_large_image","twitter_site":"@AGuarda_es","twitter_misc":{"Est. reading time":"1 minute"},"schema":{"@context":"https:\/\/schema.org","@graph":[{"@type":"WebPage","@id":"https:\/\/www.aguarda.es\/en\/local-administration\/municipal-corporation\/","url":"https:\/\/www.aguarda.es\/en\/local-administration\/municipal-corporation\/","name":"Municipal Corporation - Concello da Guarda","isPartOf":{"@id":"https:\/\/www.aguarda.es\/en\/#website"},"datePublished":"2019-02-16T11:24:51+00:00","dateModified":"2019-06-05T15:50:17+00:00","breadcrumb":{"@id":"https:\/\/www.aguarda.es\/en\/local-administration\/municipal-corporation\/#breadcrumb"},"inLanguage":"en-US","potentialAction":[{"@type":"ReadAction","target":["https:\/\/www.aguarda.es\/en\/local-administration\/municipal-corporation\/"]}]},{"@type":"BreadcrumbList","@id":"https:\/\/www.aguarda.es\/en\/local-administration\/municipal-corporation\/#breadcrumb","itemListElement":[{"@type":"ListItem","position":1,"name":"Portada","item":"https:\/\/www.aguarda.es\/en\/"},{"@type":"ListItem","position":2,"name":"Local Administration","item":"https:\/\/www.aguarda.es\/en\/local-administration\/"},{"@type":"ListItem","position":3,"name":"Municipal Corporation"}]},{"@type":"WebSite","@id":"https:\/\/www.aguarda.es\/en\/#website","url":"https:\/\/www.aguarda.es\/en\/","name":"Concello da Guarda","description":"P\u00e1xina web do concello da Guarda","potentialAction":[{"@type":"SearchAction","target":{"@type":"EntryPoint","urlTemplate":"https:\/\/www.aguarda.es\/en\/?s={search_term_string}"},"query-input":"required name=search_term_string"}],"inLanguage":"en-US"}]}},"_links":{"self":[{"href":"https:\/\/www.aguarda.es\/en\/wp-json\/wp\/v2\/pages\/16878"}],"collection":[{"href":"https:\/\/www.aguarda.es\/en\/wp-json\/wp\/v2\/pages"}],"about":[{"href":"https:\/\/www.aguarda.es\/en\/wp-json\/wp\/v2\/types\/page"}],"author":[{"embeddable":true,"href":"https:\/\/www.aguarda.es\/en\/wp-json\/wp\/v2\/users\/1"}],"replies":[{"embeddable":true,"href":"https:\/\/www.aguarda.es\/en\/wp-json\/wp\/v2\/comments?post=16878"}],"version-history":[{"count":1,"href":"https:\/\/www.aguarda.es\/en\/wp-json\/wp\/v2\/pages\/16878\/revisions"}],"predecessor-version":[{"id":16879,"href":"https:\/\/www.aguarda.es\/en\/wp-json\/wp\/v2\/pages\/16878\/revisions\/16879"}],"up":[{"embeddable":true,"href":"https:\/\/www.aguarda.es\/en\/wp-json\/wp\/v2\/pages\/16899"}],"wp:attachment":[{"href":"https:\/\/www.aguarda.es\/en\/wp-json\/wp\/v2\/media?parent=16878"}],"curies":[{"name":"wp","href":"https:\/\/api.w.org\/{rel}","templated":true}]}}