{"id":18593,"date":"2019-06-25T09:28:43","date_gmt":"2019-06-25T09:28:43","guid":{"rendered":"https:\/\/www.aguarda.es\/cookies-policy\/"},"modified":"2025-09-30T22:02:13","modified_gmt":"2025-09-30T22:02:13","slug":"cookies-policy","status":"publish","type":"page","link":"https:\/\/www.aguarda.es\/en\/cookies-policy\/","title":{"rendered":"Pol\u00edtica de cookies"},"content":{"rendered":"<p>Unha cookie \u00e9 un pequeno ficheiro de texto que se almacena no teu navegador cando visitas case calquera p\u00e1xina web. A s\u00faa utilidade \u00e9 que a web sexa capaz de lembrar a t\u00faa visita cando volvas navegar por esa p\u00e1xina. As cookies adoitan almacenar informaci\u00f3n de car\u00e1cter t\u00e9cnico, preferencias persoais, persoalizaci\u00f3n de contidos, estat\u00edsticas de uso, ligaz\u00f3ns a Redes Sociais, acceso a contas de usuario etc. O obxectivo da cookie \u00e9 adaptar o contido da web ao teu perfil e necesidades. Sen cookies os servizos ofrecidos por calquera p\u00e1xina ver\u00edanse minguados notablemente.<\/p>\n<p>Como propietario desta web, comun\u00edcoche que non se utiliza ningunha informaci\u00f3n persoal procedente de cookies, tan s\u00f3 util\u00edzanse estat\u00edsticas xerais de visitas.<\/p>\n<p>&nbsp;<\/p>\n<p>Cookies utilizadas neste sitio web:<\/p>\n<p>Seguindo as directrices da Axencia Espa\u00f1ola de Protecci\u00f3n de Datos procedemos a detallar o uso de cookies que fai esta web co fin de informarlle coa m\u00e1xima exactitude posible.<\/p>\n<p>Este sitio web utiliza as seguintes cookies propias:<\/p>\n<p>De Sesi\u00f3n: Para evitar que te\u00f1as que identificarche cada vez que interact\u00faes co sitio web, a non ser que pechases o navegador e o volveras abrir.<\/p>\n<p>Este sitio web utiliza as seguintes cookies de terceiros:<\/p>\n<p>Google Analytics: Almac\u00e9nanse cookies para poder elaborar estat\u00edsticas sobre o tr\u00e1fico e volume de visitas desta web. Ao utilizar este sitio web est\u00e1s a consentir o tratamento da t\u00faa informaci\u00f3n por Google. Por tanto, o exercicio de calquera dereito neste sentido deber\u00e1s facelo comunic\u00e1ndoche directamente con Google.<\/p>\n<p>Redes Sociais: Cada Rede Social utiliza as s\u00faas propias cookies para que poidas picar en bot\u00f3ns do tipo \u201cG\u00fastame\u201d ou \u201cCompartir\u201d.<\/p>\n<p>As cookies utilizadas nesta web non recollen datos de car\u00e1cter persoal.<\/p>\n<p>Desactivaci\u00f3n ou eliminaci\u00f3n de cookies<\/p>\n<p>En calquera momento poder\u00e1s exercer o teu dereito de desactivaci\u00f3n ou eliminaci\u00f3n de cookies deste sitio web. Desta maneira evitar\u00e1s que as cookies se alamcenen no teu navegador. Estas acci\u00f3ns real\u00edzanse de forma diferente en funci\u00f3n do navegador que esteas a utilizar:<\/p>\n<p>Mozilla Firefox<\/p>\n<p>Google Chrome<\/p>\n<p>Internet Explorer<\/p>\n<p>Safari<\/p>\n<p>Opera<\/p>\n<p>Notas adicionais<\/p>\n<p>Nin esta web nin os seus representantes legais fanse responsables nin do contido nin da veracidade das pol\u00edticas de privacidade que poidan ter os terceiros mencionados na Pol\u00edtica de Privacidade.<\/p>\n<p>Os navegadores web son as ferramentas encargadas de almacenar as cookies e desde este lugar debes efectuar o teu dereito a eliminaci\u00f3n ou desactivaci\u00f3n das mesmas. Nin esta web nin os seus representantes legais poden garantir a correcta ou incorrecta manipulaci\u00f3n das cookies por parte dos mencionados navegadores.<\/p>\n<p>Nalg\u00fans casos \u00e9 necesario instalar cookies para que o navegador non esqueza a t\u00faa decisi\u00f3n de non aceptaci\u00f3n das mesmas.<\/p>\n<p>No caso das cookies de Google Analytics, esta empresa almacena as cookies en servidores situados en Estados Unidos e comprom\u00e9tese a non compartila con terceiros, excepto nos casos nos que sexa necesario para o funcionamento do sistema ou cando a lei obrigue para ese efecto. Segundo Google non garda a t\u00faa direcci\u00f3n IP. Google Inc. \u00e9 unha compa\u00f1\u00eda adherida ao Acordo de Porto Seguro que garante que todos os datos transferidos ser\u00e1n tratados cun nivel de protecci\u00f3n acorde \u00e1 normativa europea. Se desexas informaci\u00f3n sobre o uso que Google d\u00e1 \u00e1s cookies anex\u00e1mosche esta ligaz\u00f3n.<\/p>\n<p>Para calquera d\u00fabida ou consulta acerca desta pol\u00edtica de cookies non dubides en comunicarche connosco a trav\u00e9s do correo <a href=\"mailto:aguarda@aguarda.es\">aguarda@aguarda.es<\/a>.<\/p>\n<p>A Pol\u00edtica de Cookies foi actualizada por \u00faltima vez o 08 de Xu\u00f1o do 2019.<\/p>\n","protected":false},"excerpt":{"rendered":"<p>Unha cookie \u00e9 un pequeno ficheiro de texto que se almacena no teu navegador cando visitas case calquera p\u00e1xina web. A s\u00faa utilidade \u00e9 que a web sexa capaz de lembrar a t\u00faa visita cando volvas navegar por esa p\u00e1xina. &hellip; <\/p>\n","protected":false},"author":1,"featured_media":0,"parent":0,"menu_order":0,"comment_status":"closed","ping_status":"closed","template":"","meta":[],"yoast_head":"<!-- This site is optimized with the Yoast SEO plugin v21.1 - https:\/\/yoast.com\/wordpress\/plugins\/seo\/ -->\n<title>Pol\u00edtica de cookies - Concello da Guarda<\/title>\n<meta name=\"robots\" content=\"index, follow, max-snippet:-1, max-image-preview:large, max-video-preview:-1\" \/>\n<link rel=\"canonical\" href=\"https:\/\/www.aguarda.es\/en\/cookies-policy\/\" \/>\n<meta property=\"og:locale\" content=\"en_US\" \/>\n<meta property=\"og:type\" content=\"article\" \/>\n<meta property=\"og:title\" content=\"Pol\u00edtica de cookies - Concello da Guarda\" \/>\n<meta property=\"og:description\" content=\"Unha cookie \u00e9 un pequeno ficheiro de texto que se almacena no teu navegador cando visitas case calquera p\u00e1xina web. A s\u00faa utilidade \u00e9 que a web sexa capaz de lembrar a t\u00faa visita cando volvas navegar por esa p\u00e1xina. &hellip;\" \/>\n<meta property=\"og:url\" content=\"https:\/\/www.aguarda.es\/en\/cookies-policy\/\" \/>\n<meta property=\"og:site_name\" content=\"Concello da Guarda\" \/>\n<meta property=\"article:publisher\" content=\"https:\/\/www.facebook.com\/ConcellodaGuarda\" \/>\n<meta property=\"article:modified_time\" content=\"2025-09-30T22:02:13+00:00\" \/>\n<meta property=\"og:image\" content=\"https:\/\/www.aguarda.es\/wp-content\/uploads\/2017\/06\/escudo-full-2.jpg\" \/>\n\t<meta property=\"og:image:width\" content=\"1135\" \/>\n\t<meta property=\"og:image:height\" content=\"712\" \/>\n\t<meta property=\"og:image:type\" content=\"image\/jpeg\" \/>\n<meta name=\"twitter:card\" content=\"summary_large_image\" \/>\n<meta name=\"twitter:site\" content=\"@AGuarda_es\" \/>\n<meta name=\"twitter:label1\" content=\"Est. reading time\" \/>\n\t<meta name=\"twitter:data1\" content=\"3 minutes\" \/>\n<script type=\"application\/ld+json\" class=\"yoast-schema-graph\">{\"@context\":\"https:\/\/schema.org\",\"@graph\":[{\"@type\":\"WebPage\",\"@id\":\"https:\/\/www.aguarda.es\/en\/cookies-policy\/\",\"url\":\"https:\/\/www.aguarda.es\/en\/cookies-policy\/\",\"name\":\"Pol\u00edtica de cookies - Concello da Guarda\",\"isPartOf\":{\"@id\":\"https:\/\/www.aguarda.es\/en\/#website\"},\"datePublished\":\"2019-06-25T09:28:43+00:00\",\"dateModified\":\"2025-09-30T22:02:13+00:00\",\"breadcrumb\":{\"@id\":\"https:\/\/www.aguarda.es\/en\/cookies-policy\/#breadcrumb\"},\"inLanguage\":\"en-US\",\"potentialAction\":[{\"@type\":\"ReadAction\",\"target\":[\"https:\/\/www.aguarda.es\/en\/cookies-policy\/\"]}]},{\"@type\":\"BreadcrumbList\",\"@id\":\"https:\/\/www.aguarda.es\/en\/cookies-policy\/#breadcrumb\",\"itemListElement\":[{\"@type\":\"ListItem\",\"position\":1,\"name\":\"Portada\",\"item\":\"https:\/\/www.aguarda.es\/en\/\"},{\"@type\":\"ListItem\",\"position\":2,\"name\":\"Pol\u00edtica de cookies\"}]},{\"@type\":\"WebSite\",\"@id\":\"https:\/\/www.aguarda.es\/en\/#website\",\"url\":\"https:\/\/www.aguarda.es\/en\/\",\"name\":\"Concello da Guarda\",\"description\":\"P\u00e1xina web do concello da Guarda\",\"potentialAction\":[{\"@type\":\"SearchAction\",\"target\":{\"@type\":\"EntryPoint\",\"urlTemplate\":\"https:\/\/www.aguarda.es\/en\/?s={search_term_string}\"},\"query-input\":\"required name=search_term_string\"}],\"inLanguage\":\"en-US\"}]}<\/script>\n<!-- \/ Yoast SEO plugin. -->","yoast_head_json":{"title":"Pol\u00edtica de cookies - Concello da Guarda","robots":{"index":"index","follow":"follow","max-snippet":"max-snippet:-1","max-image-preview":"max-image-preview:large","max-video-preview":"max-video-preview:-1"},"canonical":"https:\/\/www.aguarda.es\/en\/cookies-policy\/","og_locale":"en_US","og_type":"article","og_title":"Pol\u00edtica de cookies - Concello da Guarda","og_description":"Unha cookie \u00e9 un pequeno ficheiro de texto que se almacena no teu navegador cando visitas case calquera p\u00e1xina web. A s\u00faa utilidade \u00e9 que a web sexa capaz de lembrar a t\u00faa visita cando volvas navegar por esa p\u00e1xina. &hellip;","og_url":"https:\/\/www.aguarda.es\/en\/cookies-policy\/","og_site_name":"Concello da Guarda","article_publisher":"https:\/\/www.facebook.com\/ConcellodaGuarda","article_modified_time":"2025-09-30T22:02:13+00:00","og_image":[{"width":1135,"height":712,"url":"https:\/\/www.aguarda.es\/wp-content\/uploads\/2017\/06\/escudo-full-2.jpg","type":"image\/jpeg"}],"twitter_card":"summary_large_image","twitter_site":"@AGuarda_es","twitter_misc":{"Est. reading time":"3 minutes"},"schema":{"@context":"https:\/\/schema.org","@graph":[{"@type":"WebPage","@id":"https:\/\/www.aguarda.es\/en\/cookies-policy\/","url":"https:\/\/www.aguarda.es\/en\/cookies-policy\/","name":"Pol\u00edtica de cookies - Concello da Guarda","isPartOf":{"@id":"https:\/\/www.aguarda.es\/en\/#website"},"datePublished":"2019-06-25T09:28:43+00:00","dateModified":"2025-09-30T22:02:13+00:00","breadcrumb":{"@id":"https:\/\/www.aguarda.es\/en\/cookies-policy\/#breadcrumb"},"inLanguage":"en-US","potentialAction":[{"@type":"ReadAction","target":["https:\/\/www.aguarda.es\/en\/cookies-policy\/"]}]},{"@type":"BreadcrumbList","@id":"https:\/\/www.aguarda.es\/en\/cookies-policy\/#breadcrumb","itemListElement":[{"@type":"ListItem","position":1,"name":"Portada","item":"https:\/\/www.aguarda.es\/en\/"},{"@type":"ListItem","position":2,"name":"Pol\u00edtica de cookies"}]},{"@type":"WebSite","@id":"https:\/\/www.aguarda.es\/en\/#website","url":"https:\/\/www.aguarda.es\/en\/","name":"Concello da Guarda","description":"P\u00e1xina web do concello da Guarda","potentialAction":[{"@type":"SearchAction","target":{"@type":"EntryPoint","urlTemplate":"https:\/\/www.aguarda.es\/en\/?s={search_term_string}"},"query-input":"required name=search_term_string"}],"inLanguage":"en-US"}]}},"_links":{"self":[{"href":"https:\/\/www.aguarda.es\/en\/wp-json\/wp\/v2\/pages\/18593"}],"collection":[{"href":"https:\/\/www.aguarda.es\/en\/wp-json\/wp\/v2\/pages"}],"about":[{"href":"https:\/\/www.aguarda.es\/en\/wp-json\/wp\/v2\/types\/page"}],"author":[{"embeddable":true,"href":"https:\/\/www.aguarda.es\/en\/wp-json\/wp\/v2\/users\/1"}],"replies":[{"embeddable":true,"href":"https:\/\/www.aguarda.es\/en\/wp-json\/wp\/v2\/comments?post=18593"}],"version-history":[{"count":1,"href":"https:\/\/www.aguarda.es\/en\/wp-json\/wp\/v2\/pages\/18593\/revisions"}],"predecessor-version":[{"id":33499,"href":"https:\/\/www.aguarda.es\/en\/wp-json\/wp\/v2\/pages\/18593\/revisions\/33499"}],"wp:attachment":[{"href":"https:\/\/www.aguarda.es\/en\/wp-json\/wp\/v2\/media?parent=18593"}],"curies":[{"name":"wp","href":"https:\/\/api.w.org\/{rel}","templated":true}]}}