{"id":18595,"date":"2019-06-25T09:31:53","date_gmt":"2019-06-25T09:31:53","guid":{"rendered":"https:\/\/www.aguarda.es\/legal-notice\/"},"modified":"2019-06-25T10:13:09","modified_gmt":"2019-06-25T10:13:09","slug":"legal-notice","status":"publish","type":"page","link":"https:\/\/www.aguarda.es\/en\/legal-notice\/","title":{"rendered":"Legal notice"},"content":{"rendered":"<p><strong>Datos del propietario:<\/strong><\/p>\n<p>Conforme a lo establecido en la Ley de Servicios de la Sociedad de la Informaci\u00f3n (LSSI), se informa a los usuarios de\u00a0www.aguarda.es,\u00a0que estos son los datos del propietario de este sitio web:<\/p>\n<p><strong>Nombre:<\/strong>\u00a0Concello da Guarda<br \/>\n<strong>Direcci\u00f3n:<\/strong>\u00a0C\/ Praza do Rel\u00f3, 4\u00a0\u00a0 \u00a0CP:36780 \u2013 A Guarda (Pontevedra)<br \/>\n<strong>CIF:<\/strong>\u00a0P3602300J<br \/>\n<strong>Tel\u00e9fono de Contacto:<\/strong>(+34) 986 610 000<br \/>\n<strong>E-mail de Contacto:<\/strong>\u00a0aguarda@aguarda.es<\/p>\n<p>En este espacio, los usuarios encontrar\u00e1n toda la informaci\u00f3n relativa a los t\u00e9rminos y condiciones legales que definen las relaciones entre ellos y Concello da Guarda como responsable de www.aguarda.es. Como usuario, es importante que conozcas estos t\u00e9rminos antes de continuar tu navegaci\u00f3n.<\/p>\n<p>Concello da Guarda, como responsable de www.aguarda.es, asume el compromiso de procesar la informaci\u00f3n de nuestros usuarios y clientes con plenas garant\u00edas y cumplir con los requisitos nacionales y europeos que regulan la recopilaci\u00f3n y uso de los datos personales de nuestros usuarios.<\/p>\n<p>www.aguarda.es, por tanto, cumple rigurosamente con el RGPD (REGLAMENTO (UE) 2016\/679 de protecci\u00f3n de datos) y la LSSI-CE (Ley 34\/2002, de 11 de julio, de Servicios de la Sociedad de la Informaci\u00f3n y de Comercio Electr\u00f3nico).<\/p>\n<p><strong>\u00a0<\/strong><\/p>\n<p><strong>Condiciones generales de uso<\/strong><\/p>\n<p>Las presentes Condiciones Generales regulan el uso (incluyendo el mero acceso) de las p\u00e1ginas integrantes de www.aguarda.es, incluidos los contenidos y servicios puestos a disposici\u00f3n en ellas. Toda persona que acceda a www.aguarda.es acepta someterse a las Condiciones Generales vigentes en cada momento en ella.<\/p>\n<p><strong>\u00a0<\/strong><\/p>\n<p><strong>Datos personales que recabamos y como lo hacemos<\/strong><\/p>\n<p>Lee la\u00a0Pol\u00edtica de Privacidad<\/p>\n<p><strong>\u00a0<\/strong><\/p>\n<p><strong>Compromisos y obligaciones<\/strong><\/p>\n<p>El usuario queda informado, y acepta, que el acceso a www.aguarda.es no supone, en modo alguno, el inicio de una relaci\u00f3n comercial con Concello da Guarda. De esta forma, el usuario se compromete a utilizar www.aguarda.es, sus servicios y contenidos sin contravenir la legislaci\u00f3n vigente, la buena fe y el orden p\u00fablico.<\/p>\n<p>Queda prohibido el uso de www.aguarda.es, con fines il\u00edcitos o lesivos, o que, de cualquier forma, puedan causar perjuicio o impedir el normal funcionamiento de la misma. Respecto de los contenidos, se proh\u00edbe:<\/p>\n<p>Su reproducci\u00f3n, distribuci\u00f3n o modificaci\u00f3n, total o parcial, a menos que se cuente con la autorizaci\u00f3n de sus leg\u00edtimos titulares.<\/p>\n<p>Cualquier vulneraci\u00f3n de los derechos del prestador o de los leg\u00edtimos titulares.<\/p>\n<p>Su utilizaci\u00f3n para fines comerciales o publicitarios.<\/p>\n<p>En la utilizaci\u00f3n de www.aguarda.es el usuario se compromete a no llevar a cabo ninguna conducta que pudiera da\u00f1ar la imagen, los intereses y los derechos de Concello da Guarda o de terceros o que pudiera da\u00f1ar, inutilizar o sobrecargar www.aguarda.es o que impidiera, de cualquier forma, su normal utilizaci\u00f3n.<\/p>\n<p>No obstante, el usuario debe ser consciente de que las medidas de seguridad de los sistemas inform\u00e1ticos en Internet no son enteramente fiables y que, por tanto Concello da Guarda no puede garantizar la inexistencia de virus u otros elementos que puedan producir alteraciones en los sistemas inform\u00e1ticos del usuario o en sus documentos electr\u00f3nicos y ficheros contenidos en los mismos.<\/p>\n<p><strong>\u00a0<\/strong><\/p>\n<p><strong>Medidas de seguridad<\/strong><\/p>\n<p>Los datos personales comunicados por el usuario a Concello da Guarda pueden ser almacenados en bases de datos automatizadas o no, cuya titularidad corresponde en exclusiva a Concello da Guarda, asumiendo \u00e9sta todas las medidas de \u00edndole t\u00e9cnica, organizativa y de seguridad que garantizan la confidencialidad, integridad y calidad de la informaci\u00f3n contenida en las mismas de acuerdo con lo establecido en la normativa vigente en protecci\u00f3n de datos.<\/p>\n<p>La comunicaci\u00f3n entre los usuarios y Concello da Guarda utiliza un canal seguro, y los datos transmitidos son cifrados gracias a protocolos a HTTPS. Por tanto, garantizamos las mejores condiciones de seguridad para que la confidencialidad de los usuarios est\u00e9 garantizada.<\/p>\n<p><strong>\u00a0<\/strong><\/p>\n<p><strong>Reclamaciones<\/strong><\/p>\n<p>El usuario podr\u00e1 realizar reclamaciones remitiendo un correo electr\u00f3nico a\u00a0aguarda@aguarda.es\u00a0indicando su nombre y apellidos, el servicio solicitado y exponiendo los motivos de su reclamaci\u00f3n.<\/p>\n<p><strong>\u00a0<\/strong><\/p>\n<p><strong>Plataforma de resoluci\u00f3n de conflictos<\/strong><\/p>\n<p>Por si puede ser de tu inter\u00e9s, para someter tus reclamaciones puedes utilizar tambi\u00e9n la plataforma de resoluci\u00f3n de litigios que facilita la Comisi\u00f3n Europea y que se encuentra disponible\u00a0<a href=\"http:\/\/ec.europa.eu\/consumers\/odr\/\">aqu\u00ed<\/a>.<\/p>\n<p><strong>\u00a0<\/strong><\/p>\n<p><strong>Derechos de propiedad intelectual e industrial<\/strong><\/p>\n<p>En virtud de lo dispuesto en la Ley de Propiedad Intelectual, quedan expresamente prohibidas la reproducci\u00f3n, la distribuci\u00f3n y la comunicaci\u00f3n p\u00fablica, incluida su modalidad de puesta a disposici\u00f3n, de la totalidad o parte de los contenidos de www.aguarda.es, con fines comerciales, en cualquier soporte y por cualquier medio t\u00e9cnico, sin la autorizaci\u00f3n de Concello da Guarda. El usuario se compromete a respetar los derechos de Propiedad Intelectual e Industrial titularidad de Concello da Guarda.<\/p>\n<p>El usuario conoce y acepta que la totalidad de www.aguarda.es, conteniendo sin car\u00e1cter exhaustivo el texto, software, contenidos (incluyendo estructura, selecci\u00f3n, ordenaci\u00f3n y presentaci\u00f3n de los mismos) podcast, fotograf\u00edas, material audiovisual y gr\u00e1ficos, est\u00e1 protegida por marcas, derechos de autor y otros derechos leg\u00edtimos, de acuerdo con los tratados internacionales en los que Espa\u00f1a es parte y otros derechos de propiedad y leyes de Espa\u00f1a.<\/p>\n<p>En el caso de que un usuario o un tercero consideren que se ha producido una violaci\u00f3n de sus leg\u00edtimos derechos de propiedad intelectual por la introducci\u00f3n de un determinado contenido en www.aguarda.es, deber\u00e1 notificar dicha circunstancia a Concello da Guarda indicando:<\/p>\n<p>Datos personales del interesado titular de los derechos presuntamente infringidos, o indicar la representaci\u00f3n con la que act\u00faa en caso de que la reclamaci\u00f3n la presente un tercero distinto del interesado.<\/p>\n<p>Se\u00f1alar los contenidos protegidos por los derechos de propiedad intelectual y su ubicaci\u00f3n en www.aguarda.es, la acreditaci\u00f3n de los derechos de propiedad intelectual se\u00f1alados y declaraci\u00f3n expresa en la que el interesado se responsabiliza de la veracidad de las informaciones facilitadas en la notificaci\u00f3n.<\/p>\n<p><strong>\u00a0<\/strong><\/p>\n<p><strong>Enlaces externos<\/strong><\/p>\n<p>www.aguarda.es, proporciona enlaces a otros sitios web y contenidos que son propiedad de terceros tales como:<\/p>\n<p>Contenidos de otros blogs, p\u00e1ginas web.<\/p>\n<p>Herramientas.<\/p>\n<p>Recursos.<\/p>\n<p>El \u00fanico objeto de los enlaces es proporcionar al usuario la posibilidad de acceder a dichos enlaces.<\/p>\n<p>Concello da Guarda no se responsabiliza en ning\u00fan caso de los resultados que puedan derivarse al usuario por acceso a dichos enlaces.<\/p>\n<p>El usuario que se proponga establecer cualquier dispositivo t\u00e9cnico de enlace desde su sitio web a www.aguarda.es deber\u00e1 obtener la autorizaci\u00f3n previa y escrita de www.aguarda.es. El establecimiento del enlace no implica en ning\u00fan caso la existencia de relaciones entre Concello da Guarda y el propietario del sitio en el que se establezca el enlace, ni la aceptaci\u00f3n o aprobaci\u00f3n por parte de Concello da Guarda de sus contenidos o servicios.<\/p>\n<p><strong>\u00a0<\/strong><\/p>\n<p><strong>Pol\u00edtica de comentarios<\/strong><\/p>\n<p>En www.aguarda.es se permiten realizar comentarios para enriquecer los contenidos y realizar consultas.<\/p>\n<p>No se admitir\u00e1n comentarios que no est\u00e9n relacionados con la tem\u00e1tica de www.aguarda.es, que incluyan difamaciones, agravios, insultos, ataques personales o faltas de respeto en general hacia el autor o hacia otros miembros.<\/p>\n<p>Tambi\u00e9n ser\u00e1n suprimidos los comentarios que contengan informaci\u00f3n que sea obviamente enga\u00f1osa o falsa, as\u00ed como los comentarios que contengan informaci\u00f3n personal, como, por ejemplo, domicilios privados o tel\u00e9fonos y que vulneren nuestra pol\u00edtica de protecci\u00f3n de datos.<\/p>\n<p>Se desestimar\u00e1, igualmente, aquellos comentarios creados s\u00f3lo con fines promocionales de www.aguarda.es, persona o colectivo y todo lo que pueda ser considerado SPAM en general.<\/p>\n<p>No se permiten comentarios an\u00f3nimos, as\u00ed como aquellos realizados por una misma persona con distintos apodos. No se permitir\u00e1n tampoco aquellos comentarios que intenten forzar un debate o una toma de postura por otro usuario.<\/p>\n<p><strong>\u00a0<\/strong><\/p>\n<p><strong>Exclusi\u00f3n de garant\u00edas y responsabilidades<\/strong><\/p>\n<p>Concello da Guarda no otorga ninguna garant\u00eda ni se hace responsable, en ning\u00fan caso, de los da\u00f1os y perjuicios de cualquier naturaleza que pudieran traer causa de:<\/p>\n<p>La falta de disponibilidad, mantenimiento y efectivo funcionamiento de www.aguarda.es, o de sus servicios y contenidos.<\/p>\n<p>La existencia de virus, programas maliciosos o lesivos en los contenidos.<\/p>\n<p>El uso il\u00edcito, negligente, fraudulento o contrario a este Aviso Legal.<\/p>\n<p>La falta de licitud, calidad, fiabilidad, utilidad y disponibilidad de los servicios prestados por terceros y puestos a disposici\u00f3n de los usuarios en www.aguarda.es.<\/p>\n<p>Los da\u00f1os que pudieran dimanar del uso ilegal o indebido de www.aguarda.es.<\/p>\n<p><strong>\u00a0<\/strong><\/p>\n<p><strong>Ley aplicable y jurisdicci\u00f3n<\/strong><\/p>\n<p>Con car\u00e1cter general las relaciones entre Concello da Guarda con los usuarios de sus servicios telem\u00e1ticos, presentes en www.aguarda.es se encuentran sometidas a la legislaci\u00f3n y jurisdicci\u00f3n espa\u00f1olas y a los tribunales m\u00e1s cercanos A Guarda (Pontevedra).<\/p>\n<p><strong>\u00a0<\/strong><\/p>\n<p><strong>Contacto<\/strong><\/p>\n<p>En caso de que cualquier usuario tuviese alguna duda acerca de estas Condiciones Legales o cualquier comentario sobre www.aguarda.es, por favor dir\u00edjase a\u00a0aguarda@aguarda.es<\/p>\n<p>El Aviso Legal fue actualizado por \u00faltima vez el 07 de junio del 2019.<\/p>\n","protected":false},"excerpt":{"rendered":"<p>Datos del propietario: Conforme a lo establecido en la Ley de Servicios de la Sociedad de la Informaci\u00f3n (LSSI), se informa a los usuarios de\u00a0www.aguarda.es,\u00a0que estos son los datos del propietario de este sitio web: Nombre:\u00a0Concello da Guarda Direcci\u00f3n:\u00a0C\/ Praza &hellip; <\/p>\n","protected":false},"author":1,"featured_media":0,"parent":0,"menu_order":0,"comment_status":"closed","ping_status":"closed","template":"","meta":[],"yoast_head":"<!-- This site is optimized with the Yoast SEO plugin v21.1 - https:\/\/yoast.com\/wordpress\/plugins\/seo\/ -->\n<title>Legal notice - Concello da Guarda<\/title>\n<meta name=\"robots\" content=\"index, follow, max-snippet:-1, max-image-preview:large, max-video-preview:-1\" \/>\n<link rel=\"canonical\" href=\"https:\/\/www.aguarda.es\/en\/legal-notice\/\" \/>\n<meta property=\"og:locale\" content=\"en_US\" \/>\n<meta property=\"og:type\" content=\"article\" \/>\n<meta property=\"og:title\" content=\"Legal notice - Concello da Guarda\" \/>\n<meta property=\"og:description\" content=\"Datos del propietario: Conforme a lo establecido en la Ley de Servicios de la Sociedad de la Informaci\u00f3n (LSSI), se informa a los usuarios de\u00a0www.aguarda.es,\u00a0que estos son los datos del propietario de este sitio web: Nombre:\u00a0Concello da Guarda Direcci\u00f3n:\u00a0C\/ Praza &hellip;\" \/>\n<meta property=\"og:url\" content=\"https:\/\/www.aguarda.es\/en\/legal-notice\/\" \/>\n<meta property=\"og:site_name\" content=\"Concello da Guarda\" \/>\n<meta property=\"article:publisher\" content=\"https:\/\/www.facebook.com\/ConcellodaGuarda\" \/>\n<meta property=\"article:modified_time\" content=\"2019-06-25T10:13:09+00:00\" \/>\n<meta property=\"og:image\" content=\"https:\/\/www.aguarda.es\/wp-content\/uploads\/2017\/06\/escudo-full-2.jpg\" \/>\n\t<meta property=\"og:image:width\" content=\"1135\" \/>\n\t<meta property=\"og:image:height\" content=\"712\" \/>\n\t<meta property=\"og:image:type\" content=\"image\/jpeg\" \/>\n<meta name=\"twitter:card\" content=\"summary_large_image\" \/>\n<meta name=\"twitter:site\" content=\"@AGuarda_es\" \/>\n<meta name=\"twitter:label1\" content=\"Est. reading time\" \/>\n\t<meta name=\"twitter:data1\" content=\"8 minutes\" \/>\n<script type=\"application\/ld+json\" class=\"yoast-schema-graph\">{\"@context\":\"https:\/\/schema.org\",\"@graph\":[{\"@type\":\"WebPage\",\"@id\":\"https:\/\/www.aguarda.es\/en\/legal-notice\/\",\"url\":\"https:\/\/www.aguarda.es\/en\/legal-notice\/\",\"name\":\"Legal notice - Concello da Guarda\",\"isPartOf\":{\"@id\":\"https:\/\/www.aguarda.es\/en\/#website\"},\"datePublished\":\"2019-06-25T09:31:53+00:00\",\"dateModified\":\"2019-06-25T10:13:09+00:00\",\"breadcrumb\":{\"@id\":\"https:\/\/www.aguarda.es\/en\/legal-notice\/#breadcrumb\"},\"inLanguage\":\"en-US\",\"potentialAction\":[{\"@type\":\"ReadAction\",\"target\":[\"https:\/\/www.aguarda.es\/en\/legal-notice\/\"]}]},{\"@type\":\"BreadcrumbList\",\"@id\":\"https:\/\/www.aguarda.es\/en\/legal-notice\/#breadcrumb\",\"itemListElement\":[{\"@type\":\"ListItem\",\"position\":1,\"name\":\"Portada\",\"item\":\"https:\/\/www.aguarda.es\/en\/\"},{\"@type\":\"ListItem\",\"position\":2,\"name\":\"Legal notice\"}]},{\"@type\":\"WebSite\",\"@id\":\"https:\/\/www.aguarda.es\/en\/#website\",\"url\":\"https:\/\/www.aguarda.es\/en\/\",\"name\":\"Concello da Guarda\",\"description\":\"P\u00e1xina web do concello da Guarda\",\"potentialAction\":[{\"@type\":\"SearchAction\",\"target\":{\"@type\":\"EntryPoint\",\"urlTemplate\":\"https:\/\/www.aguarda.es\/en\/?s={search_term_string}\"},\"query-input\":\"required name=search_term_string\"}],\"inLanguage\":\"en-US\"}]}<\/script>\n<!-- \/ Yoast SEO plugin. -->","yoast_head_json":{"title":"Legal notice - Concello da Guarda","robots":{"index":"index","follow":"follow","max-snippet":"max-snippet:-1","max-image-preview":"max-image-preview:large","max-video-preview":"max-video-preview:-1"},"canonical":"https:\/\/www.aguarda.es\/en\/legal-notice\/","og_locale":"en_US","og_type":"article","og_title":"Legal notice - Concello da Guarda","og_description":"Datos del propietario: Conforme a lo establecido en la Ley de Servicios de la Sociedad de la Informaci\u00f3n (LSSI), se informa a los usuarios de\u00a0www.aguarda.es,\u00a0que estos son los datos del propietario de este sitio web: Nombre:\u00a0Concello da Guarda Direcci\u00f3n:\u00a0C\/ Praza &hellip;","og_url":"https:\/\/www.aguarda.es\/en\/legal-notice\/","og_site_name":"Concello da Guarda","article_publisher":"https:\/\/www.facebook.com\/ConcellodaGuarda","article_modified_time":"2019-06-25T10:13:09+00:00","og_image":[{"width":1135,"height":712,"url":"https:\/\/www.aguarda.es\/wp-content\/uploads\/2017\/06\/escudo-full-2.jpg","type":"image\/jpeg"}],"twitter_card":"summary_large_image","twitter_site":"@AGuarda_es","twitter_misc":{"Est. reading time":"8 minutes"},"schema":{"@context":"https:\/\/schema.org","@graph":[{"@type":"WebPage","@id":"https:\/\/www.aguarda.es\/en\/legal-notice\/","url":"https:\/\/www.aguarda.es\/en\/legal-notice\/","name":"Legal notice - Concello da Guarda","isPartOf":{"@id":"https:\/\/www.aguarda.es\/en\/#website"},"datePublished":"2019-06-25T09:31:53+00:00","dateModified":"2019-06-25T10:13:09+00:00","breadcrumb":{"@id":"https:\/\/www.aguarda.es\/en\/legal-notice\/#breadcrumb"},"inLanguage":"en-US","potentialAction":[{"@type":"ReadAction","target":["https:\/\/www.aguarda.es\/en\/legal-notice\/"]}]},{"@type":"BreadcrumbList","@id":"https:\/\/www.aguarda.es\/en\/legal-notice\/#breadcrumb","itemListElement":[{"@type":"ListItem","position":1,"name":"Portada","item":"https:\/\/www.aguarda.es\/en\/"},{"@type":"ListItem","position":2,"name":"Legal notice"}]},{"@type":"WebSite","@id":"https:\/\/www.aguarda.es\/en\/#website","url":"https:\/\/www.aguarda.es\/en\/","name":"Concello da Guarda","description":"P\u00e1xina web do concello da Guarda","potentialAction":[{"@type":"SearchAction","target":{"@type":"EntryPoint","urlTemplate":"https:\/\/www.aguarda.es\/en\/?s={search_term_string}"},"query-input":"required name=search_term_string"}],"inLanguage":"en-US"}]}},"_links":{"self":[{"href":"https:\/\/www.aguarda.es\/en\/wp-json\/wp\/v2\/pages\/18595"}],"collection":[{"href":"https:\/\/www.aguarda.es\/en\/wp-json\/wp\/v2\/pages"}],"about":[{"href":"https:\/\/www.aguarda.es\/en\/wp-json\/wp\/v2\/types\/page"}],"author":[{"embeddable":true,"href":"https:\/\/www.aguarda.es\/en\/wp-json\/wp\/v2\/users\/1"}],"replies":[{"embeddable":true,"href":"https:\/\/www.aguarda.es\/en\/wp-json\/wp\/v2\/comments?post=18595"}],"version-history":[{"count":1,"href":"https:\/\/www.aguarda.es\/en\/wp-json\/wp\/v2\/pages\/18595\/revisions"}],"predecessor-version":[{"id":18602,"href":"https:\/\/www.aguarda.es\/en\/wp-json\/wp\/v2\/pages\/18595\/revisions\/18602"}],"wp:attachment":[{"href":"https:\/\/www.aguarda.es\/en\/wp-json\/wp\/v2\/media?parent=18595"}],"curies":[{"name":"wp","href":"https:\/\/api.w.org\/{rel}","templated":true}]}}