{"id":21095,"date":"2020-04-20T20:55:54","date_gmt":"2020-04-20T20:55:54","guid":{"rendered":"https:\/\/www.aguarda.es\/?page_id=21095"},"modified":"2023-12-23T08:57:28","modified_gmt":"2023-12-23T08:57:28","slug":"movete-actividade-fisica","status":"publish","type":"page","link":"https:\/\/www.aguarda.es\/en\/rebulindo\/movete-actividade-fisica\/","title":{"rendered":"M\u00f3vete (Actividade f\u00edsica)"},"content":{"rendered":"<p>[vc_row][vc_column el_id=&#8221;arriba&#8221;][vc_column_text]<\/p>\n<p style=\"text-align: center;\"><span style=\"font-weight: 400;\">Rutinas de actividade f\u00edsica para manterse en forma dende a casa.<\/span><\/p>\n<p>[\/vc_column_text][\/vc_column][\/vc_row][vc_row][vc_column][vc_text_separator title=&#8221;Rutinas en v\u00eddeo&#8221; i_icon_fontawesome=&#8221;fa fa-video-camera&#8221; border_width=&#8221;5&#8243; add_icon=&#8221;true&#8221;][\/vc_column][\/vc_row][vc_row][vc_column width=&#8221;1\/2&#8243;][vc_hoverbox image=&#8221;21231&#8243; primary_title=&#8221;&#8221; hover_title=&#8221;Mu\u00e9vete en Casa&#8221;]<\/p>\n<p style=\"text-align: center;\"><a href=\"https:\/\/www.youtube.com\/playlist?reload=9&amp;list=PLc6y_bIejLFGuGnkHi2RDgke4eGtJyhRE&amp;fbclid=IwAR2DkUVZIqw705WMnvHt1wtwpcXSo04-fvnItQdisJY-1BwUoaESIkkScgk\"><span style=\"font-weight: 400;\">Canle de youtube con sesi\u00f3ns diarias de adestramento na casa<\/span><\/a><\/p>\n<p>[\/vc_hoverbox][\/vc_column][vc_column width=&#8221;1\/2&#8243;][vc_hoverbox image=&#8221;21233&#8243; primary_title=&#8221;&#8221; hover_title=&#8221;Be One&#8221;]<\/p>\n<p style=\"text-align: center;\"><a href=\"http:\/\/beone.es\/\"><span style=\"font-weight: 400;\">Aplicaci\u00f3n m\u00f3bil gratu\u00edta con todo tipo de actividades para manterse en forma<\/span><\/a><\/p>\n<p>[\/vc_hoverbox][\/vc_column][\/vc_row][vc_row][vc_column][vc_text_separator title=&#8221;Programas de adestramento segundo nivel&#8221; i_icon_fontawesome=&#8221;fa fa-signal&#8221; border_width=&#8221;5&#8243; add_icon=&#8221;true&#8221;][\/vc_column][\/vc_row][vc_row][vc_column][vc_tta_tabs style=&#8221;modern&#8221; shape=&#8221;square&#8221; spacing=&#8221;20&#8243; gap=&#8221;1&#8243; alignment=&#8221;center&#8221; active_section=&#8221;1&#8243;][vc_tta_section i_position=&#8221;right&#8221; i_icon_fontawesome=&#8221;fa fa-battery-quarter&#8221; add_icon=&#8221;true&#8221; title=&#8221;Principiante&#8221; tab_id=&#8221;1588083198670-83596afb-5b5b&#8221;][vc_cta h2=&#8221;Listado de entrenamentos:&#8221;]<a href=\"https:\/\/www.aguarda.es\/wp-content\/uploads\/2020\/04\/Rutina-nivel-principiante.pdf\">Ficha 1<\/a>[\/vc_cta][\/vc_tta_section][vc_tta_section i_position=&#8221;right&#8221; i_icon_fontawesome=&#8221;fa fa-battery-half&#8221; add_icon=&#8221;true&#8221; title=&#8221;Intermedio&#8221; tab_id=&#8221;1588083198700-90845741-8a0d&#8221;][vc_cta h2=&#8221;Listado de entrenamentos:&#8221;]<a href=\"https:\/\/www.aguarda.es\/wp-content\/uploads\/2020\/04\/Rutina-nivel-intermedio.pdf\">Ficha 1<\/a>[\/vc_cta][\/vc_tta_section][vc_tta_section i_position=&#8221;right&#8221; i_icon_fontawesome=&#8221;fa fa-battery-full&#8221; add_icon=&#8221;true&#8221; title=&#8221;Avanzado&#8221; tab_id=&#8221;1588083215687-c4c019e5-37cc&#8221;][vc_cta h2=&#8221;Listado de entrenamentos:&#8221;]<a href=\"https:\/\/www.aguarda.es\/wp-content\/uploads\/2020\/04\/Rutina-nivel-avanzado.pdf\">Ficha 1<\/a>[\/vc_cta][\/vc_tta_section][\/vc_tta_tabs][\/vc_column][\/vc_row][vc_row][vc_column][vc_column_text]<\/p>\n<p style=\"text-align: center;\"><a href=\"https:\/\/www.aguarda.es\/rebulindo\/movete-actividade-fisica\/#arriba\">Voltar arriba<\/a><\/p>\n<p>[\/vc_column_text][\/vc_column][\/vc_row][vc_row][vc_column][vc_text_separator title=&#8221;Clases en v\u00eddeo dos Centros Deportivos Guardeses&#8221; i_icon_fontawesome=&#8221;fa fa-file-video-o&#8221; border_width=&#8221;5&#8243; add_icon=&#8221;true&#8221;][\/vc_column][\/vc_row][vc_row][vc_column width=&#8221;1\/3&#8243;][vc_hoverbox image=&#8221;21472&#8243; primary_title=&#8221;&#8221; hover_title=&#8221;Centro Domaj\u00f3 &#8211; Pilates&#8221;]<\/p>\n<p style=\"text-align: center;\"><a href=\"https:\/\/www.youtube.com\/watch?v=A2XW44nyTVA&amp;feature=youtu.be\">Acceder<\/a><\/p>\n<p>[\/vc_hoverbox][\/vc_column][vc_column width=&#8221;1\/3&#8243;][vc_hoverbox image=&#8221;21474&#8243; primary_title=&#8221;&#8221; hover_title=&#8221;Centro Domaj\u00f3 &#8211; Tonificaci\u00f3n creativa&#8221;]<\/p>\n<p style=\"text-align: center;\"><a href=\"https:\/\/www.youtube.com\/watch?v=hlBnqhPO0m4&amp;feature=youtu.be\">Acceder<\/a><\/p>\n<p>[\/vc_hoverbox][\/vc_column][vc_column width=&#8221;1\/3&#8243;][vc_hoverbox image=&#8221;21476&#8243; primary_title=&#8221;&#8221; hover_title=&#8221;Clase de Ioga &#8211; Centro Awen&#8221;]<\/p>\n<p style=\"text-align: center;\"><a href=\"https:\/\/www.youtube.com\/watch?v=ULTRtXnAxnQ\">Acceder<\/a><\/p>\n<p>[\/vc_hoverbox][\/vc_column][\/vc_row]<\/p>\n","protected":false},"excerpt":{"rendered":"<p>[vc_row][vc_column el_id=&#8221;arriba&#8221;][vc_column_text] Rutinas de actividade f\u00edsica para manterse en forma dende a casa. [\/vc_column_text][\/vc_column][\/vc_row][vc_row][vc_column][vc_text_separator title=&#8221;Rutinas en v\u00eddeo&#8221; i_icon_fontawesome=&#8221;fa fa-video-camera&#8221; border_width=&#8221;5&#8243; add_icon=&#8221;true&#8221;][\/vc_column][\/vc_row][vc_row][vc_column width=&#8221;1\/2&#8243;][vc_hoverbox image=&#8221;21231&#8243; primary_title=&#8221;&#8221; hover_title=&#8221;Mu\u00e9vete en Casa&#8221;] Canle de youtube con sesi\u00f3ns diarias de adestramento na casa [\/vc_hoverbox][\/vc_column][vc_column width=&#8221;1\/2&#8243;][vc_hoverbox image=&#8221;21233&#8243; &hellip; <\/p>\n","protected":false},"author":1,"featured_media":21231,"parent":21053,"menu_order":0,"comment_status":"closed","ping_status":"closed","template":"","meta":[],"yoast_head":"<!-- This site is optimized with the Yoast SEO plugin v21.1 - https:\/\/yoast.com\/wordpress\/plugins\/seo\/ -->\n<title>M\u00f3vete (Actividade f\u00edsica) - Concello da Guarda<\/title>\n<meta name=\"robots\" content=\"index, follow, max-snippet:-1, max-image-preview:large, max-video-preview:-1\" \/>\n<link rel=\"canonical\" href=\"https:\/\/www.aguarda.es\/en\/rebulindo\/movete-actividade-fisica\/\" \/>\n<meta property=\"og:locale\" content=\"en_US\" \/>\n<meta property=\"og:type\" content=\"article\" \/>\n<meta property=\"og:title\" content=\"M\u00f3vete (Actividade f\u00edsica) - Concello da Guarda\" \/>\n<meta property=\"og:description\" content=\"[vc_row][vc_column el_id=&#8221;arriba&#8221;][vc_column_text] Rutinas de actividade f\u00edsica para manterse en forma dende a casa. [\/vc_column_text][\/vc_column][\/vc_row][vc_row][vc_column][vc_text_separator title=&#8221;Rutinas en v\u00eddeo&#8221; i_icon_fontawesome=&#8221;fa fa-video-camera&#8221; border_width=&#8221;5&#8243; add_icon=&#8221;true&#8221;][\/vc_column][\/vc_row][vc_row][vc_column width=&#8221;1\/2&#8243;][vc_hoverbox image=&#8221;21231&#8243; primary_title=&#8221;&#8221; hover_title=&#8221;Mu\u00e9vete en Casa&#8221;] Canle de youtube con sesi\u00f3ns diarias de adestramento na casa [\/vc_hoverbox][\/vc_column][vc_column width=&#8221;1\/2&#8243;][vc_hoverbox image=&#8221;21233&#8243; &hellip;\" \/>\n<meta property=\"og:url\" content=\"https:\/\/www.aguarda.es\/en\/rebulindo\/movete-actividade-fisica\/\" \/>\n<meta property=\"og:site_name\" content=\"Concello da Guarda\" \/>\n<meta property=\"article:publisher\" content=\"https:\/\/www.facebook.com\/ConcellodaGuarda\" \/>\n<meta property=\"article:modified_time\" content=\"2023-12-23T08:57:28+00:00\" \/>\n<meta property=\"og:image\" content=\"https:\/\/www.aguarda.es\/wp-content\/uploads\/2020\/04\/MUEVETEENCASALA2-copia.jpg?_t=1703321849\" \/>\n\t<meta property=\"og:image:width\" content=\"400\" \/>\n\t<meta property=\"og:image:height\" content=\"400\" \/>\n\t<meta property=\"og:image:type\" content=\"image\/jpeg\" \/>\n<meta name=\"twitter:card\" content=\"summary_large_image\" \/>\n<meta name=\"twitter:site\" content=\"@AGuarda_es\" \/>\n<meta name=\"twitter:label1\" content=\"Est. reading time\" \/>\n\t<meta name=\"twitter:data1\" content=\"2 minutes\" \/>\n<script type=\"application\/ld+json\" class=\"yoast-schema-graph\">{\"@context\":\"https:\/\/schema.org\",\"@graph\":[{\"@type\":\"WebPage\",\"@id\":\"https:\/\/www.aguarda.es\/en\/rebulindo\/movete-actividade-fisica\/\",\"url\":\"https:\/\/www.aguarda.es\/en\/rebulindo\/movete-actividade-fisica\/\",\"name\":\"M\u00f3vete (Actividade f\u00edsica) - Concello da Guarda\",\"isPartOf\":{\"@id\":\"https:\/\/www.aguarda.es\/en\/#website\"},\"datePublished\":\"2020-04-20T20:55:54+00:00\",\"dateModified\":\"2023-12-23T08:57:28+00:00\",\"breadcrumb\":{\"@id\":\"https:\/\/www.aguarda.es\/en\/rebulindo\/movete-actividade-fisica\/#breadcrumb\"},\"inLanguage\":\"en-US\",\"potentialAction\":[{\"@type\":\"ReadAction\",\"target\":[\"https:\/\/www.aguarda.es\/en\/rebulindo\/movete-actividade-fisica\/\"]}]},{\"@type\":\"BreadcrumbList\",\"@id\":\"https:\/\/www.aguarda.es\/en\/rebulindo\/movete-actividade-fisica\/#breadcrumb\",\"itemListElement\":[{\"@type\":\"ListItem\",\"position\":1,\"name\":\"Portada\",\"item\":\"https:\/\/www.aguarda.es\/en\/\"},{\"@type\":\"ListItem\",\"position\":2,\"name\":\"Rebulindo (dende a casa)\",\"item\":\"https:\/\/www.aguarda.es\/en\/rebulindo\/\"},{\"@type\":\"ListItem\",\"position\":3,\"name\":\"M\u00f3vete (Actividade f\u00edsica)\"}]},{\"@type\":\"WebSite\",\"@id\":\"https:\/\/www.aguarda.es\/en\/#website\",\"url\":\"https:\/\/www.aguarda.es\/en\/\",\"name\":\"Concello da Guarda\",\"description\":\"P\u00e1xina web do concello da Guarda\",\"potentialAction\":[{\"@type\":\"SearchAction\",\"target\":{\"@type\":\"EntryPoint\",\"urlTemplate\":\"https:\/\/www.aguarda.es\/en\/?s={search_term_string}\"},\"query-input\":\"required name=search_term_string\"}],\"inLanguage\":\"en-US\"}]}<\/script>\n<!-- \/ Yoast SEO plugin. -->","yoast_head_json":{"title":"M\u00f3vete (Actividade f\u00edsica) - Concello da Guarda","robots":{"index":"index","follow":"follow","max-snippet":"max-snippet:-1","max-image-preview":"max-image-preview:large","max-video-preview":"max-video-preview:-1"},"canonical":"https:\/\/www.aguarda.es\/en\/rebulindo\/movete-actividade-fisica\/","og_locale":"en_US","og_type":"article","og_title":"M\u00f3vete (Actividade f\u00edsica) - Concello da Guarda","og_description":"[vc_row][vc_column el_id=&#8221;arriba&#8221;][vc_column_text] Rutinas de actividade f\u00edsica para manterse en forma dende a casa. [\/vc_column_text][\/vc_column][\/vc_row][vc_row][vc_column][vc_text_separator title=&#8221;Rutinas en v\u00eddeo&#8221; i_icon_fontawesome=&#8221;fa fa-video-camera&#8221; border_width=&#8221;5&#8243; add_icon=&#8221;true&#8221;][\/vc_column][\/vc_row][vc_row][vc_column width=&#8221;1\/2&#8243;][vc_hoverbox image=&#8221;21231&#8243; primary_title=&#8221;&#8221; hover_title=&#8221;Mu\u00e9vete en Casa&#8221;] Canle de youtube con sesi\u00f3ns diarias de adestramento na casa [\/vc_hoverbox][\/vc_column][vc_column width=&#8221;1\/2&#8243;][vc_hoverbox image=&#8221;21233&#8243; &hellip;","og_url":"https:\/\/www.aguarda.es\/en\/rebulindo\/movete-actividade-fisica\/","og_site_name":"Concello da Guarda","article_publisher":"https:\/\/www.facebook.com\/ConcellodaGuarda","article_modified_time":"2023-12-23T08:57:28+00:00","og_image":[{"width":400,"height":400,"url":"https:\/\/www.aguarda.es\/wp-content\/uploads\/2020\/04\/MUEVETEENCASALA2-copia.jpg?_t=1703321849","type":"image\/jpeg"}],"twitter_card":"summary_large_image","twitter_site":"@AGuarda_es","twitter_misc":{"Est. reading time":"2 minutes"},"schema":{"@context":"https:\/\/schema.org","@graph":[{"@type":"WebPage","@id":"https:\/\/www.aguarda.es\/en\/rebulindo\/movete-actividade-fisica\/","url":"https:\/\/www.aguarda.es\/en\/rebulindo\/movete-actividade-fisica\/","name":"M\u00f3vete (Actividade f\u00edsica) - Concello da Guarda","isPartOf":{"@id":"https:\/\/www.aguarda.es\/en\/#website"},"datePublished":"2020-04-20T20:55:54+00:00","dateModified":"2023-12-23T08:57:28+00:00","breadcrumb":{"@id":"https:\/\/www.aguarda.es\/en\/rebulindo\/movete-actividade-fisica\/#breadcrumb"},"inLanguage":"en-US","potentialAction":[{"@type":"ReadAction","target":["https:\/\/www.aguarda.es\/en\/rebulindo\/movete-actividade-fisica\/"]}]},{"@type":"BreadcrumbList","@id":"https:\/\/www.aguarda.es\/en\/rebulindo\/movete-actividade-fisica\/#breadcrumb","itemListElement":[{"@type":"ListItem","position":1,"name":"Portada","item":"https:\/\/www.aguarda.es\/en\/"},{"@type":"ListItem","position":2,"name":"Rebulindo (dende a casa)","item":"https:\/\/www.aguarda.es\/en\/rebulindo\/"},{"@type":"ListItem","position":3,"name":"M\u00f3vete (Actividade f\u00edsica)"}]},{"@type":"WebSite","@id":"https:\/\/www.aguarda.es\/en\/#website","url":"https:\/\/www.aguarda.es\/en\/","name":"Concello da Guarda","description":"P\u00e1xina web do concello da Guarda","potentialAction":[{"@type":"SearchAction","target":{"@type":"EntryPoint","urlTemplate":"https:\/\/www.aguarda.es\/en\/?s={search_term_string}"},"query-input":"required name=search_term_string"}],"inLanguage":"en-US"}]}},"_links":{"self":[{"href":"https:\/\/www.aguarda.es\/en\/wp-json\/wp\/v2\/pages\/21095"}],"collection":[{"href":"https:\/\/www.aguarda.es\/en\/wp-json\/wp\/v2\/pages"}],"about":[{"href":"https:\/\/www.aguarda.es\/en\/wp-json\/wp\/v2\/types\/page"}],"author":[{"embeddable":true,"href":"https:\/\/www.aguarda.es\/en\/wp-json\/wp\/v2\/users\/1"}],"replies":[{"embeddable":true,"href":"https:\/\/www.aguarda.es\/en\/wp-json\/wp\/v2\/comments?post=21095"}],"version-history":[{"count":20,"href":"https:\/\/www.aguarda.es\/en\/wp-json\/wp\/v2\/pages\/21095\/revisions"}],"predecessor-version":[{"id":21526,"href":"https:\/\/www.aguarda.es\/en\/wp-json\/wp\/v2\/pages\/21095\/revisions\/21526"}],"up":[{"embeddable":true,"href":"https:\/\/www.aguarda.es\/en\/wp-json\/wp\/v2\/pages\/21053"}],"wp:featuredmedia":[{"embeddable":true,"href":"https:\/\/www.aguarda.es\/en\/wp-json\/wp\/v2\/media\/21231"}],"wp:attachment":[{"href":"https:\/\/www.aguarda.es\/en\/wp-json\/wp\/v2\/media?parent=21095"}],"curies":[{"name":"wp","href":"https:\/\/api.w.org\/{rel}","templated":true}]}}