{"id":21100,"date":"2020-04-20T21:06:20","date_gmt":"2020-04-20T21:06:20","guid":{"rendered":"https:\/\/www.aguarda.es\/?page_id=21100"},"modified":"2023-12-23T08:57:26","modified_gmt":"2023-12-23T08:57:26","slug":"lemos-xuntos","status":"publish","type":"page","link":"https:\/\/www.aguarda.es\/en\/rebulindo\/lemos-xuntos\/","title":{"rendered":"Lemos Xuntos?"},"content":{"rendered":"<p>[vc_row][vc_column][vc_column_text]<\/p>\n<p style=\"text-align: center;\"><span style=\"font-weight: 400;\">Aqu\u00ed vos deixamos suxerencias e bibiotecas dixitais do m\u00e1s interesante<\/span><\/p>\n<p>[\/vc_column_text][\/vc_column][\/vc_row][vc_row][vc_column width=&#8221;2\/3&#8243;][vc_column_text]<\/p>\n<p style=\"text-align: justify;\"><strong>GaliciaLe <\/strong><\/p>\n<p style=\"text-align: justify;\"><a href=\"https:\/\/www.galiciale.gal\/\">https:\/\/www.galiciale.gal<\/a><\/p>\n<p style=\"text-align: justify;\">GaliciaLe proporciona un servizo de pr\u00e9stamo temporal de obras en formato dixital de tem\u00e1ticas diversas no que os intereses de todas as persoas lectoras ter\u00e1n o seu espazo (ficci\u00f3n, inform\u00e1tica, historia, ocio etc.) e todas as idades o seu lugar.<\/p>\n<p style=\"text-align: justify;\">En GaliciaLe o lector atopar\u00e1 dous cat\u00e1logos: un que cont\u00e9n o \u201cCat\u00e1logo galego\u201d e outro que aloxa o \u201cCat\u00e1logo en castel\u00e1n\u201d. As obras inclu\u00eddas nestas d\u00faas contornas poder\u00e1n lerse e visionarse en dispositivos compatibles: tabletas, tel\u00e9fonos m\u00f3biles e ordenadores persoais. No caso dos libros, poder\u00e1 facelo, adem\u00e1is, desde un lector de libro electr\u00f3nico.<\/p>\n<p>[\/vc_column_text][\/vc_column][vc_column width=&#8221;1\/3&#8243;][vc_row_inner][vc_column_inner][vc_single_image image=&#8221;21343&#8243; alignment=&#8221;center&#8221; style=&#8221;vc_box_border_circle&#8221; onclick=&#8221;custom_link&#8221; img_link_target=&#8221;_blank&#8221; title=&#8221;Galicia Le&#8221; link=&#8221;https:\/\/www.galiciale.gal&#8221;][\/vc_column_inner][\/vc_row_inner][\/vc_column][\/vc_row][vc_row][vc_column width=&#8221;2\/3&#8243;][vc_column_text]<\/p>\n<p style=\"text-align: justify;\"><strong>Europeana<\/strong><\/p>\n<p style=\"text-align: justify;\"><a href=\"https:\/\/www.europeana.eu\/es\/\">https:\/\/www.europeana.eu\/es\/<\/a><\/p>\n<p style=\"text-align: justify;\">En Europeana traballan con miles de arquivos, bibliotecas e museos para compartir a herdanza cultural con fins de educaci\u00f3n, investigaci\u00f3n e goce.<\/p>\n<p style=\"text-align: justify;\">Europeana Collections proporciona acceso a m\u00e1is de 50 mill\u00f3ns de arquivos dixitalizados \u2014libros, m\u00fasica, material gr\u00e1fico, etc.\u2014 e conta con sofisticadas ferramentas de procura e filtrado para axudarche a atopar o que buscas.<\/p>\n<p>[\/vc_column_text][\/vc_column][vc_column width=&#8221;1\/3&#8243;][vc_row_inner][vc_column_inner][vc_single_image image=&#8221;21346&#8243; alignment=&#8221;center&#8221; style=&#8221;vc_box_border_circle&#8221; onclick=&#8221;custom_link&#8221; img_link_target=&#8221;_blank&#8221; title=&#8221;Europeana&#8221; link=&#8221;https:\/\/www.europeana.eu\/es\/about-us&#8221;][\/vc_column_inner][\/vc_row_inner][\/vc_column][\/vc_row][vc_row][vc_column width=&#8221;2\/3&#8243;][vc_column_text]<\/p>\n<p style=\"text-align: justify;\"><strong>Galiciana<\/strong><\/p>\n<p style=\"text-align: justify;\"><a href=\"http:\/\/biblioteca.galiciana.gal\">http:\/\/biblioteca.galiciana.gal<\/a><\/p>\n<p style=\"text-align: justify;\">Galiciana \u00e9 a biblioteca dixital de Galicia impulsada pola Direcci\u00f3n Xeral de Pol\u00edticas Culturais da Xunta de Galicia e xestionada pola Biblioteca de Galicia.<\/p>\n<p style=\"text-align: justify;\">Galiciana integra actualmente, ademais de fondos propios da Biblioteca de Galicia, obras dixitalizadas en colaboraci\u00f3n coas principais bibliotecas patrimoniais galegas. Nela p\u00f3dense consultar recursos dixitalizados en instituci\u00f3ns culturais tan importantes para Galicia como a Universidade de Santiago de Compostela, o Museo do Pobo Galego, a Fundaci\u00f3n Penzol de Vigo, a Real Academia Galega, o Seminario de Mondo\u00f1edo ou a Biblioteca de Estudos Locais da Coru\u00f1a.<\/p>\n<p>[\/vc_column_text][\/vc_column][vc_column width=&#8221;1\/3&#8243;][vc_row_inner][vc_column_inner][vc_single_image image=&#8221;21350&#8243; alignment=&#8221;center&#8221; style=&#8221;vc_box_border_circle&#8221; onclick=&#8221;custom_link&#8221; img_link_target=&#8221;_blank&#8221; title=&#8221;Galiciana&#8221; link=&#8221;http:\/\/biblioteca.galiciana.gal&#8221;][\/vc_column_inner][\/vc_row_inner][\/vc_column][\/vc_row][vc_row][vc_column width=&#8221;2\/3&#8243;][vc_column_text]<\/p>\n<p style=\"text-align: justify;\"><strong>Hispana<\/strong><\/p>\n<p style=\"text-align: justify;\"><a href=\"https:\/\/hispana.mcu.es\">https:\/\/hispana.mcu.es<\/a><\/p>\n<p style=\"text-align: justify;\">Hispana \u00e9 o portal de acceso ao patrimonio dixital e o agregador nacional de contidos a Europeana. Hispana re\u00fane as colecci\u00f3ns dixitais de arquivos, bibliotecas e museos espa\u00f1ois.<\/p>\n<p style=\"text-align: justify;\">Entre as colecci\u00f3ns que Hispana colleita destacan os repositorios institucionais das universidades espa\u00f1olas e as bibliotecas dixitais das Comunidades Aut\u00f3nomas, que ofrecen acceso a conxuntos crecentes de todo tipo de materiais(manuscritos, libros impresos, fotograf\u00edas, mapas&#8230;) do patrimonio bibliogr\u00e1fico espa\u00f1ol.<\/p>\n<p style=\"text-align: justify;\">Hispana tam\u00e9n incorpora os contidos de CER.es, o cat\u00e1logo colectivo da Rede Dixital de Colecci\u00f3ns de Museos de Espa\u00f1a Esta rede re\u00fane museos que comparten un sistema unificado de documentaci\u00f3n e xesti\u00f3n das s\u00faas colecci\u00f3ns.<\/p>\n<p>[\/vc_column_text][\/vc_column][vc_column width=&#8221;1\/3&#8243;][vc_row_inner][vc_column_inner][vc_single_image image=&#8221;21352&#8243; alignment=&#8221;center&#8221; style=&#8221;vc_box_border_circle&#8221; onclick=&#8221;custom_link&#8221; img_link_target=&#8221;_blank&#8221; title=&#8221;Hispana&#8221; link=&#8221;https:\/\/hispana.mcu.es&#8221;][\/vc_column_inner][\/vc_row_inner][\/vc_column][\/vc_row][vc_row][vc_column width=&#8221;2\/3&#8243;][vc_column_text]<\/p>\n<p style=\"text-align: justify;\"><strong>Biblioteca Digital Mundial<\/strong><\/p>\n<p style=\"text-align: justify;\"><a href=\"https:\/\/www.wdl.org\/es\/\">https:\/\/www.wdl.org\/es\/<\/a><\/p>\n<p style=\"text-align: justify;\">A Biblioteca Dixital Mundial \u00e9 unha biblioteca internacional creada pola Unesco (Organizaci\u00f3n das Naci\u00f3ns Unidas para a Educaci\u00f3n, a Ciencia e a Cultura) e a biblioteca do Congreso de Estados Unidos para po\u00f1er ao dispor de toda a humanidade todos os contidos culturais do mundo a trav\u00e9s dos fondos dixitais de ducias bibliotecas do mundo.<\/p>\n<p style=\"text-align: justify;\">O obxectivo da mesma \u00e9 ofrecer libros dixitais, mapas, fotograf\u00edas, manuscritos, partituras musicais, gravaci\u00f3ns, pel\u00edculas, documentos de arquitectura e outros tipos de materiais culturais digitalizables que se conservan en distintas bibliotecas e entidades culturais de distintas partes do mundo.<\/p>\n<p>[\/vc_column_text][\/vc_column][vc_column width=&#8221;1\/3&#8243;][vc_row_inner][vc_column_inner][vc_single_image image=&#8221;21354&#8243; alignment=&#8221;center&#8221; style=&#8221;vc_box_border_circle&#8221; onclick=&#8221;custom_link&#8221; img_link_target=&#8221;_blank&#8221; title=&#8221;Biblioteca Digital Mundial&#8221; link=&#8221;https:\/\/www.wdl.org\/es\/&#8221;][\/vc_column_inner][\/vc_row_inner][\/vc_column][\/vc_row][vc_row][vc_column width=&#8221;2\/3&#8243;][vc_column_text]<\/p>\n<p style=\"text-align: justify;\"><strong>Biblioteca Virtual Miguel de Cervantes<\/strong><\/p>\n<p style=\"text-align: justify;\"><a href=\"http:\/\/www.cervantesvirtual.com\/\">http:\/\/www.cervantesvirtual.com\/<\/a><\/p>\n<p style=\"text-align: justify;\">A Biblioteca Virtual Miguel de Cervantes ofrece acceso a libros electr\u00f3nicos en espa\u00f1ol en dominio p\u00fablico, polo que poden ser reutilizados sen restrici\u00f3ns.<\/p>\n<p style=\"text-align: justify;\">Conta con \u00e1reas moi completas: Instituci\u00f3ns e Fundaci\u00f3ns, Literatura, Lingua, Biblioteca americana, Biblioteca Joan Llu\u00eds Vives, Biblioteca d\u00e1s Letras Galegas, Biblioteca de Signos, Biblioteca de Literatura infantil e xuvenil, Historia, Arquivos, Hemeroteca, Arte.<\/p>\n<p>[\/vc_column_text][\/vc_column][vc_column width=&#8221;1\/3&#8243;][vc_row_inner][vc_column_inner][vc_single_image image=&#8221;21356&#8243; alignment=&#8221;center&#8221; style=&#8221;vc_box_border_circle&#8221; onclick=&#8221;custom_link&#8221; img_link_target=&#8221;_blank&#8221; title=&#8221;Biblioteca Virtual Miguel de Cervantes&#8221; link=&#8221;http:\/\/www.cervantesvirtual.com\/&#8221;][\/vc_column_inner][\/vc_row_inner][\/vc_column][\/vc_row][vc_row][vc_column width=&#8221;2\/3&#8243;][vc_column_text]<\/p>\n<p style=\"text-align: justify;\"><strong>Planeta F\u00e1cil<\/strong><\/p>\n<p style=\"text-align: justify;\"><a href=\"http:\/\/planetafacil.plenainclusion.org\/libros\/\">http:\/\/planetafacil.plenainclusion.org\/libros\/<\/a><\/p>\n<p style=\"text-align: justify;\">Plena inclusi\u00f3n \u00e9 a organizaci\u00f3n que representa en Espa\u00f1a \u00e1s persoas con discapacidade intelectual ou do desenvolvemento.<\/p>\n<p style=\"text-align: justify;\">No seu enderezo web \u00e9 posibel escoitar e ler e descargar libros en versi\u00f3n lectura f\u00e1cil. Estos son alg\u00fans dos t\u00edtulos que podemos atopar: \u201cEl ni\u00f1o con el pijama de rayas\u201d, adaptado por Cadis Huesca; \u201cEl Principito\u201d, adaptaci\u00f3n da obra de Antoine de Saint-Exup\u00e9ry; \u201cDon Quijote de La Mancha\u201d, adaptaci\u00f3n da obra de Miguel de Cervantes; \u201cFeminismo para principiantes\u201d, adaptaci\u00f3n da obra de Nuria Varela; \u201cLa Reina Mab\u201d, adaptaci\u00f3n da obra de Laura Gallego Garc\u00eda.<\/p>\n<p>[\/vc_column_text][\/vc_column][vc_column width=&#8221;1\/3&#8243;][vc_row_inner][vc_column_inner][vc_single_image image=&#8221;21358&#8243; alignment=&#8221;center&#8221; style=&#8221;vc_box_border_circle&#8221; onclick=&#8221;custom_link&#8221; img_link_target=&#8221;_blank&#8221; title=&#8221;Planeta f\u00e1cil&#8221; link=&#8221;http:\/\/planetafacil.plenainclusion.org\/libros\/&#8221;][\/vc_column_inner][\/vc_row_inner][\/vc_column][\/vc_row][vc_row][vc_column width=&#8221;2\/3&#8243;][vc_column_text]<strong>Kalandraka TV<\/strong><\/p>\n<p><a href=\"http:\/\/www.kalandraka.tv\/gl\/seccion2.php?id=33\">http:\/\/www.kalandraka.tv\/<\/a><\/p>\n<p>Debido ao confinamento, Kalandraka lanzou a campa\u00f1a audiovisual &#8221; Contos contados&#8221; na que cada d\u00eda sobe un v\u00eddeo contando un conto de entre todas as obras do seu cat\u00e1logo. Para entreter aos m\u00e1is pequenos pero tam\u00e9n \u00e1s familias e persoas que lle gustan os contos.[\/vc_column_text][\/vc_column][vc_column width=&#8221;1\/3&#8243;][vc_row_inner][vc_column_inner][vc_single_image image=&#8221;21480&#8243; alignment=&#8221;center&#8221; style=&#8221;vc_box_border_circle&#8221; onclick=&#8221;custom_link&#8221; img_link_target=&#8221;_blank&#8221; title=&#8221;Kalandraka TV&#8221; link=&#8221;http:\/\/www.kalandraka.tv\/es\/seccion2.php?id=33&#8243;][\/vc_column_inner][\/vc_row_inner][\/vc_column][\/vc_row][vc_row][vc_column width=&#8221;2\/3&#8243;][vc_column_text]<strong>Primaveira das Letras. Real Academia Galega<\/strong><\/p>\n<p><a href=\"http:\/\/primaveradasletras.gal\/\">http:\/\/primaveradasletras.gal\/<\/a><\/p>\n<p>\u00c9 unha iniciativa da Real Academia Galega para os nenos e nenas que cursan infantil e primaria.<br \/>\nO obxectivo e dar a co\u00f1ecer a vida e a obra de Ricardo Carballo Calero (Ferrol, 1910 \u2013 Santiago de Compostela, 1990). Este ano convidan a facer unha viaxe para espallar o D\u00eda das Letras por todo o planeta, por toda a galaxia! Podedes dese\u00f1ar a vosa ruta a trav\u00e9s das fichas descargables e as actividades interactivas. Da unha volta pola p\u00e1xina e boa viaxe!![\/vc_column_text][\/vc_column][vc_column width=&#8221;1\/3&#8243;][vc_row_inner][vc_column_inner][vc_single_image image=&#8221;21537&#8243; alignment=&#8221;center&#8221; style=&#8221;vc_box_border_circle&#8221; onclick=&#8221;custom_link&#8221; img_link_target=&#8221;_blank&#8221; title=&#8221;Primaveira das Letras&#8221; link=&#8221;http:\/\/primaveradasletras.gal\/&#8221;][\/vc_column_inner][\/vc_row_inner][\/vc_column][\/vc_row][vc_row][vc_column width=&#8221;2\/3&#8243;][vc_column_text]<strong>Aprende coas Mulleres Galegas<\/strong><\/p>\n<p><a href=\"http:\/\/igualdade.xunta.gal\/gl\/recursos\/aprende-coas-mulleres-galegas\">http:\/\/igualdade.xunta.gal\/gl\/recursos\/aprende-coas-mulleres-galegas<\/a><\/p>\n<p>Unha actividade moi atractiva. Podes descargar e imprimir a unidade did\u00e1ctica e actividades en PDF, destas interesantes mulleres: Maruja Mallo, M\u00aa Victoria Moreno, \u00c1ngela Ruiz Robles, Concepci\u00f3n Arenal, \u00c1ngeles Alvari\u00f1o, Ernestina Otero, M\u00aa Josefa Wonenburger Planells, Emilia Pardo Baz\u00e1n, Olimpia Valencia e Filomena Dato. Queredes co\u00f1ecelas mellor? Que disfrutedes da actividade!! E atentos \u00e1s novidades que poida haber.<\/p>\n<p>interactivas. Da unha volta pola p\u00e1xina e boa viaxe!![\/vc_column_text][\/vc_column][vc_column width=&#8221;1\/3&#8243;][vc_row_inner][vc_column_inner][vc_single_image image=&#8221;21613&#8243; alignment=&#8221;center&#8221; style=&#8221;vc_box_border_circle&#8221; onclick=&#8221;custom_link&#8221; img_link_target=&#8221;_blank&#8221; title=&#8221;Aprende coas Mulleres Galegas&#8221; link=&#8221;http:\/\/igualdade.xunta.gal\/gl\/recursos\/aprende-coas-mulleres-galegas&#8221;][\/vc_column_inner][\/vc_row_inner][\/vc_column][\/vc_row][vc_row][vc_column][vc_column_text]<\/p>\n<p style=\"text-align: center;\"><strong>O Papagaio. O xornal da xente miuda<\/strong><\/p>\n<p style=\"text-align: JUSTIFY;\">Vos deixamos aqu\u00ed os exemplares do Papagaio editados durante a cuarentena. Un xornal feito para os mais pequenos dirixido por Abraham Carreiro que incorpora noticias feitas por rapaces de toda Galicia. Este xornal se pode atopar habitualmente na Biblioteca da Guarda e nas bibliotecas dos colexios da Guarda.<\/p>\n<p>[\/vc_column_text][\/vc_column][\/vc_row][vc_row][vc_column width=&#8221;1\/3&#8243;][vc_single_image image=&#8221;21898&#8243; alignment=&#8221;center&#8221; style=&#8221;vc_box_border_circle&#8221; onclick=&#8221;custom_link&#8221; img_link_target=&#8221;_blank&#8221; title=&#8221;O Papagaio &#8211; Abril 2020&#8243; link=&#8221;https:\/\/drive.google.com\/file\/d\/1t2w4spV3MZe008p2B85IQbJ_n1IIDRfT\/view?usp=sharing&#8221;][\/vc_column][vc_column width=&#8221;1\/3&#8243;][vc_single_image image=&#8221;21898&#8243; alignment=&#8221;center&#8221; style=&#8221;vc_box_border_circle&#8221; onclick=&#8221;custom_link&#8221; img_link_target=&#8221;_blank&#8221; title=&#8221;O Papagaio &#8211; Maio 2020&#8243; link=&#8221;https:\/\/drive.google.com\/file\/d\/1dpKwAC3SXG_r_lQtM9me5agpcOnLczBJ\/view?usp=sharing&#8221;][\/vc_column][vc_column width=&#8221;1\/3&#8243;][vc_single_image image=&#8221;21898&#8243; alignment=&#8221;center&#8221; style=&#8221;vc_box_border_circle&#8221; onclick=&#8221;custom_link&#8221; img_link_target=&#8221;_blank&#8221; title=&#8221;O Papagaio &#8211; Xu\u00f1o 2020&#8243; link=&#8221;https:\/\/drive.google.com\/file\/d\/1V_yjzyJsD2Fw_jU69oBvzAK_xsayR0Qy\/view?usp=sharing&#8221;][\/vc_column][\/vc_row]<\/p>\n","protected":false},"excerpt":{"rendered":"<p>[vc_row][vc_column][vc_column_text] Aqu\u00ed vos deixamos suxerencias e bibiotecas dixitais do m\u00e1s interesante [\/vc_column_text][\/vc_column][\/vc_row][vc_row][vc_column width=&#8221;2\/3&#8243;][vc_column_text] GaliciaLe https:\/\/www.galiciale.gal GaliciaLe proporciona un servizo de pr\u00e9stamo temporal de obras en formato dixital de tem\u00e1ticas diversas no que os intereses de todas as persoas lectoras ter\u00e1n &hellip; <\/p>\n","protected":false},"author":1,"featured_media":21346,"parent":21053,"menu_order":0,"comment_status":"closed","ping_status":"closed","template":"","meta":[],"yoast_head":"<!-- This site is optimized with the Yoast SEO plugin v21.1 - https:\/\/yoast.com\/wordpress\/plugins\/seo\/ -->\n<title>Lemos Xuntos? - Concello da Guarda<\/title>\n<meta name=\"robots\" content=\"index, follow, max-snippet:-1, max-image-preview:large, max-video-preview:-1\" \/>\n<link rel=\"canonical\" href=\"https:\/\/www.aguarda.es\/en\/rebulindo\/lemos-xuntos\/\" \/>\n<meta property=\"og:locale\" content=\"en_US\" \/>\n<meta property=\"og:type\" content=\"article\" \/>\n<meta property=\"og:title\" content=\"Lemos Xuntos? - Concello da Guarda\" \/>\n<meta property=\"og:description\" content=\"[vc_row][vc_column][vc_column_text] Aqu\u00ed vos deixamos suxerencias e bibiotecas dixitais do m\u00e1s interesante [\/vc_column_text][\/vc_column][\/vc_row][vc_row][vc_column width=&#8221;2\/3&#8243;][vc_column_text] GaliciaLe https:\/\/www.galiciale.gal GaliciaLe proporciona un servizo de pr\u00e9stamo temporal de obras en formato dixital de tem\u00e1ticas diversas no que os intereses de todas as persoas lectoras ter\u00e1n &hellip;\" \/>\n<meta property=\"og:url\" content=\"https:\/\/www.aguarda.es\/en\/rebulindo\/lemos-xuntos\/\" \/>\n<meta property=\"og:site_name\" content=\"Concello da Guarda\" \/>\n<meta property=\"article:publisher\" content=\"https:\/\/www.facebook.com\/ConcellodaGuarda\" \/>\n<meta property=\"article:modified_time\" content=\"2023-12-23T08:57:26+00:00\" \/>\n<meta property=\"og:image\" content=\"https:\/\/www.aguarda.es\/wp-content\/uploads\/2020\/04\/EUROPEANA-copia.jpg?_t=1703321848\" \/>\n\t<meta property=\"og:image:width\" content=\"400\" \/>\n\t<meta property=\"og:image:height\" content=\"400\" \/>\n\t<meta property=\"og:image:type\" content=\"image\/jpeg\" \/>\n<meta name=\"twitter:card\" content=\"summary_large_image\" \/>\n<meta name=\"twitter:site\" content=\"@AGuarda_es\" \/>\n<meta name=\"twitter:label1\" content=\"Est. reading time\" \/>\n\t<meta name=\"twitter:data1\" content=\"9 minutes\" \/>\n<script type=\"application\/ld+json\" class=\"yoast-schema-graph\">{\"@context\":\"https:\/\/schema.org\",\"@graph\":[{\"@type\":\"WebPage\",\"@id\":\"https:\/\/www.aguarda.es\/en\/rebulindo\/lemos-xuntos\/\",\"url\":\"https:\/\/www.aguarda.es\/en\/rebulindo\/lemos-xuntos\/\",\"name\":\"Lemos Xuntos? - Concello da Guarda\",\"isPartOf\":{\"@id\":\"https:\/\/www.aguarda.es\/en\/#website\"},\"datePublished\":\"2020-04-20T21:06:20+00:00\",\"dateModified\":\"2023-12-23T08:57:26+00:00\",\"breadcrumb\":{\"@id\":\"https:\/\/www.aguarda.es\/en\/rebulindo\/lemos-xuntos\/#breadcrumb\"},\"inLanguage\":\"en-US\",\"potentialAction\":[{\"@type\":\"ReadAction\",\"target\":[\"https:\/\/www.aguarda.es\/en\/rebulindo\/lemos-xuntos\/\"]}]},{\"@type\":\"BreadcrumbList\",\"@id\":\"https:\/\/www.aguarda.es\/en\/rebulindo\/lemos-xuntos\/#breadcrumb\",\"itemListElement\":[{\"@type\":\"ListItem\",\"position\":1,\"name\":\"Portada\",\"item\":\"https:\/\/www.aguarda.es\/en\/\"},{\"@type\":\"ListItem\",\"position\":2,\"name\":\"Rebulindo (dende a casa)\",\"item\":\"https:\/\/www.aguarda.es\/en\/rebulindo\/\"},{\"@type\":\"ListItem\",\"position\":3,\"name\":\"Lemos Xuntos?\"}]},{\"@type\":\"WebSite\",\"@id\":\"https:\/\/www.aguarda.es\/en\/#website\",\"url\":\"https:\/\/www.aguarda.es\/en\/\",\"name\":\"Concello da Guarda\",\"description\":\"P\u00e1xina web do concello da Guarda\",\"potentialAction\":[{\"@type\":\"SearchAction\",\"target\":{\"@type\":\"EntryPoint\",\"urlTemplate\":\"https:\/\/www.aguarda.es\/en\/?s={search_term_string}\"},\"query-input\":\"required name=search_term_string\"}],\"inLanguage\":\"en-US\"}]}<\/script>\n<!-- \/ Yoast SEO plugin. -->","yoast_head_json":{"title":"Lemos Xuntos? - Concello da Guarda","robots":{"index":"index","follow":"follow","max-snippet":"max-snippet:-1","max-image-preview":"max-image-preview:large","max-video-preview":"max-video-preview:-1"},"canonical":"https:\/\/www.aguarda.es\/en\/rebulindo\/lemos-xuntos\/","og_locale":"en_US","og_type":"article","og_title":"Lemos Xuntos? - Concello da Guarda","og_description":"[vc_row][vc_column][vc_column_text] Aqu\u00ed vos deixamos suxerencias e bibiotecas dixitais do m\u00e1s interesante [\/vc_column_text][\/vc_column][\/vc_row][vc_row][vc_column width=&#8221;2\/3&#8243;][vc_column_text] GaliciaLe https:\/\/www.galiciale.gal GaliciaLe proporciona un servizo de pr\u00e9stamo temporal de obras en formato dixital de tem\u00e1ticas diversas no que os intereses de todas as persoas lectoras ter\u00e1n &hellip;","og_url":"https:\/\/www.aguarda.es\/en\/rebulindo\/lemos-xuntos\/","og_site_name":"Concello da Guarda","article_publisher":"https:\/\/www.facebook.com\/ConcellodaGuarda","article_modified_time":"2023-12-23T08:57:26+00:00","og_image":[{"width":400,"height":400,"url":"https:\/\/www.aguarda.es\/wp-content\/uploads\/2020\/04\/EUROPEANA-copia.jpg?_t=1703321848","type":"image\/jpeg"}],"twitter_card":"summary_large_image","twitter_site":"@AGuarda_es","twitter_misc":{"Est. reading time":"9 minutes"},"schema":{"@context":"https:\/\/schema.org","@graph":[{"@type":"WebPage","@id":"https:\/\/www.aguarda.es\/en\/rebulindo\/lemos-xuntos\/","url":"https:\/\/www.aguarda.es\/en\/rebulindo\/lemos-xuntos\/","name":"Lemos Xuntos? - Concello da Guarda","isPartOf":{"@id":"https:\/\/www.aguarda.es\/en\/#website"},"datePublished":"2020-04-20T21:06:20+00:00","dateModified":"2023-12-23T08:57:26+00:00","breadcrumb":{"@id":"https:\/\/www.aguarda.es\/en\/rebulindo\/lemos-xuntos\/#breadcrumb"},"inLanguage":"en-US","potentialAction":[{"@type":"ReadAction","target":["https:\/\/www.aguarda.es\/en\/rebulindo\/lemos-xuntos\/"]}]},{"@type":"BreadcrumbList","@id":"https:\/\/www.aguarda.es\/en\/rebulindo\/lemos-xuntos\/#breadcrumb","itemListElement":[{"@type":"ListItem","position":1,"name":"Portada","item":"https:\/\/www.aguarda.es\/en\/"},{"@type":"ListItem","position":2,"name":"Rebulindo (dende a casa)","item":"https:\/\/www.aguarda.es\/en\/rebulindo\/"},{"@type":"ListItem","position":3,"name":"Lemos Xuntos?"}]},{"@type":"WebSite","@id":"https:\/\/www.aguarda.es\/en\/#website","url":"https:\/\/www.aguarda.es\/en\/","name":"Concello da Guarda","description":"P\u00e1xina web do concello da Guarda","potentialAction":[{"@type":"SearchAction","target":{"@type":"EntryPoint","urlTemplate":"https:\/\/www.aguarda.es\/en\/?s={search_term_string}"},"query-input":"required name=search_term_string"}],"inLanguage":"en-US"}]}},"_links":{"self":[{"href":"https:\/\/www.aguarda.es\/en\/wp-json\/wp\/v2\/pages\/21100"}],"collection":[{"href":"https:\/\/www.aguarda.es\/en\/wp-json\/wp\/v2\/pages"}],"about":[{"href":"https:\/\/www.aguarda.es\/en\/wp-json\/wp\/v2\/types\/page"}],"author":[{"embeddable":true,"href":"https:\/\/www.aguarda.es\/en\/wp-json\/wp\/v2\/users\/1"}],"replies":[{"embeddable":true,"href":"https:\/\/www.aguarda.es\/en\/wp-json\/wp\/v2\/comments?post=21100"}],"version-history":[{"count":13,"href":"https:\/\/www.aguarda.es\/en\/wp-json\/wp\/v2\/pages\/21100\/revisions"}],"predecessor-version":[{"id":21901,"href":"https:\/\/www.aguarda.es\/en\/wp-json\/wp\/v2\/pages\/21100\/revisions\/21901"}],"up":[{"embeddable":true,"href":"https:\/\/www.aguarda.es\/en\/wp-json\/wp\/v2\/pages\/21053"}],"wp:featuredmedia":[{"embeddable":true,"href":"https:\/\/www.aguarda.es\/en\/wp-json\/wp\/v2\/media\/21346"}],"wp:attachment":[{"href":"https:\/\/www.aguarda.es\/en\/wp-json\/wp\/v2\/media?parent=21100"}],"curies":[{"name":"wp","href":"https:\/\/api.w.org\/{rel}","templated":true}]}}