{"id":21103,"date":"2020-04-20T21:07:39","date_gmt":"2020-04-20T21:07:39","guid":{"rendered":"https:\/\/www.aguarda.es\/?page_id=21103"},"modified":"2023-12-23T08:57:25","modified_gmt":"2023-12-23T08:57:25","slug":"dalle-o-play","status":"publish","type":"page","link":"https:\/\/www.aguarda.es\/en\/rebulindo\/dalle-o-play\/","title":{"rendered":"Dalle \u00f3 Play"},"content":{"rendered":"<p>[vc_row el_id=&#8221;arriba&#8221;][vc_column][vc_column_text]<span style=\"font-weight: 400;\">A cultura sempre nos acompa\u00f1a, por iso nesta secci\u00f3n vos traemos propostas que iremos ampliando con recomendaci\u00f3ns e novidades.<\/span>[\/vc_column_text][\/vc_column][\/vc_row][vc_row][vc_column width=&#8221;1\/3&#8243;][vc_single_image image=&#8221;21169&#8243; alignment=&#8221;center&#8221; style=&#8221;vc_box_border_circle_2&#8243; onclick=&#8221;custom_link&#8221; title=&#8221;Cinema&#8221; link=&#8221;https:\/\/www.aguarda.es\/rebulindo\/dalle-o-play\/#cinema&#8221;][\/vc_column][vc_column width=&#8221;1\/3&#8243;][vc_single_image image=&#8221;21167&#8243; alignment=&#8221;center&#8221; style=&#8221;vc_box_border_circle_2&#8243; onclick=&#8221;custom_link&#8221; title=&#8221;Teatro&#8221; link=&#8221;https:\/\/www.aguarda.es\/rebulindo\/dalle-o-play\/#teatro&#8221;][\/vc_column][vc_column width=&#8221;1\/3&#8243;][vc_single_image image=&#8221;21171&#8243; alignment=&#8221;center&#8221; style=&#8221;vc_box_border_circle_2&#8243; onclick=&#8221;custom_link&#8221; title=&#8221;M\u00fasica&#8221; link=&#8221;https:\/\/www.aguarda.es\/rebulindo\/dalle-o-play\/#musica&#8221;][\/vc_column][\/vc_row][vc_row el_id=&#8221;cinema&#8221;][vc_column][vc_text_separator title=&#8221;Cinema&#8221; i_icon_fontawesome=&#8221;fa fa-video-camera&#8221; i_size=&#8221;lg&#8221; border_width=&#8221;5&#8243; add_icon=&#8221;true&#8221;][\/vc_column][\/vc_row][vc_row][vc_column][vc_column_text]<span style=\"font-weight: 400;\">Atopa aqu\u00ed esas pelis diferentes que tanto te gustan<\/span>[\/vc_column_text][\/vc_column][\/vc_row][vc_row][vc_column width=&#8221;1\/3&#8243;][vc_hoverbox image=&#8221;21190&#8243; primary_title=&#8221;&#8221; hover_title=&#8221;Somos Cine&#8221; css_animation=&#8221;none&#8221;]<a href=\"https:\/\/www.rtve.es\/television\/somos-cine\/\"><span style=\"font-weight: 400;\">Cinema espa\u00f1ol de acceso gratuito<\/span><\/a>[\/vc_hoverbox][\/vc_column][vc_column width=&#8221;1\/3&#8243;][vc_hoverbox image=&#8221;21194&#8243; primary_title=&#8221;&#8221; hover_title=&#8221;Novo Cinema Galego&#8221; align=&#8221;left&#8221; css_animation=&#8221;none&#8221;]<a href=\"http:\/\/novocinemagalego.info\/10anosncg\/\"><span style=\"font-weight: 400;\">Os novos directores galegos comparten os seus filmes<\/span><\/a>[\/vc_hoverbox][\/vc_column][vc_column width=&#8221;1\/3&#8243;][vc_hoverbox image=&#8221;21192&#8243; primary_title=&#8221;&#8221; hover_title=&#8221;Filmin&#8221; align=&#8221;left&#8221; css_animation=&#8221;none&#8221;]<a href=\"https:\/\/www.filmin.es\/\"><span style=\"font-weight: 400;\">Cine <\/span><i><span style=\"font-weight: 400;\">diferente<\/span><\/i><span style=\"font-weight: 400;\">, cl\u00e1sico e interesantes colecci\u00f3ns tem\u00e1ticas<\/span><\/a>[\/vc_hoverbox][\/vc_column][\/vc_row][vc_row][vc_column width=&#8221;1\/3&#8243;][vc_hoverbox image=&#8221;21196&#8243; primary_title=&#8221;&#8221; hover_title=&#8221;Numax&#8221; align=&#8221;left&#8221; css_animation=&#8221;none&#8221;]<a href=\"https:\/\/numax.org\/cinema\"><span style=\"font-weight: 400;\">Cinema galego, europeo e independente. Te permite alugar por t\u00edtulos.<\/span><\/a>[\/vc_hoverbox][\/vc_column][vc_column width=&#8221;1\/3&#8243;][vc_hoverbox image=&#8221;21213&#8243; primary_title=&#8221;&#8221; hover_title=&#8221;La Pantalla Digital&#8221; align=&#8221;left&#8221; css_animation=&#8221;none&#8221;]<a href=\"https:\/\/www.lapantalladigital.com\/\"><b>\u00a0<\/b><span style=\"font-weight: 400;\">Buscador de plataformas, para atopar o que buscas<\/span><\/a>[\/vc_hoverbox][\/vc_column][vc_column width=&#8221;1\/3&#8243;][\/vc_column][\/vc_row][vc_row][vc_column][vc_tta_accordion][vc_tta_section i_position=&#8221;right&#8221; i_icon_fontawesome=&#8221;fa fa-plus-circle&#8221; add_icon=&#8221;true&#8221; title=&#8221;Recomendaci\u00f3ns semanais&#8221; tab_id=&#8221;1587550733082-e5e58d8c-e96c&#8221;][vc_row_inner][vc_column_inner width=&#8221;1\/4&#8243;][vc_single_image image=&#8221;21970&#8243; img_size=&#8221;full&#8221;][\/vc_column_inner][vc_column_inner width=&#8221;3\/4&#8243;][vc_column_text]<strong>\u201cPRIDE\u201d<\/strong><br \/>\nNesta semana do orgullo LGTBI na que nos atopamos non pod\u00edamos falar doutro filme.<br \/>\nNo ver\u00e1n de 1984 en Inglaterra, o Sindicato Nacional de mineiros convoca a folga. Un grupo de activistas decide recaudar fondos para axudar \u00e1s familias dos traballadores coa campa\u00f1a Lesbians and Gays Support the Miners. A\u00ednda asi o sindicato rexeita os cartos polas consecuencias pol\u00edticas e os prexu\u00edzos instalados. O colectivo decide levar directamente o di\u00f1eiro ata unha pequena vila de Gales (epicentro da miner\u00eda brit\u00e1nica). Comeza aqu\u00ed unha historia de entendimento entre d\u00faas comunidades antag\u00f3nicas ata o momento unidas por unha causa com\u00fan.<br \/>\nO filme p\u00f3dese atopar en diversas plataformas online, pero se vos gustar\u00eda vela na pantalla grande do noso Centro Cultural, mandade \u00e1 vosa suxerencia e programaremos este e outros filmens propostos suxerencias cando retomemos os ciclos de cinema de inverno.<br \/>\nAqu\u00ed podedes ver o adianto: <a href=\"https:\/\/www.youtube.com\/watch?v=asphW3S9lgg\">https:\/\/www.youtube.com\/watch?v=asphW3S9lgg<\/a><br \/>\nE aqu\u00ed mais informaci\u00f3n sobre o filme: <a href=\"https:\/\/golem.es\/pride\/\">https:\/\/golem.es\/pride\/<\/a>[\/vc_column_text][\/vc_column_inner][\/vc_row_inner][\/vc_tta_section][vc_tta_section i_position=&#8221;right&#8221; i_icon_fontawesome=&#8221;fa fa-plus-circle&#8221; add_icon=&#8221;true&#8221; title=&#8221;Buz\u00f3n de suxerencias&#8221; tab_id=&#8221;1587551019353-204197c4-ab0a&#8221;]\n<div class=\"wpcf7 no-js\" id=\"wpcf7-f21186-o1\" lang=\"gl-ES\" dir=\"ltr\">\n<div class=\"screen-reader-response\"><p role=\"status\" aria-live=\"polite\" aria-atomic=\"true\"><\/p> <ul><\/ul><\/div>\n<form action=\"\/en\/wp-json\/wp\/v2\/pages\/21103#wpcf7-f21186-o1\" method=\"post\" class=\"wpcf7-form init\" aria-label=\"Formulario de contacto\" novalidate=\"novalidate\" data-status=\"init\">\n<div style=\"display: none;\">\n<input type=\"hidden\" name=\"_wpcf7\" value=\"21186\" \/>\n<input type=\"hidden\" name=\"_wpcf7_version\" value=\"5.7.7\" \/>\n<input type=\"hidden\" name=\"_wpcf7_locale\" value=\"gl_ES\" \/>\n<input type=\"hidden\" name=\"_wpcf7_unit_tag\" value=\"wpcf7-f21186-o1\" \/>\n<input type=\"hidden\" name=\"_wpcf7_container_post\" value=\"0\" \/>\n<input type=\"hidden\" name=\"_wpcf7_posted_data_hash\" value=\"\" \/>\n<\/div>\n<p><label> O teu nome (obrigatorio)<br \/>\n<span class=\"wpcf7-form-control-wrap\" data-name=\"your-name\"><input size=\"40\" class=\"wpcf7-form-control wpcf7-text wpcf7-validates-as-required\" aria-required=\"true\" aria-invalid=\"false\" value=\"\" type=\"text\" name=\"your-name\" \/><\/span> <\/label>\n<\/p>\n<p><label> O teu email (obrigatorio)<br \/>\n<span class=\"wpcf7-form-control-wrap\" data-name=\"your-email\"><input size=\"40\" class=\"wpcf7-form-control wpcf7-text wpcf7-email wpcf7-validates-as-required wpcf7-validates-as-email\" aria-required=\"true\" aria-invalid=\"false\" value=\"\" type=\"email\" name=\"your-email\" \/><\/span> <\/label>\n<\/p>\n<p><label> Asunto<br \/>\n<span class=\"wpcf7-form-control-wrap\" data-name=\"your-subject\"><input size=\"40\" class=\"wpcf7-form-control wpcf7-text\" aria-invalid=\"false\" value=\"\" type=\"text\" name=\"your-subject\" \/><\/span> <\/label>\n<\/p>\n<p><label> A t\u00faa mensaxe<br \/>\n<span class=\"wpcf7-form-control-wrap\" data-name=\"your-message\"><textarea cols=\"40\" rows=\"10\" class=\"wpcf7-form-control wpcf7-textarea\" aria-invalid=\"false\" name=\"your-message\"><\/textarea><\/span> <\/label>\n<\/p>\n<p><input class=\"wpcf7-form-control has-spinner wpcf7-submit\" type=\"submit\" value=\"Enviar\" \/>\n<\/p><div class=\"wpcf7-response-output\" aria-hidden=\"true\"><\/div>\n<\/form>\n<\/div>\n[\/vc_tta_section][\/vc_tta_accordion][\/vc_column][\/vc_row][vc_row][vc_column][vc_column_text]<\/p>\n<p style=\"text-align: center;\"><a href=\"https:\/\/www.aguarda.es\/rebulindo\/dalle-o-play\/#arriba\"><em>Voltar arriba<\/em><\/a><\/p>\n<p>[\/vc_column_text][\/vc_column][\/vc_row][vc_row el_id=&#8221;teatro&#8221;][vc_column][vc_text_separator title=&#8221;Teatro&#8221; i_icon_fontawesome=&#8221;fa fa-sign-in&#8221; i_size=&#8221;lg&#8221; border_width=&#8221;5&#8243; add_icon=&#8221;true&#8221;][\/vc_column][\/vc_row][vc_row][vc_column][vc_column_text]<\/p>\n<div class=\"vc_row wpb_row vc_row-fluid\">\n<div class=\"wpb_column vc_column_container vc_col-sm-12\">\n<div class=\"vc_column-inner\">\n<div class=\"wpb_wrapper\">\n<div class=\"wpb_text_column wpb_content_element \">\n<div class=\"wpb_wrapper\">\n<p><span style=\"font-weight: 400;\">Se gustas do bo teatro, desfruta del dende o teu sof\u00e1. Accede \u00e1s mellores obras de teatro cl\u00e1sico e moderno a trav\u00e9s de:<\/span><\/p>\n<\/div>\n<\/div>\n<\/div>\n<\/div>\n<\/div>\n<\/div>\n<p>[\/vc_column_text][\/vc_column][\/vc_row][vc_row][vc_column width=&#8221;1\/3&#8243;][vc_hoverbox image=&#8221;21201&#8243; primary_title=&#8221;&#8221; hover_title=&#8221;Teatroteca&#8221; css_animation=&#8221;none&#8221;]<a href=\"http:\/\/teatroteca.teatro.es\/opac\/#indice\"><span style=\"font-weight: 400;\">Cat\u00e1logo teatral do INAEM. Ter\u00e1s que rexistrate previamente.<\/span><\/a>[\/vc_hoverbox][\/vc_column][vc_column width=&#8221;1\/3&#8243;][vc_hoverbox image=&#8221;21203&#8243; primary_title=&#8221;&#8221; hover_title=&#8221;Estudio 1 RTVE&#8221; align=&#8221;left&#8221; css_animation=&#8221;none&#8221;]<a href=\"https:\/\/www.rtve.es\/television\/estudio-1\/\"><span style=\"font-weight: 400;\">Grandes obras teatrais adaptadas \u00e1 TV. <\/span><\/a>[\/vc_hoverbox][\/vc_column][vc_column width=&#8221;1\/3&#8243;][\/vc_column][\/vc_row][vc_row][vc_column][vc_column_text]<\/p>\n<p style=\"text-align: center;\"><a href=\"https:\/\/www.aguarda.es\/rebulindo\/dalle-o-play\/#arriba\"><em>Voltar arriba<\/em><\/a><\/p>\n<p>[\/vc_column_text][\/vc_column][\/vc_row][vc_row el_id=&#8221;musica&#8221;][vc_column][vc_text_separator title=&#8221;M\u00fasica&#8221; i_icon_fontawesome=&#8221;fa fa-music&#8221; i_size=&#8221;lg&#8221; border_width=&#8221;5&#8243; add_icon=&#8221;true&#8221;][\/vc_column][\/vc_row][vc_row][vc_column][vc_column_text]<\/p>\n<div class=\"vc_row wpb_row vc_row-fluid\">\n<div class=\"wpb_column vc_column_container vc_col-sm-12\">\n<div class=\"vc_column-inner\">\n<div class=\"wpb_wrapper\">\n<div class=\"wpb_text_column wpb_content_element \">\n<div class=\"wpb_wrapper\">\n<p><span style=\"font-weight: 400;\">Co\u00f1eces o talento musical que temos na nosa terra?<\/span><\/p>\n<\/div>\n<\/div>\n<\/div>\n<\/div>\n<\/div>\n<\/div>\n<p>[\/vc_column_text][\/vc_column][\/vc_row][vc_row][vc_column width=&#8221;1\/3&#8243;][vc_hoverbox image=&#8221;21484&#8243; primary_title=&#8221;&#8221; hover_title=&#8221;Sons da Guarda&#8221;]<\/p>\n<header>\n<div class=\"header-outer\">\n<div class=\"fauxborder-left header-fauxborder-left\">\n<div class=\"region-inner header-inner\">\n<div id=\"header\" class=\"header section\">\n<div id=\"Header1\" class=\"widget Header\" data-version=\"1\">\n<div id=\"header-inner\">\n<div class=\"descriptionwrapper\">\n<p class=\"description\" style=\"text-align: center;\">Arquivo de bandas da Guarda por Aar\u00f3n \u00c1lvarez Send\u00f3n<\/p>\n<\/div>\n<\/div>\n<\/div>\n<\/div>\n<\/div>\n<\/div>\n<div class=\"header-cap-bottom cap-bottom\">\n<div class=\"cap-right\" style=\"text-align: center;\"><a href=\"https:\/\/sonsdaguarda.blogspot.com\/\">Acceder<\/a><\/div>\n<\/div>\n<\/div>\n<\/header>\n<p>[\/vc_hoverbox][\/vc_column][vc_column width=&#8221;1\/3&#8243;][\/vc_column][vc_column width=&#8221;1\/3&#8243;][\/vc_column][\/vc_row][vc_row][vc_column][vc_video link=&#8221;https:\/\/www.youtube.com\/watch?v=8ItjQw-wiGw&amp;list=PLNOhFKiGNRxo_DaIa0cbyOreOVk0E07xR&#8221; align=&#8221;center&#8221; title=&#8221;Playlist de v\u00eddeos de grupos, m\u00fasicos e bandas guardesas&#8221;][\/vc_column][\/vc_row][vc_section][\/vc_section][vc_row][vc_column][vc_column_text]<\/p>\n<p style=\"text-align: center;\"><b>M\u00fasica polas Letras Galegas 2020<\/b><\/p>\n<p>[\/vc_column_text][vc_column_text]<\/p>\n<p style=\"text-align: left;\">Luis Vallecillo canta a Rosal\u00eda e o comparte con motivo das Letras Galegas. Nos recorda que Rosal\u00eda foi a\u00a0 primeira homenaxeada, al\u00e1 polo 1963<\/p>\n<p>[\/vc_column_text][vc_video link=&#8221;https:\/\/www.youtube.com\/watch?v=tByiyESPfSg&amp;feature=youtu.be&#8221; align=&#8221;center&#8221;][vc_column_text]<\/p>\n<p style=\"text-align: left;\">Musicando a Carvalho Calero: <span style=\"font-weight: 400;\">Repertorio creado no 2010, con motivo dun Concurso polo centenario de Ricardo Carvalho Calero (AGAL.ES)<\/span><\/p>\n<p style=\"text-align: left;\"><span style=\"font-weight: 400;\"><a href=\"https:\/\/a.gal\/musicando-carvalho-calero-2010\/\">https:\/\/a.gal\/musicando-carvalho-calero-2010\/<\/a><\/span><iframe class=\"wpview-sandbox\" style=\"width: 100%; display: block;\" height=\"204\" frameborder=\"0\" scrolling=\"no\"><\/iframe><\/p>\n<p>https:\/\/a.gal\/musicando-carvalho-calero-2010\/[\/vc_column_text][\/vc_column][\/vc_row][vc_row][vc_column][vc_column_text]<\/p>\n<p style=\"text-align: center;\"><a href=\"https:\/\/www.aguarda.es\/rebulindo\/dalle-o-play\/#arriba\"><em>Voltar arriba<\/em><\/a><\/p>\n<p>[\/vc_column_text][\/vc_column][\/vc_row]<\/p>\n","protected":false},"excerpt":{"rendered":"<p>[vc_row el_id=&#8221;arriba&#8221;][vc_column][vc_column_text]A cultura sempre nos acompa\u00f1a, por iso nesta secci\u00f3n vos traemos propostas que iremos ampliando con recomendaci\u00f3ns e novidades.[\/vc_column_text][\/vc_column][\/vc_row][vc_row][vc_column width=&#8221;1\/3&#8243;][vc_single_image image=&#8221;21169&#8243; alignment=&#8221;center&#8221; style=&#8221;vc_box_border_circle_2&#8243; onclick=&#8221;custom_link&#8221; title=&#8221;Cinema&#8221; link=&#8221;https:\/\/www.aguarda.es\/rebulindo\/dalle-o-play\/#cinema&#8221;][\/vc_column][vc_column width=&#8221;1\/3&#8243;][vc_single_image image=&#8221;21167&#8243; alignment=&#8221;center&#8221; style=&#8221;vc_box_border_circle_2&#8243; onclick=&#8221;custom_link&#8221; title=&#8221;Teatro&#8221; link=&#8221;https:\/\/www.aguarda.es\/rebulindo\/dalle-o-play\/#teatro&#8221;][\/vc_column][vc_column width=&#8221;1\/3&#8243;][vc_single_image image=&#8221;21171&#8243; alignment=&#8221;center&#8221; style=&#8221;vc_box_border_circle_2&#8243; onclick=&#8221;custom_link&#8221; title=&#8221;M\u00fasica&#8221; &hellip; <\/p>\n","protected":false},"author":1,"featured_media":21141,"parent":21053,"menu_order":0,"comment_status":"closed","ping_status":"closed","template":"","meta":[],"yoast_head":"<!-- This site is optimized with the Yoast SEO plugin v21.1 - https:\/\/yoast.com\/wordpress\/plugins\/seo\/ -->\n<title>Dalle \u00f3 Play - Concello da Guarda<\/title>\n<meta name=\"robots\" content=\"index, follow, max-snippet:-1, max-image-preview:large, max-video-preview:-1\" \/>\n<link rel=\"canonical\" href=\"https:\/\/www.aguarda.es\/en\/rebulindo\/dalle-o-play\/\" \/>\n<meta property=\"og:locale\" content=\"en_US\" \/>\n<meta property=\"og:type\" content=\"article\" \/>\n<meta property=\"og:title\" content=\"Dalle \u00f3 Play - Concello da Guarda\" \/>\n<meta property=\"og:description\" content=\"[vc_row el_id=&#8221;arriba&#8221;][vc_column][vc_column_text]A cultura sempre nos acompa\u00f1a, por iso nesta secci\u00f3n vos traemos propostas que iremos ampliando con recomendaci\u00f3ns e novidades.[\/vc_column_text][\/vc_column][\/vc_row][vc_row][vc_column width=&#8221;1\/3&#8243;][vc_single_image image=&#8221;21169&#8243; alignment=&#8221;center&#8221; style=&#8221;vc_box_border_circle_2&#8243; onclick=&#8221;custom_link&#8221; title=&#8221;Cinema&#8221; link=&#8221;https:\/\/www.aguarda.es\/rebulindo\/dalle-o-play\/#cinema&#8221;][\/vc_column][vc_column width=&#8221;1\/3&#8243;][vc_single_image image=&#8221;21167&#8243; alignment=&#8221;center&#8221; style=&#8221;vc_box_border_circle_2&#8243; onclick=&#8221;custom_link&#8221; title=&#8221;Teatro&#8221; link=&#8221;https:\/\/www.aguarda.es\/rebulindo\/dalle-o-play\/#teatro&#8221;][\/vc_column][vc_column width=&#8221;1\/3&#8243;][vc_single_image image=&#8221;21171&#8243; alignment=&#8221;center&#8221; style=&#8221;vc_box_border_circle_2&#8243; onclick=&#8221;custom_link&#8221; title=&#8221;M\u00fasica&#8221; &hellip;\" \/>\n<meta property=\"og:url\" content=\"https:\/\/www.aguarda.es\/en\/rebulindo\/dalle-o-play\/\" \/>\n<meta property=\"og:site_name\" content=\"Concello da Guarda\" \/>\n<meta property=\"article:publisher\" content=\"https:\/\/www.facebook.com\/ConcellodaGuarda\" \/>\n<meta property=\"article:modified_time\" content=\"2023-12-23T08:57:25+00:00\" \/>\n<meta property=\"og:image\" content=\"https:\/\/www.aguarda.es\/wp-content\/uploads\/2020\/04\/CINEMA-copia.jpg?_t=1703321846\" \/>\n\t<meta property=\"og:image:width\" content=\"200\" \/>\n\t<meta property=\"og:image:height\" content=\"100\" \/>\n\t<meta property=\"og:image:type\" content=\"image\/jpeg\" \/>\n<meta name=\"twitter:card\" content=\"summary_large_image\" \/>\n<meta name=\"twitter:site\" content=\"@AGuarda_es\" \/>\n<meta name=\"twitter:label1\" content=\"Est. reading time\" \/>\n\t<meta name=\"twitter:data1\" content=\"5 minutes\" \/>\n<script type=\"application\/ld+json\" class=\"yoast-schema-graph\">{\"@context\":\"https:\/\/schema.org\",\"@graph\":[{\"@type\":\"WebPage\",\"@id\":\"https:\/\/www.aguarda.es\/en\/rebulindo\/dalle-o-play\/\",\"url\":\"https:\/\/www.aguarda.es\/en\/rebulindo\/dalle-o-play\/\",\"name\":\"Dalle \u00f3 Play - Concello da Guarda\",\"isPartOf\":{\"@id\":\"https:\/\/www.aguarda.es\/en\/#website\"},\"datePublished\":\"2020-04-20T21:07:39+00:00\",\"dateModified\":\"2023-12-23T08:57:25+00:00\",\"breadcrumb\":{\"@id\":\"https:\/\/www.aguarda.es\/en\/rebulindo\/dalle-o-play\/#breadcrumb\"},\"inLanguage\":\"en-US\",\"potentialAction\":[{\"@type\":\"ReadAction\",\"target\":[\"https:\/\/www.aguarda.es\/en\/rebulindo\/dalle-o-play\/\"]}]},{\"@type\":\"BreadcrumbList\",\"@id\":\"https:\/\/www.aguarda.es\/en\/rebulindo\/dalle-o-play\/#breadcrumb\",\"itemListElement\":[{\"@type\":\"ListItem\",\"position\":1,\"name\":\"Portada\",\"item\":\"https:\/\/www.aguarda.es\/en\/\"},{\"@type\":\"ListItem\",\"position\":2,\"name\":\"Rebulindo (dende a casa)\",\"item\":\"https:\/\/www.aguarda.es\/en\/rebulindo\/\"},{\"@type\":\"ListItem\",\"position\":3,\"name\":\"Dalle \u00f3 Play\"}]},{\"@type\":\"WebSite\",\"@id\":\"https:\/\/www.aguarda.es\/en\/#website\",\"url\":\"https:\/\/www.aguarda.es\/en\/\",\"name\":\"Concello da Guarda\",\"description\":\"P\u00e1xina web do concello da Guarda\",\"potentialAction\":[{\"@type\":\"SearchAction\",\"target\":{\"@type\":\"EntryPoint\",\"urlTemplate\":\"https:\/\/www.aguarda.es\/en\/?s={search_term_string}\"},\"query-input\":\"required name=search_term_string\"}],\"inLanguage\":\"en-US\"}]}<\/script>\n<!-- \/ Yoast SEO plugin. -->","yoast_head_json":{"title":"Dalle \u00f3 Play - Concello da Guarda","robots":{"index":"index","follow":"follow","max-snippet":"max-snippet:-1","max-image-preview":"max-image-preview:large","max-video-preview":"max-video-preview:-1"},"canonical":"https:\/\/www.aguarda.es\/en\/rebulindo\/dalle-o-play\/","og_locale":"en_US","og_type":"article","og_title":"Dalle \u00f3 Play - Concello da Guarda","og_description":"[vc_row el_id=&#8221;arriba&#8221;][vc_column][vc_column_text]A cultura sempre nos acompa\u00f1a, por iso nesta secci\u00f3n vos traemos propostas que iremos ampliando con recomendaci\u00f3ns e novidades.[\/vc_column_text][\/vc_column][\/vc_row][vc_row][vc_column width=&#8221;1\/3&#8243;][vc_single_image image=&#8221;21169&#8243; alignment=&#8221;center&#8221; style=&#8221;vc_box_border_circle_2&#8243; onclick=&#8221;custom_link&#8221; title=&#8221;Cinema&#8221; link=&#8221;https:\/\/www.aguarda.es\/rebulindo\/dalle-o-play\/#cinema&#8221;][\/vc_column][vc_column width=&#8221;1\/3&#8243;][vc_single_image image=&#8221;21167&#8243; alignment=&#8221;center&#8221; style=&#8221;vc_box_border_circle_2&#8243; onclick=&#8221;custom_link&#8221; title=&#8221;Teatro&#8221; link=&#8221;https:\/\/www.aguarda.es\/rebulindo\/dalle-o-play\/#teatro&#8221;][\/vc_column][vc_column width=&#8221;1\/3&#8243;][vc_single_image image=&#8221;21171&#8243; alignment=&#8221;center&#8221; style=&#8221;vc_box_border_circle_2&#8243; onclick=&#8221;custom_link&#8221; title=&#8221;M\u00fasica&#8221; &hellip;","og_url":"https:\/\/www.aguarda.es\/en\/rebulindo\/dalle-o-play\/","og_site_name":"Concello da Guarda","article_publisher":"https:\/\/www.facebook.com\/ConcellodaGuarda","article_modified_time":"2023-12-23T08:57:25+00:00","og_image":[{"width":200,"height":100,"url":"https:\/\/www.aguarda.es\/wp-content\/uploads\/2020\/04\/CINEMA-copia.jpg?_t=1703321846","type":"image\/jpeg"}],"twitter_card":"summary_large_image","twitter_site":"@AGuarda_es","twitter_misc":{"Est. reading time":"5 minutes"},"schema":{"@context":"https:\/\/schema.org","@graph":[{"@type":"WebPage","@id":"https:\/\/www.aguarda.es\/en\/rebulindo\/dalle-o-play\/","url":"https:\/\/www.aguarda.es\/en\/rebulindo\/dalle-o-play\/","name":"Dalle \u00f3 Play - Concello da Guarda","isPartOf":{"@id":"https:\/\/www.aguarda.es\/en\/#website"},"datePublished":"2020-04-20T21:07:39+00:00","dateModified":"2023-12-23T08:57:25+00:00","breadcrumb":{"@id":"https:\/\/www.aguarda.es\/en\/rebulindo\/dalle-o-play\/#breadcrumb"},"inLanguage":"en-US","potentialAction":[{"@type":"ReadAction","target":["https:\/\/www.aguarda.es\/en\/rebulindo\/dalle-o-play\/"]}]},{"@type":"BreadcrumbList","@id":"https:\/\/www.aguarda.es\/en\/rebulindo\/dalle-o-play\/#breadcrumb","itemListElement":[{"@type":"ListItem","position":1,"name":"Portada","item":"https:\/\/www.aguarda.es\/en\/"},{"@type":"ListItem","position":2,"name":"Rebulindo (dende a casa)","item":"https:\/\/www.aguarda.es\/en\/rebulindo\/"},{"@type":"ListItem","position":3,"name":"Dalle \u00f3 Play"}]},{"@type":"WebSite","@id":"https:\/\/www.aguarda.es\/en\/#website","url":"https:\/\/www.aguarda.es\/en\/","name":"Concello da Guarda","description":"P\u00e1xina web do concello da Guarda","potentialAction":[{"@type":"SearchAction","target":{"@type":"EntryPoint","urlTemplate":"https:\/\/www.aguarda.es\/en\/?s={search_term_string}"},"query-input":"required name=search_term_string"}],"inLanguage":"en-US"}]}},"_links":{"self":[{"href":"https:\/\/www.aguarda.es\/en\/wp-json\/wp\/v2\/pages\/21103"}],"collection":[{"href":"https:\/\/www.aguarda.es\/en\/wp-json\/wp\/v2\/pages"}],"about":[{"href":"https:\/\/www.aguarda.es\/en\/wp-json\/wp\/v2\/types\/page"}],"author":[{"embeddable":true,"href":"https:\/\/www.aguarda.es\/en\/wp-json\/wp\/v2\/users\/1"}],"replies":[{"embeddable":true,"href":"https:\/\/www.aguarda.es\/en\/wp-json\/wp\/v2\/comments?post=21103"}],"version-history":[{"count":72,"href":"https:\/\/www.aguarda.es\/en\/wp-json\/wp\/v2\/pages\/21103\/revisions"}],"predecessor-version":[{"id":21972,"href":"https:\/\/www.aguarda.es\/en\/wp-json\/wp\/v2\/pages\/21103\/revisions\/21972"}],"up":[{"embeddable":true,"href":"https:\/\/www.aguarda.es\/en\/wp-json\/wp\/v2\/pages\/21053"}],"wp:featuredmedia":[{"embeddable":true,"href":"https:\/\/www.aguarda.es\/en\/wp-json\/wp\/v2\/media\/21141"}],"wp:attachment":[{"href":"https:\/\/www.aguarda.es\/en\/wp-json\/wp\/v2\/media?parent=21103"}],"curies":[{"name":"wp","href":"https:\/\/api.w.org\/{rel}","templated":true}]}}