{"id":21105,"date":"2020-04-20T21:09:15","date_gmt":"2020-04-20T21:09:15","guid":{"rendered":"https:\/\/www.aguarda.es\/?page_id=21105"},"modified":"2023-12-23T08:57:23","modified_gmt":"2023-12-23T08:57:23","slug":"a-nosa-vila","status":"publish","type":"page","link":"https:\/\/www.aguarda.es\/en\/rebulindo\/a-nosa-vila\/","title":{"rendered":"Co\u00f1ece a vila!"},"content":{"rendered":"<p>[vc_row][vc_column][vc_column_text]<span style=\"font-weight: 400;\">O mar, o r\u00edo e os montes definen o espazo e as nosas particularidades como vila. Aqu\u00ed ofrecemos historia, patrimonio e paisaxe aos curiosos. Ir\u00e1 aumentando xa que hai moito que contar<\/span>[\/vc_column_text][\/vc_column][\/vc_row][vc_row][vc_column width=&#8221;1\/3&#8243;][vc_hoverbox image=&#8221;21220&#8243; primary_title=&#8221;&#8221; hover_title=&#8221;C\u00e1mara da TVG&#8221;]<\/p>\n<p style=\"text-align: center;\"><a href=\"http:\/\/www.crtvg.es\/crtvg\/camaras-web\/a-guarda\"><span style=\"font-weight: 400;\">A TVG ten instalada unha c\u00e1mara en directo na cima do Monte Santa Trega <\/span><\/a><\/p>\n<p>[\/vc_hoverbox][\/vc_column][vc_column width=&#8221;1\/3&#8243;][vc_hoverbox image=&#8221;21272&#8243; primary_title=&#8221;&#8221; hover_title=&#8221;Rede de Museos e Salinas&#8221;]<\/p>\n<p style=\"text-align: center;\"><a href=\"https:\/\/www.aguarda.es\/rebulindo\/a-nosa-vila\/#museos\"><span style=\"font-weight: 400;\">Os tres museos e as salinas destacan no noso patrimonio<\/span><\/a><\/p>\n<p>[\/vc_hoverbox][\/vc_column][vc_column width=&#8221;1\/3&#8243;][vc_hoverbox image=&#8221;21274&#8243; primary_title=&#8221;&#8221; hover_title=&#8221;Patrimonio&#8221;]<\/p>\n<p style=\"text-align: center;\"><a href=\"https:\/\/www.turismoaguarda.es\/gl\/patrimonio\/\"><span style=\"font-weight: 400;\">En detalle o patrimonio relixioso, civil, fortificado e mari\u00f1eiro<\/span><\/a><\/p>\n<p>[\/vc_hoverbox][\/vc_column][\/vc_row][vc_row][vc_column width=&#8221;1\/3&#8243;][vc_hoverbox image=&#8221;21281&#8243; primary_title=&#8221;&#8221; hover_title=&#8221;Cat\u00e1logo documental&#8221;]<\/p>\n<p style=\"text-align: center;\"><a href=\"https:\/\/atopo.depo.gal\/\"><span style=\"font-weight: 400;\">Web da Deputaci\u00f3n de Pontevedra que permite consultar os archivos de diferentes organismos inclu\u00eddo o Archivo Municipal da Guarda.<\/span><\/a><\/p>\n<p>[\/vc_hoverbox][\/vc_column][vc_column width=&#8221;1\/3&#8243;][vc_hoverbox image=&#8221;21285&#8243; primary_title=&#8221;&#8221; hover_title=&#8221;Galicia Nomeada&#8221;]<\/p>\n<p style=\"text-align: center;\"><a href=\"https:\/\/galicianomeada.xunta.gal\/sixtop\/inicio\"><span style=\"font-weight: 400;\">Portal da Xunta de Galicia de recollida da toponimia galega.<\/span><\/a><\/p>\n<p>[\/vc_hoverbox][\/vc_column][vc_column width=&#8221;1\/3&#8243;][vc_hoverbox image=&#8221;21330&#8243; primary_title=&#8221;&#8221; hover_title=&#8221;Galer\u00eda de V\u00eddeos&#8221;]<\/p>\n<p style=\"text-align: center;\"><a href=\"https:\/\/www.aguarda.es\/rebulindo\/a-nosa-vila\/#videos\"><span style=\"font-weight: 400;\">Recompilaci\u00f3n de v\u00eddeos promocionais, do patrimonio en pedra e do mar<\/span><\/a><\/p>\n<p>[\/vc_hoverbox][\/vc_column][\/vc_row][vc_row el_id=&#8221;museos&#8221;][vc_column][vc_text_separator title=&#8221;Rede de Museos e Salinas&#8221; i_icon_fontawesome=&#8221;fa fa-university&#8221; i_size=&#8221;lg&#8221; border_width=&#8221;10&#8243; add_icon=&#8221;true&#8221;][\/vc_column][\/vc_row][vc_row][vc_column][vc_column_text]<span style=\"font-weight: 400;\">Co\u00f1ece m\u00e1is detidamente o noso patrimonio destacado grazas as audiogu\u00edas ou os cadernos did\u00e1cticos da Rede de Museos. Ademais dispos dos enlaces a webs de interese: visita virtual, salinas, patrimonio.<\/span>[\/vc_column_text][\/vc_column][\/vc_row][vc_row][vc_column width=&#8221;1\/2&#8243;][vc_hoverbox image=&#8221;21316&#8243; primary_title=&#8221;&#8221; hover_title=&#8221;Visita Virtual MASAT&#8221;]<\/p>\n<p style=\"text-align: center;\"><a href=\"http:\/\/www.muvicc.es\/\"><span style=\"font-weight: 400;\">Proxecto do Museo Virtual da Cultura Castre\u00f1a en 2012<\/span><\/a><\/p>\n<p style=\"text-align: center;\"><a href=\"http:\/\/www.muvicc.es\/\">Accede aqui<\/a><\/p>\n<p>[\/vc_hoverbox][\/vc_column][vc_column width=&#8221;1\/2&#8243;][vc_hoverbox image=&#8221;21318&#8243; primary_title=&#8221;&#8221; hover_title=&#8221;Salinas Romanas e Rupestres&#8221;]<\/p>\n<p style=\"text-align: center;\"><a href=\"https:\/\/www.mardesal.aguarda.es\/\">Acceder aqu\u00ed<\/a><\/p>\n<p>[\/vc_hoverbox][\/vc_column][\/vc_row][vc_row][vc_column width=&#8221;1\/4&#8243;][vc_hoverbox image=&#8221;21288&#8243; primary_title=&#8221;&#8221; hover_title=&#8221;Rede de Museos&#8221;]<\/p>\n<p style=\"text-align: center;\"><a href=\"https:\/\/www.turismoaguarda.es\/gl\/red-de-museos\/\">Qu\u00e9 \u00e9 a Rede de Museos da Guarda?<\/a><\/p>\n<p>[\/vc_hoverbox][\/vc_column][vc_column width=&#8221;1\/4&#8243;][vc_hoverbox image=&#8221;21300&#8243; primary_title=&#8221;&#8221; hover_title=&#8221;Dossier profesores&#8221;]<\/p>\n<p style=\"text-align: center;\"><a href=\"https:\/\/www.aguarda.es\/wp-content\/uploads\/2020\/04\/1PDF.pdf\">Descargar<\/a><\/p>\n<p>[\/vc_hoverbox][\/vc_column][vc_column width=&#8221;1\/4&#8243;][vc_hoverbox image=&#8221;21302&#8243; primary_title=&#8221;&#8221; hover_title=&#8221;Monte Santa Trega&#8221;]<\/p>\n<p style=\"text-align: center;\"><a href=\"https:\/\/www.aguarda.es\/wp-content\/uploads\/2020\/04\/2PDF.pdf\">Descargar<\/a><\/p>\n<p>[\/vc_hoverbox][\/vc_column][vc_column width=&#8221;1\/4&#8243;][vc_hoverbox image=&#8221;21304&#8243; primary_title=&#8221;&#8221; hover_title=&#8221;Castelo de Santa Cruz&#8221;]<\/p>\n<p style=\"text-align: center;\"><a href=\"https:\/\/www.aguarda.es\/wp-content\/uploads\/2020\/04\/3PDF.pdf\">Descargar<\/a><\/p>\n<p>[\/vc_hoverbox][\/vc_column][\/vc_row][vc_row][vc_column width=&#8221;1\/4&#8243;][vc_hoverbox image=&#8221;21298&#8243; primary_title=&#8221;&#8221; hover_title=&#8221;Museo do Mar&#8221;]<\/p>\n<p style=\"text-align: center;\"><a href=\"https:\/\/www.aguarda.es\/wp-content\/uploads\/2020\/04\/4PDF.pdf\">Descargar<\/a><\/p>\n<p>[\/vc_hoverbox][\/vc_column][vc_column width=&#8221;1\/4&#8243;][\/vc_column][vc_column width=&#8221;1\/4&#8243;][\/vc_column][vc_column width=&#8221;1\/4&#8243;][\/vc_column][\/vc_row][vc_row][vc_column][vc_column_text]<strong>Listado de audiogu\u00edas:<\/strong>[\/vc_column_text][\/vc_column][\/vc_row][vc_row][vc_column][vc_raw_html]JTNDaWZyYW1lJTIwc3JjJTNEJTIyaHR0cHMlM0ElMkYlMkZ3d3cuaXZvb3guY29tJTJGcGxheWVyX2VzX3BvZGNhc3RfOTAzMDgxXzEuaHRtbCUyMiUyMHdpZHRoJTNEJTIyMTAwJTI1JTIyJTIwc3R5bGUlM0QlMjJib3JkZXIlM0ElMjAxcHglMjBzb2xpZCUyMCUyM0Q3RDdENyUzQiUyMiUyMGhlaWdodCUzRCUyMjQ0MCUyMiUyMGZyYW1lYm9yZGVyJTNEJTIyMCUyMiUyMGFsbG93ZnVsbHNjcmVlbiUzRCUyMjAlMjIlMjBzY3JvbGxpbmclM0QlMjJubyUyMiUyMCUzRSUzQyUyRmlmcmFtZSUzRQ==[\/vc_raw_html][\/vc_column][\/vc_row][vc_row][vc_column width=&#8221;1\/2&#8243;][vc_single_image image=&#8221;21310&#8243; add_caption=&#8221;yes&#8221; alignment=&#8221;center&#8221; onclick=&#8221;custom_link&#8221; img_link_target=&#8221;_blank&#8221; title=&#8221;Audiogu\u00edas Castelo de Santa Cruz&#8221; link=&#8221;https:\/\/www.youtube.com\/channel\/UCN-Fvo72uKJPdUTDKKzwakA\/videos?view=0&amp;sort=dd&amp;shelf_id=0&#8243;][\/vc_column][vc_column width=&#8221;1\/2&#8243;][vc_single_image image=&#8221;21312&#8243; add_caption=&#8221;yes&#8221; alignment=&#8221;center&#8221; onclick=&#8221;custom_link&#8221; img_link_target=&#8221;_blank&#8221; title=&#8221;Audiogu\u00eda Monte Santa Trega&#8221; link=&#8221;https:\/\/www.youtube.com\/channel\/UCclhuUPCJqDlHD0TOc3PqOQ&#8221;][\/vc_column][\/vc_row][vc_row el_id=&#8221;patrimonio&#8221;][vc_column][vc_text_separator title=&#8221;Patrimonio&#8221; i_icon_fontawesome=&#8221;fa fa-street-view&#8221; i_size=&#8221;lg&#8221; border_width=&#8221;10&#8243; add_icon=&#8221;true&#8221;][\/vc_column][\/vc_row][vc_row][vc_column][vc_column_text]<\/p>\n<p style=\"text-align: center;\"><span style=\"font-weight: 400;\">En detalle o patrimonio relixioso, civil, fortificado e mari\u00f1eiro<\/span><\/p>\n<p style=\"text-align: center;\"><a href=\"https:\/\/www.turismoaguarda.es\/gl\/patrimonio\/\">M\u00e1is informaci\u00f3n<\/a><\/p>\n<p>[\/vc_column_text][\/vc_column][\/vc_row][vc_row][vc_column][vc_column_text]<\/p>\n<p style=\"text-align: center;\">Percorrido virtual polo patrimonio relixioso e do casco hist\u00f3rico<\/p>\n<p style=\"text-align: center;\"><a href=\"http:\/\/aguarda.es\/vr\/gl\/patrimonio\/\">M\u00e1is informaci\u00f3n<\/a><\/p>\n<p>[\/vc_column_text][\/vc_column][\/vc_row][vc_row el_id=&#8221;videos&#8221;][vc_column][vc_text_separator title=&#8221;Galer\u00eda de V\u00eddeos&#8221; i_icon_fontawesome=&#8221;fa fa-video-camera&#8221; i_size=&#8221;lg&#8221; border_width=&#8221;10&#8243; add_icon=&#8221;true&#8221;][\/vc_column][\/vc_row][vc_section][vc_row][vc_column][vc_column_text]<\/p>\n<p style=\"text-align: center;\"><span style=\"font-weight: 400;\">Recompilaci\u00f3n de v\u00eddeos promocionais, do patrimonio en pedra e do mar.<\/span><\/p>\n<p>[\/vc_column_text][\/vc_column][\/vc_row][vc_row][vc_column][vc_column_text]<\/p>\n<p style=\"text-align: center;\"><em><strong>V\u00eddeos promocionais<\/strong><\/em><\/p>\n<p>[\/vc_column_text][\/vc_column][\/vc_row][vc_row][vc_column width=&#8221;1\/3&#8243;][vc_single_image image=&#8221;21246&#8243; alignment=&#8221;center&#8221; style=&#8221;vc_box_border_circle&#8221; onclick=&#8221;custom_link&#8221; img_link_target=&#8221;_blank&#8221; css_animation=&#8221;fadeIn&#8221; title=&#8221;Video promocional A Guarda 2016&#8243; link=&#8221;https:\/\/www.youtube.com\/watch?v=daQNIhRlPDM&amp;feature=youtu.be&#8221;][\/vc_column][vc_column width=&#8221;1\/3&#8243;][vc_single_image image=&#8221;21530&#8243; alignment=&#8221;center&#8221; style=&#8221;vc_box_border_circle&#8221; onclick=&#8221;custom_link&#8221; img_link_target=&#8221;_blank&#8221; css_animation=&#8221;fadeIn&#8221; link=&#8221;https:\/\/www.youtube.com\/watch?v=J6GQYwkz_8E&amp;feature=youtu.be&#8221; title=&#8221;Urban Art Project&#8221;][\/vc_column][vc_column width=&#8221;1\/3&#8243;][vc_single_image image=&#8221;21620&#8243; alignment=&#8221;center&#8221; style=&#8221;vc_box_border_circle&#8221; onclick=&#8221;custom_link&#8221; img_link_target=&#8221;_blank&#8221; css_animation=&#8221;fadeIn&#8221; link=&#8221;https:\/\/www.youtube.com\/watch?v=FPQHVXFDrwg&amp;feature=youtu.be&#8221; title=&#8221;Cami\u00f1o Portugu\u00e9s da Costa (2017)&#8221;][\/vc_column][\/vc_row][vc_row][vc_column width=&#8221;1\/3&#8243;][vc_single_image image=&#8221;21838&#8243; alignment=&#8221;center&#8221; style=&#8221;vc_box_border_circle&#8221; onclick=&#8221;custom_link&#8221; img_link_target=&#8221;_blank&#8221; css_animation=&#8221;fadeIn&#8221; title=&#8221;\u201cVou que te\u00f1o que ir\u201d programa da TVG (marzo 2020)&#8221; link=&#8221;http:\/\/www.crtvg.es:8012\/tvg\/a-carta\/vou-que-te-o-que-ir-ii-18-4333632?t=277&#8243;][\/vc_column][vc_column width=&#8221;1\/3&#8243;][vc_single_image image=&#8221;21887&#8243; alignment=&#8221;center&#8221; style=&#8221;vc_box_border_circle&#8221; onclick=&#8221;custom_link&#8221; img_link_target=&#8221;_blank&#8221; css_animation=&#8221;fadeIn&#8221; title=&#8221;Video promocional A Guarda 2009&#8243; link=&#8221;https:\/\/youtu.be\/VNp5cmDX5yM&#8221;][\/vc_column][vc_column width=&#8221;1\/3&#8243;][\/vc_column][\/vc_row][\/vc_section][vc_row][vc_column][vc_column_text]<\/p>\n<p style=\"text-align: center;\"><em><strong>As Pedras<\/strong><\/em><\/p>\n<p>[\/vc_column_text][\/vc_column][\/vc_row][vc_row][vc_column width=&#8221;1\/3&#8243;][vc_single_image image=&#8221;21250&#8243; alignment=&#8221;center&#8221; style=&#8221;vc_box_border_circle&#8221; onclick=&#8221;custom_link&#8221; img_link_target=&#8221;_blank&#8221; css_animation=&#8221;fadeIn&#8221; title=&#8221;Monte Santa Trega (2016)&#8221; link=&#8221;https:\/\/www.youtube.com\/watch?v=8ua3cRylRsU&amp;feature=youtu.be&#8221;][\/vc_column][vc_column width=&#8221;1\/3&#8243;][vc_single_image image=&#8221;21532&#8243; alignment=&#8221;center&#8221; style=&#8221;vc_box_border_circle&#8221; onclick=&#8221;custom_link&#8221; img_link_target=&#8221;_blank&#8221; css_animation=&#8221;fadeIn&#8221; link=&#8221;https:\/\/www.youtube.com\/watch?v=-pvSuvIdOaU&amp;feature=youtu.be&#8221; title=&#8221;Castelo de Santa Cruz&#8221;][\/vc_column][vc_column width=&#8221;1\/3&#8243;][vc_single_image image=&#8221;21622&#8243; alignment=&#8221;center&#8221; style=&#8221;vc_box_border_circle&#8221; onclick=&#8221;custom_link&#8221; img_link_target=&#8221;_blank&#8221; css_animation=&#8221;fadeIn&#8221; link=&#8221;https:\/\/youtu.be\/R7DvSHqHMTc&#8221; title=&#8221;Escavaci\u00f3n do Cuncheiro do Monte Trega&#8221;][\/vc_column][\/vc_row][vc_row][vc_column][vc_column_text]<\/p>\n<p style=\"text-align: center;\"><em><strong>O noso mar<\/strong><\/em><\/p>\n<p>[\/vc_column_text][\/vc_column][\/vc_row][vc_row][vc_column width=&#8221;1\/3&#8243;][vc_single_image image=&#8221;21252&#8243; alignment=&#8221;center&#8221; style=&#8221;vc_box_border_circle&#8221; onclick=&#8221;custom_link&#8221; img_link_target=&#8221;_blank&#8221; css_animation=&#8221;fadeIn&#8221; title=&#8221;Museo do Mar. Apertura en 2009&#8243; link=&#8221;https:\/\/www.youtube.com\/watch?v=fya68vhUS3c&amp;feature=youtu.be&#8221;][\/vc_column][vc_column width=&#8221;1\/3&#8243;][vc_single_image image=&#8221;21534&#8243; alignment=&#8221;center&#8221; style=&#8221;vc_box_border_circle&#8221; onclick=&#8221;custom_link&#8221; img_link_target=&#8221;_blank&#8221; css_animation=&#8221;fadeIn&#8221; link=&#8221;https:\/\/www.youtube.com\/watch?v=B5hDyetKSJE&amp;feature=youtu.be&#8221; title=&#8221;Tesouros Vivos 2013&#8243;][\/vc_column][vc_column width=&#8221;1\/3&#8243;][vc_single_image image=&#8221;21624&#8243; alignment=&#8221;center&#8221; style=&#8221;vc_box_border_circle&#8221; onclick=&#8221;custom_link&#8221; img_link_target=&#8221;_blank&#8221; css_animation=&#8221;fadeIn&#8221; link=&#8221;https:\/\/youtu.be\/q2qGX2jNFQE&#8221; title=&#8221;Salina romana do Seixal 2019&#8243;][\/vc_column][\/vc_row][vc_row][vc_column width=&#8221;1\/3&#8243;][vc_single_image image=&#8221;21840&#8243; alignment=&#8221;center&#8221; style=&#8221;vc_box_border_circle&#8221; onclick=&#8221;custom_link&#8221; img_link_target=&#8221;_blank&#8221; css_animation=&#8221;fadeIn&#8221; title=&#8221;I Mostra das Tradici\u00f3ns Mari\u00f1eiras \u201cXentes do Mar\u201d (2009)&#8221; link=&#8221;https:\/\/www.youtube.com\/watch?v=n5cHb8ipuSE&amp;feature=youtu.be&#8221;][\/vc_column][vc_column width=&#8221;1\/3&#8243;][vc_single_image image=&#8221;21889&#8243; alignment=&#8221;center&#8221; style=&#8221;vc_box_border_circle&#8221; onclick=&#8221;custom_link&#8221; img_link_target=&#8221;_blank&#8221; css_animation=&#8221;fadeIn&#8221; title=&#8221;II Mostra das Tradici\u00f3ns Mari\u00f1eiras \u201cLendas do Mar\u201d (2010)&#8221; link=&#8221;https:\/\/www.youtube.com\/watch?v=SGdaCLNwC8M&amp;feature=youtu.be&#8221;][\/vc_column][vc_column width=&#8221;1\/3&#8243;][vc_single_image image=&#8221;21973&#8243; alignment=&#8221;center&#8221; style=&#8221;vc_box_border_circle&#8221; onclick=&#8221;custom_link&#8221; img_link_target=&#8221;_blank&#8221; css_animation=&#8221;fadeIn&#8221; title=&#8221;III Mostra das Tradici\u00f3ns Mari\u00f1eiras \u201cO Mar das Mulleres\u201d (2011)&#8221; link=&#8221;https:\/\/youtu.be\/0lYk2WXPD5k&#8221;][\/vc_column][\/vc_row][vc_row][vc_column width=&#8221;1\/3&#8243;][vc_single_image image=&#8221;21976&#8243; alignment=&#8221;center&#8221; style=&#8221;vc_box_border_circle&#8221; onclick=&#8221;custom_link&#8221; img_link_target=&#8221;_blank&#8221; css_animation=&#8221;fadeIn&#8221; title=&#8221;Tesouros Vivos de A Guarda (2013)&#8221; link=&#8221;https:\/\/www.youtube.com\/watch?v=-Pe1kWgYLDs&amp;feature=youtu.be&#8221;][\/vc_column][vc_column width=&#8221;1\/3&#8243;][vc_single_image image=&#8221;21978&#8243; alignment=&#8221;center&#8221; style=&#8221;vc_box_border_circle&#8221; onclick=&#8221;custom_link&#8221; img_link_target=&#8221;_blank&#8221; css_animation=&#8221;fadeIn&#8221; title=&#8221;Salina rupestre da Lagoa (2019)&#8221; link=&#8221;https:\/\/www.youtube.com\/watch?v=QO9jrQ70o3k&amp;feature=youtu.be&#8221;][\/vc_column][vc_column width=&#8221;1\/3&#8243;][\/vc_column][\/vc_row]<\/p>\n","protected":false},"excerpt":{"rendered":"<p>[vc_row][vc_column][vc_column_text]O mar, o r\u00edo e os montes definen o espazo e as nosas particularidades como vila. Aqu\u00ed ofrecemos historia, patrimonio e paisaxe aos curiosos. Ir\u00e1 aumentando xa que hai moito que contar[\/vc_column_text][\/vc_column][\/vc_row][vc_row][vc_column width=&#8221;1\/3&#8243;][vc_hoverbox image=&#8221;21220&#8243; primary_title=&#8221;&#8221; hover_title=&#8221;C\u00e1mara da TVG&#8221;] A TVG &hellip; <\/p>\n","protected":false},"author":1,"featured_media":21220,"parent":21053,"menu_order":0,"comment_status":"closed","ping_status":"closed","template":"","meta":[],"yoast_head":"<!-- This site is optimized with the Yoast SEO plugin v21.1 - https:\/\/yoast.com\/wordpress\/plugins\/seo\/ -->\n<title>Co\u00f1ece a vila! - Concello da Guarda<\/title>\n<meta name=\"robots\" content=\"index, follow, max-snippet:-1, max-image-preview:large, max-video-preview:-1\" \/>\n<link rel=\"canonical\" href=\"https:\/\/www.aguarda.es\/en\/rebulindo\/a-nosa-vila\/\" \/>\n<meta property=\"og:locale\" content=\"en_US\" \/>\n<meta property=\"og:type\" content=\"article\" \/>\n<meta property=\"og:title\" content=\"Co\u00f1ece a vila! - Concello da Guarda\" \/>\n<meta property=\"og:description\" content=\"[vc_row][vc_column][vc_column_text]O mar, o r\u00edo e os montes definen o espazo e as nosas particularidades como vila. Aqu\u00ed ofrecemos historia, patrimonio e paisaxe aos curiosos. Ir\u00e1 aumentando xa que hai moito que contar[\/vc_column_text][\/vc_column][\/vc_row][vc_row][vc_column width=&#8221;1\/3&#8243;][vc_hoverbox image=&#8221;21220&#8243; primary_title=&#8221;&#8221; hover_title=&#8221;C\u00e1mara da TVG&#8221;] A TVG &hellip;\" \/>\n<meta property=\"og:url\" content=\"https:\/\/www.aguarda.es\/en\/rebulindo\/a-nosa-vila\/\" \/>\n<meta property=\"og:site_name\" content=\"Concello da Guarda\" \/>\n<meta property=\"article:publisher\" content=\"https:\/\/www.facebook.com\/ConcellodaGuarda\" \/>\n<meta property=\"article:modified_time\" content=\"2023-12-23T08:57:23+00:00\" \/>\n<meta property=\"og:image\" content=\"https:\/\/www.aguarda.es\/wp-content\/uploads\/2020\/04\/CAMARATVGTREGA-copia.jpg?_t=1703321845\" \/>\n\t<meta property=\"og:image:width\" content=\"400\" \/>\n\t<meta property=\"og:image:height\" content=\"400\" \/>\n\t<meta property=\"og:image:type\" content=\"image\/jpeg\" \/>\n<meta name=\"twitter:card\" content=\"summary_large_image\" \/>\n<meta name=\"twitter:site\" content=\"@AGuarda_es\" \/>\n<meta name=\"twitter:label1\" content=\"Est. reading time\" \/>\n\t<meta name=\"twitter:data1\" content=\"8 minutes\" \/>\n<script type=\"application\/ld+json\" class=\"yoast-schema-graph\">{\"@context\":\"https:\/\/schema.org\",\"@graph\":[{\"@type\":\"WebPage\",\"@id\":\"https:\/\/www.aguarda.es\/en\/rebulindo\/a-nosa-vila\/\",\"url\":\"https:\/\/www.aguarda.es\/en\/rebulindo\/a-nosa-vila\/\",\"name\":\"Co\u00f1ece a vila! - Concello da Guarda\",\"isPartOf\":{\"@id\":\"https:\/\/www.aguarda.es\/en\/#website\"},\"datePublished\":\"2020-04-20T21:09:15+00:00\",\"dateModified\":\"2023-12-23T08:57:23+00:00\",\"breadcrumb\":{\"@id\":\"https:\/\/www.aguarda.es\/en\/rebulindo\/a-nosa-vila\/#breadcrumb\"},\"inLanguage\":\"en-US\",\"potentialAction\":[{\"@type\":\"ReadAction\",\"target\":[\"https:\/\/www.aguarda.es\/en\/rebulindo\/a-nosa-vila\/\"]}]},{\"@type\":\"BreadcrumbList\",\"@id\":\"https:\/\/www.aguarda.es\/en\/rebulindo\/a-nosa-vila\/#breadcrumb\",\"itemListElement\":[{\"@type\":\"ListItem\",\"position\":1,\"name\":\"Portada\",\"item\":\"https:\/\/www.aguarda.es\/en\/\"},{\"@type\":\"ListItem\",\"position\":2,\"name\":\"Rebulindo (dende a casa)\",\"item\":\"https:\/\/www.aguarda.es\/en\/rebulindo\/\"},{\"@type\":\"ListItem\",\"position\":3,\"name\":\"Co\u00f1ece a vila!\"}]},{\"@type\":\"WebSite\",\"@id\":\"https:\/\/www.aguarda.es\/en\/#website\",\"url\":\"https:\/\/www.aguarda.es\/en\/\",\"name\":\"Concello da Guarda\",\"description\":\"P\u00e1xina web do concello da Guarda\",\"potentialAction\":[{\"@type\":\"SearchAction\",\"target\":{\"@type\":\"EntryPoint\",\"urlTemplate\":\"https:\/\/www.aguarda.es\/en\/?s={search_term_string}\"},\"query-input\":\"required name=search_term_string\"}],\"inLanguage\":\"en-US\"}]}<\/script>\n<!-- \/ Yoast SEO plugin. -->","yoast_head_json":{"title":"Co\u00f1ece a vila! - Concello da Guarda","robots":{"index":"index","follow":"follow","max-snippet":"max-snippet:-1","max-image-preview":"max-image-preview:large","max-video-preview":"max-video-preview:-1"},"canonical":"https:\/\/www.aguarda.es\/en\/rebulindo\/a-nosa-vila\/","og_locale":"en_US","og_type":"article","og_title":"Co\u00f1ece a vila! - Concello da Guarda","og_description":"[vc_row][vc_column][vc_column_text]O mar, o r\u00edo e os montes definen o espazo e as nosas particularidades como vila. Aqu\u00ed ofrecemos historia, patrimonio e paisaxe aos curiosos. Ir\u00e1 aumentando xa que hai moito que contar[\/vc_column_text][\/vc_column][\/vc_row][vc_row][vc_column width=&#8221;1\/3&#8243;][vc_hoverbox image=&#8221;21220&#8243; primary_title=&#8221;&#8221; hover_title=&#8221;C\u00e1mara da TVG&#8221;] A TVG &hellip;","og_url":"https:\/\/www.aguarda.es\/en\/rebulindo\/a-nosa-vila\/","og_site_name":"Concello da Guarda","article_publisher":"https:\/\/www.facebook.com\/ConcellodaGuarda","article_modified_time":"2023-12-23T08:57:23+00:00","og_image":[{"width":400,"height":400,"url":"https:\/\/www.aguarda.es\/wp-content\/uploads\/2020\/04\/CAMARATVGTREGA-copia.jpg?_t=1703321845","type":"image\/jpeg"}],"twitter_card":"summary_large_image","twitter_site":"@AGuarda_es","twitter_misc":{"Est. reading time":"8 minutes"},"schema":{"@context":"https:\/\/schema.org","@graph":[{"@type":"WebPage","@id":"https:\/\/www.aguarda.es\/en\/rebulindo\/a-nosa-vila\/","url":"https:\/\/www.aguarda.es\/en\/rebulindo\/a-nosa-vila\/","name":"Co\u00f1ece a vila! - Concello da Guarda","isPartOf":{"@id":"https:\/\/www.aguarda.es\/en\/#website"},"datePublished":"2020-04-20T21:09:15+00:00","dateModified":"2023-12-23T08:57:23+00:00","breadcrumb":{"@id":"https:\/\/www.aguarda.es\/en\/rebulindo\/a-nosa-vila\/#breadcrumb"},"inLanguage":"en-US","potentialAction":[{"@type":"ReadAction","target":["https:\/\/www.aguarda.es\/en\/rebulindo\/a-nosa-vila\/"]}]},{"@type":"BreadcrumbList","@id":"https:\/\/www.aguarda.es\/en\/rebulindo\/a-nosa-vila\/#breadcrumb","itemListElement":[{"@type":"ListItem","position":1,"name":"Portada","item":"https:\/\/www.aguarda.es\/en\/"},{"@type":"ListItem","position":2,"name":"Rebulindo (dende a casa)","item":"https:\/\/www.aguarda.es\/en\/rebulindo\/"},{"@type":"ListItem","position":3,"name":"Co\u00f1ece a vila!"}]},{"@type":"WebSite","@id":"https:\/\/www.aguarda.es\/en\/#website","url":"https:\/\/www.aguarda.es\/en\/","name":"Concello da Guarda","description":"P\u00e1xina web do concello da Guarda","potentialAction":[{"@type":"SearchAction","target":{"@type":"EntryPoint","urlTemplate":"https:\/\/www.aguarda.es\/en\/?s={search_term_string}"},"query-input":"required name=search_term_string"}],"inLanguage":"en-US"}]}},"_links":{"self":[{"href":"https:\/\/www.aguarda.es\/en\/wp-json\/wp\/v2\/pages\/21105"}],"collection":[{"href":"https:\/\/www.aguarda.es\/en\/wp-json\/wp\/v2\/pages"}],"about":[{"href":"https:\/\/www.aguarda.es\/en\/wp-json\/wp\/v2\/types\/page"}],"author":[{"embeddable":true,"href":"https:\/\/www.aguarda.es\/en\/wp-json\/wp\/v2\/users\/1"}],"replies":[{"embeddable":true,"href":"https:\/\/www.aguarda.es\/en\/wp-json\/wp\/v2\/comments?post=21105"}],"version-history":[{"count":39,"href":"https:\/\/www.aguarda.es\/en\/wp-json\/wp\/v2\/pages\/21105\/revisions"}],"predecessor-version":[{"id":21980,"href":"https:\/\/www.aguarda.es\/en\/wp-json\/wp\/v2\/pages\/21105\/revisions\/21980"}],"up":[{"embeddable":true,"href":"https:\/\/www.aguarda.es\/en\/wp-json\/wp\/v2\/pages\/21053"}],"wp:featuredmedia":[{"embeddable":true,"href":"https:\/\/www.aguarda.es\/en\/wp-json\/wp\/v2\/media\/21220"}],"wp:attachment":[{"href":"https:\/\/www.aguarda.es\/en\/wp-json\/wp\/v2\/media?parent=21105"}],"curies":[{"name":"wp","href":"https:\/\/api.w.org\/{rel}","templated":true}]}}