{"id":21111,"date":"2020-04-20T21:12:02","date_gmt":"2020-04-20T21:12:02","guid":{"rendered":"https:\/\/www.aguarda.es\/?page_id=21111"},"modified":"2023-12-23T08:57:21","modified_gmt":"2023-12-23T08:57:21","slug":"a-vida-e-xogo","status":"publish","type":"page","link":"https:\/\/www.aguarda.es\/en\/rebulindo\/a-vida-e-xogo\/","title":{"rendered":"A vida \u00e9 xogo"},"content":{"rendered":"<p>[vc_row el_id=&#8221;arriba&#8221;][vc_column][vc_column_text]<\/p>\n<p style=\"text-align: center;\"><span style=\"font-weight: 400;\">Aqu\u00ed vos deixamos a<\/span><span style=\"font-weight: 400;\">ctividades, xogos, propostas art\u00edsticas e moito m\u00e1is nesta secci\u00f3n para familias, nenxs e outra rapazada\u2026<\/span><\/p>\n<p>[\/vc_column_text][\/vc_column][\/vc_row][vc_row][vc_column width=&#8221;1\/3&#8243;][vc_hoverbox image=&#8221;21377&#8243; primary_title=&#8221;&#8221; hover_title=&#8221;Artistea!&#8221;]<\/p>\n<p style=\"text-align: center;\"><span style=\"font-weight: 400;\">Propostas para que debuxes ou pintes individualmente ou cos membros da t\u00faa familia<\/span><\/p>\n<p style=\"text-align: center;\"><a href=\"https:\/\/www.aguarda.es\/rebulindo\/a-vida-e-xogo\/#artistea\">Acceder<\/a><\/p>\n<p>[\/vc_hoverbox][\/vc_column][vc_column width=&#8221;1\/3&#8243;][vc_hoverbox image=&#8221;21373&#8243; primary_title=&#8221;&#8221; hover_title=&#8221;Experimenta!&#8221;]<\/p>\n<p style=\"text-align: center;\"><span style=\"font-weight: 400;\">Manualidades, <\/span><span style=\"font-weight: 400;\">experimentos e recetas para crear na casa<\/span><\/p>\n<p style=\"text-align: center;\"><a href=\"https:\/\/www.aguarda.es\/rebulindo\/a-vida-e-xogo\/#experimenta\">Acceder<\/a><\/p>\n<p>[\/vc_hoverbox][\/vc_column][vc_column width=&#8221;1\/3&#8243;][vc_hoverbox image=&#8221;21375&#8243; primary_title=&#8221;&#8221; hover_title=&#8221;Xoga!&#8221;]<\/p>\n<p style=\"text-align: center;\">Co teu pai, nai, co teu irm\u00e1 ou irm\u00e1n, con quen te\u00f1as a man\u2026<\/p>\n<p style=\"text-align: center;\"><a href=\"https:\/\/www.aguarda.es\/rebulindo\/a-vida-e-xogo\/#xoga\">Acceder<\/a><\/p>\n<p>[\/vc_hoverbox][\/vc_column][\/vc_row][vc_row][vc_column width=&#8221;1\/3&#8243;][vc_hoverbox image=&#8221;21369&#8243; primary_title=&#8221;&#8221; hover_title=&#8221;Pensa en verde!&#8221;]<\/p>\n<p style=\"text-align: center;\"><span style=\"font-weight: 400;\">incl\u00fae contidos de medio ambiente para os m\u00e1is pequenos<\/span><\/p>\n<p style=\"text-align: center;\"><a href=\"https:\/\/www.aguarda.es\/rebulindo\/a-vida-e-xogo\/#pensaenverde\">Acceder<\/a><\/p>\n<p>[\/vc_hoverbox][\/vc_column][vc_column width=&#8221;1\/3&#8243;][vc_hoverbox image=&#8221;21371&#8243; primary_title=&#8221;&#8221; hover_title=&#8221;Comparte!&#8221;]<\/p>\n<p style=\"text-align: center;\"><span style=\"font-weight: 400;\">Se te apetece podes compartir o resultado de todas estas experiencias que te deixamos ou tam\u00e9n explicar algunha proposta que realizades na casa<\/span><\/p>\n<p style=\"text-align: center;\"><a href=\"https:\/\/www.aguarda.es\/rebulindo\/a-vida-e-xogo\/#comparte\">Acceder<\/a><\/p>\n<p>[\/vc_hoverbox][\/vc_column][vc_column width=&#8221;1\/3&#8243;][\/vc_column][\/vc_row][vc_row][vc_column][vc_text_separator title=&#8221;Artistea!&#8221; i_icon_fontawesome=&#8221;fa fa-paint-brush&#8221; border_width=&#8221;5&#8243; add_icon=&#8221;true&#8221; el_id=&#8221;artistea&#8221;][\/vc_column][\/vc_row][vc_row][vc_column][vc_column_text]<span style=\"font-weight: 400;\">Propostas para que debuxes ou pintes individualmente ou cos membros da t\u00faa familia.<\/span>[\/vc_column_text][\/vc_column][\/vc_row][vc_row][vc_column width=&#8221;1\/2&#8243;][vc_single_image image=&#8221;21256&#8243; alignment=&#8221;center&#8221; style=&#8221;vc_box_circle_2&#8243; onclick=&#8221;custom_link&#8221; img_link_target=&#8221;_blank&#8221; title=&#8221;Nuvi &amp; \u00e9xfico&#8221; link=&#8221;https:\/\/mailchi.mp\/a15162b311fd\/a8m1rpb4s8&#8243;][vc_column_text]Este par de artistas d\u00e9ixannos compartir dende <a href=\"http:\/\/www.nuviandexfico.com\">www.nuviandexfico.com<\/a> o traballo ovni e tam\u00e9n da balea de #aguardaisalive. No enlace tedes as versi\u00f3ns para descargar, colorear, recortar e pegar na vosa fiestra.[\/vc_column_text][\/vc_column][vc_column width=&#8221;1\/2&#8243;][vc_single_image image=&#8221;21385&#8243; alignment=&#8221;center&#8221; style=&#8221;vc_box_circle_2&#8243; onclick=&#8221;custom_link&#8221; img_link_target=&#8221;_blank&#8221; title=&#8221;Tamara Baz&#8221; link=&#8221;https:\/\/www.aguarda.es\/wp-content\/uploads\/2020\/04\/TAMARABAZFACHADAPORTO.pdf&#8221;][vc_column_text]<span style=\"font-weight: 400;\">Tamara Baz \u00e9 a autora destoutra proposta para descargar e pintar libremente: un dese\u00f1o da fachada do porto.<\/span>[\/vc_column_text][\/vc_column][\/vc_row][vc_row][vc_column width=&#8221;1\/2&#8243;][vc_single_image image=&#8221;21389&#8243; alignment=&#8221;center&#8221; style=&#8221;vc_box_circle_2&#8243; onclick=&#8221;custom_link&#8221; img_link_target=&#8221;_blank&#8221; title=&#8221;Alfonso Vicente&#8221; link=&#8221;https:\/\/www.aguarda.es\/wp-content\/uploads\/2020\/04\/ALFONSO-GATO.pdf&#8221;][vc_column_text]<span style=\"font-weight: 400;\">Alfonso Vicente prop\u00f3n unha opci\u00f3n para debuxar un gato a trav\u00e9s de figuras xeom\u00e9tricas<\/span>[\/vc_column_text][\/vc_column][vc_column width=&#8221;1\/2&#8243;][vc_single_image image=&#8221;21392&#8243; alignment=&#8221;center&#8221; style=&#8221;vc_box_circle_2&#8243; onclick=&#8221;custom_link&#8221; img_link_target=&#8221;_blank&#8221; title=&#8221;Alfonso Vicente&#8221; link=&#8221;https:\/\/www.aguarda.es\/wp-content\/uploads\/2020\/04\/ALFONSO-CICLISTA.pdf&#8221;][vc_column_text]<span style=\"font-weight: 400;\">Alfonso Vicente proponvos un debuxo dun ciclista a trav\u00e9s de cuadr\u00edcula<\/span>[\/vc_column_text][\/vc_column][\/vc_row][vc_row][vc_column width=&#8221;1\/2&#8243;][vc_single_image image=&#8221;21540&#8243; alignment=&#8221;center&#8221; style=&#8221;vc_box_circle_2&#8243; onclick=&#8221;custom_link&#8221; img_link_target=&#8221;_blank&#8221; title=&#8221;Tamara Baz&#8221; link=&#8221;https:\/\/www.aguarda.es\/wp-content\/uploads\/2020\/05\/TAMARABAZECOIMAXIN.pdf&#8221;][vc_column_text]<span style=\"font-weight: 400;\">Tamara Baz proporci\u00f3nanos os dese\u00f1os que realizou para as cristaleiras da Casa dos Alonso con motivo do Ecoimax\u00edn. Pintamos e de paso aprendemos sobre sustentabilidade!! <\/span>[\/vc_column_text][\/vc_column][vc_column width=&#8221;1\/2&#8243;][\/vc_column][\/vc_row][vc_row][vc_column][\/vc_column][\/vc_row][vc_row][vc_column][vc_text_separator title=&#8221;Experimenta!&#8221; i_icon_fontawesome=&#8221;fa fa-cogs&#8221; border_width=&#8221;5&#8243; add_icon=&#8221;true&#8221; el_id=&#8221;experimenta&#8221;][\/vc_column][\/vc_row][vc_row][vc_column][vc_column_text]<span style=\"font-weight: 400;\">Manualidades, <\/span><span style=\"font-weight: 400;\">experimentos e recetas para crear na casa.<\/span>[\/vc_column_text][\/vc_column][\/vc_row][vc_row][vc_column width=&#8221;1\/2&#8243;][vc_single_image image=&#8221;21397&#8243; alignment=&#8221;center&#8221; style=&#8221;vc_box_shadow_circle_2&#8243; onclick=&#8221;custom_link&#8221; img_link_target=&#8221;_blank&#8221; title=&#8221;Manun\u00fa &#8211; Mindfulness&#8221; link=&#8221;https:\/\/www.aguarda.es\/wp-content\/uploads\/2020\/04\/MindfulnessManunu.pdf&#8221;][\/vc_column][vc_column width=&#8221;1\/2&#8243;][vc_single_image image=&#8221;21400&#8243; alignment=&#8221;center&#8221; style=&#8221;vc_box_shadow_circle_2&#8243; onclick=&#8221;custom_link&#8221; img_link_target=&#8221;_blank&#8221; title=&#8221;Manun\u00fa &#8211; R\u00edtmo e concentraci\u00f3n&#8221; link=&#8221;https:\/\/www.youtube.com\/watch?v=w7vgtYDyrv8&amp;feature=youtu.be&#8221;][\/vc_column][\/vc_row][vc_row][vc_column width=&#8221;1\/2&#8243;][vc_single_image image=&#8221;21487&#8243; alignment=&#8221;center&#8221; style=&#8221;vc_box_shadow_circle_2&#8243; onclick=&#8221;custom_link&#8221; img_link_target=&#8221;_blank&#8221; title=&#8221;Diviertt &#8211; Experimento 1&#8243; link=&#8221;https:\/\/www.youtube.com\/watch?v=Igzz2JskJdU&amp;feature=youtu.be&#8221;][\/vc_column][vc_column width=&#8221;1\/2&#8243;][vc_single_image image=&#8221;21489&#8243; alignment=&#8221;center&#8221; style=&#8221;vc_box_shadow_circle_2&#8243; onclick=&#8221;custom_link&#8221; img_link_target=&#8221;_blank&#8221; title=&#8221;Diviertt &#8211; Experimento 2&#8243; link=&#8221;https:\/\/www.youtube.com\/watch?v=0YCuvfmLk-E&#8221;][\/vc_column][\/vc_row][vc_row][vc_column width=&#8221;1\/2&#8243;][vc_single_image image=&#8221;21491&#8243; alignment=&#8221;center&#8221; style=&#8221;vc_box_shadow_circle_2&#8243; onclick=&#8221;custom_link&#8221; img_link_target=&#8221;_blank&#8221; title=&#8221;Diviertt &#8211; Receita Brownie&#8221; link=&#8221;https:\/\/www.youtube.com\/watch?v=WFoVYMLOmdk&#8221;][\/vc_column][vc_column width=&#8221;1\/2&#8243;][vc_single_image image=&#8221;21981&#8243; alignment=&#8221;center&#8221; style=&#8221;vc_box_shadow_circle_2&#8243; onclick=&#8221;custom_link&#8221; img_link_target=&#8221;_blank&#8221; title=&#8221;#AGuardaDiversa &#8211; Fai a t\u00faa bandeira LGTBI &#8211; TRANS&#8221; link=&#8221;https:\/\/www.youtube.com\/watch?v=_ertXGS9VhE&#8221;][\/vc_column][\/vc_row][vc_row][vc_column width=&#8221;1\/2&#8243;][vc_single_image image=&#8221;21983&#8243; alignment=&#8221;center&#8221; style=&#8221;vc_box_shadow_circle_2&#8243; onclick=&#8221;custom_link&#8221; img_link_target=&#8221;_blank&#8221; title=&#8221;#AGuardaDiversa- Con Tango son tres&#8221; link=&#8221;https:\/\/www.youtube.com\/watch?v=0sEzz524c5U&#8221;][\/vc_column][vc_column width=&#8221;1\/2&#8243;][\/vc_column][\/vc_row][vc_row][vc_column][vc_text_separator title=&#8221;Xoga!&#8221; i_icon_fontawesome=&#8221;fa fa-gamepad&#8221; border_width=&#8221;5&#8243; add_icon=&#8221;true&#8221; el_id=&#8221;xoga&#8221;][\/vc_column][\/vc_row][vc_row][vc_column][vc_column_text]<span style=\"font-weight: 400;\">Co teu pai, nai, co teu irm\u00e1 ou irm\u00e1n, con quen te\u00f1as a man\u2026<\/span>[\/vc_column_text][\/vc_column][\/vc_row][vc_row][vc_column width=&#8221;1\/2&#8243;][vc_hoverbox image=&#8221;21403&#8243; primary_title=&#8221;&#8221; hover_title=&#8221;Xogos diferentes creativos e imaxinativos, para facer en familia&#8221;]<\/p>\n<p style=\"text-align: center;\"><a href=\"https:\/\/www.yojuegoencasa.es\/\">Acceder<\/a><\/p>\n<p>[\/vc_hoverbox][\/vc_column][vc_column width=&#8221;1\/2&#8243;][vc_hoverbox image=&#8221;21405&#8243; primary_title=&#8221;&#8221; hover_title=&#8221;Xogos de mesa, versi\u00f3n online e en galego&#8221;]<\/p>\n<p style=\"text-align: center;\"><a href=\"https:\/\/www.as-pg.gal\/en-xogo\/entrar\">Acceder<\/a><\/p>\n<p>[\/vc_hoverbox][\/vc_column][\/vc_row][vc_row][vc_column][vc_text_separator title=&#8221;Pensa en verde!&#8221; i_icon_fontawesome=&#8221;fa fa-tree&#8221; border_width=&#8221;5&#8243; add_icon=&#8221;true&#8221; el_id=&#8221;pensaenverde&#8221;][\/vc_column][\/vc_row][vc_row][vc_column][vc_column_text]Seguimos xogando e aprendendo a respectar a natureza e a coidar do medioambiental.[\/vc_column_text][\/vc_column][\/vc_row][vc_row][vc_column width=&#8221;1\/3&#8243;][vc_hoverbox image=&#8221;21413&#8243; primary_title=&#8221;&#8221; hover_title=&#8221;Xoga con XOGAMA&#8221;]Contos, videos e xogos interactivos da plataforma educativa de SOGAMA.<\/p>\n<p style=\"text-align: center;\"><a href=\"http:\/\/www.cadernoverde.gal\">Acceder<\/a><\/p>\n<p>[\/vc_hoverbox][\/vc_column][vc_column width=&#8221;1\/3&#8243;][vc_hoverbox image=&#8221;21416&#8243; primary_title=&#8221;&#8221; hover_title=&#8221;Os Bolechas &#8211; As tres erres&#8221;]<\/p>\n<p style=\"text-align: center;\"><a href=\"https:\/\/vimeo.com\/199639772\">Acceder<\/a><\/p>\n<p>[\/vc_hoverbox][\/vc_column][vc_column width=&#8221;1\/3&#8243;][vc_hoverbox image=&#8221;21419&#8243; primary_title=&#8221;&#8221; hover_title=&#8221;Os Bolechas &#8211; Sabes a cor do colector?&#8221;]<\/p>\n<p style=\"text-align: center;\"><a href=\"https:\/\/vimeo.com\/206551668\">Acceder<\/a><\/p>\n<p>[\/vc_hoverbox][\/vc_column][\/vc_row][vc_row][vc_column width=&#8221;1\/3&#8243;][vc_hoverbox image=&#8221;21421&#8243; primary_title=&#8221;&#8221; hover_title=&#8221;Bandeira azul e os Pitufos&#8221;]Colorea e aprende boas pr\u00e1cticas para a praia.<\/p>\n<p style=\"text-align: center;\"><a href=\"http:\/\/www.banderaazul.org\/sites\/default\/files\/Decalogo%20Colorear-2_0.jpg\">Acceder<\/a><\/p>\n<p>[\/vc_hoverbox][\/vc_column][vc_column width=&#8221;1\/3&#8243;][\/vc_column][vc_column width=&#8221;1\/3&#8243;][\/vc_column][\/vc_row][vc_row][vc_column][vc_single_image image=&#8221;21629&#8243; img_size=&#8221;full&#8221; alignment=&#8221;center&#8221; onclick=&#8221;custom_link&#8221; img_link_target=&#8221;_blank&#8221; title=&#8221;Luvas e m\u00e1scaras, a nova basuraleza&#8221; link=&#8221;http:\/\/xuventude.xunta.es\/component\/k2\/item\/18859-luvas-e-mascaras-a-nova-basuraleza&#8221;][\/vc_column][\/vc_row][vc_row][vc_column][vc_text_separator title=&#8221;Comparte!&#8221; i_icon_fontawesome=&#8221;fa fa-share-alt&#8221; border_width=&#8221;5&#8243; add_icon=&#8221;true&#8221; el_id=&#8221;comparte&#8221;][\/vc_column][\/vc_row][vc_row][vc_column][vc_column_text]<span style=\"font-weight: 400;\">Se te apetece podes compartir o resultado de todas estas experiencias que te deixamos ou tam\u00e9n explicar algunha proposta que realizades na casa.\u00a0<\/span><\/p>\n<p><span style=\"font-weight: 400;\">Para isto deixamos este formulario de contacto<\/span><\/p>\n<p><span style=\"font-weight: 400;\">Agardamos as vosas respostas!<\/span>[\/vc_column_text][\/vc_column][\/vc_row][vc_row][vc_column]\n<div class=\"wpcf7 no-js\" id=\"wpcf7-f21186-o1\" lang=\"gl-ES\" dir=\"ltr\">\n<div class=\"screen-reader-response\"><p role=\"status\" aria-live=\"polite\" aria-atomic=\"true\"><\/p> <ul><\/ul><\/div>\n<form action=\"\/en\/wp-json\/wp\/v2\/pages\/21111#wpcf7-f21186-o1\" method=\"post\" class=\"wpcf7-form init\" aria-label=\"Formulario de contacto\" novalidate=\"novalidate\" data-status=\"init\">\n<div style=\"display: none;\">\n<input type=\"hidden\" name=\"_wpcf7\" value=\"21186\" \/>\n<input type=\"hidden\" name=\"_wpcf7_version\" value=\"5.7.7\" \/>\n<input type=\"hidden\" name=\"_wpcf7_locale\" value=\"gl_ES\" \/>\n<input type=\"hidden\" name=\"_wpcf7_unit_tag\" value=\"wpcf7-f21186-o1\" \/>\n<input type=\"hidden\" name=\"_wpcf7_container_post\" value=\"0\" \/>\n<input type=\"hidden\" name=\"_wpcf7_posted_data_hash\" value=\"\" \/>\n<\/div>\n<p><label> O teu nome (obrigatorio)<br \/>\n<span class=\"wpcf7-form-control-wrap\" data-name=\"your-name\"><input size=\"40\" class=\"wpcf7-form-control wpcf7-text wpcf7-validates-as-required\" aria-required=\"true\" aria-invalid=\"false\" value=\"\" type=\"text\" name=\"your-name\" \/><\/span> <\/label>\n<\/p>\n<p><label> O teu email (obrigatorio)<br \/>\n<span class=\"wpcf7-form-control-wrap\" data-name=\"your-email\"><input size=\"40\" class=\"wpcf7-form-control wpcf7-text wpcf7-email wpcf7-validates-as-required wpcf7-validates-as-email\" aria-required=\"true\" aria-invalid=\"false\" value=\"\" type=\"email\" name=\"your-email\" \/><\/span> <\/label>\n<\/p>\n<p><label> Asunto<br \/>\n<span class=\"wpcf7-form-control-wrap\" data-name=\"your-subject\"><input size=\"40\" class=\"wpcf7-form-control wpcf7-text\" aria-invalid=\"false\" value=\"\" type=\"text\" name=\"your-subject\" \/><\/span> <\/label>\n<\/p>\n<p><label> A t\u00faa mensaxe<br \/>\n<span class=\"wpcf7-form-control-wrap\" data-name=\"your-message\"><textarea cols=\"40\" rows=\"10\" class=\"wpcf7-form-control wpcf7-textarea\" aria-invalid=\"false\" name=\"your-message\"><\/textarea><\/span> <\/label>\n<\/p>\n<p><input class=\"wpcf7-form-control has-spinner wpcf7-submit\" type=\"submit\" value=\"Enviar\" \/>\n<\/p><div class=\"wpcf7-response-output\" aria-hidden=\"true\"><\/div>\n<\/form>\n<\/div>\n[\/vc_column][\/vc_row]<\/p>\n","protected":false},"excerpt":{"rendered":"<p>[vc_row el_id=&#8221;arriba&#8221;][vc_column][vc_column_text] Aqu\u00ed vos deixamos actividades, xogos, propostas art\u00edsticas e moito m\u00e1is nesta secci\u00f3n para familias, nenxs e outra rapazada\u2026 [\/vc_column_text][\/vc_column][\/vc_row][vc_row][vc_column width=&#8221;1\/3&#8243;][vc_hoverbox image=&#8221;21377&#8243; primary_title=&#8221;&#8221; hover_title=&#8221;Artistea!&#8221;] Propostas para que debuxes ou pintes individualmente ou cos membros da t\u00faa familia Acceder [\/vc_hoverbox][\/vc_column][vc_column &hellip; <\/p>\n","protected":false},"author":1,"featured_media":21256,"parent":21053,"menu_order":0,"comment_status":"closed","ping_status":"closed","template":"","meta":[],"yoast_head":"<!-- This site is optimized with the Yoast SEO plugin v21.1 - https:\/\/yoast.com\/wordpress\/plugins\/seo\/ -->\n<title>A vida \u00e9 xogo - Concello da Guarda<\/title>\n<meta name=\"robots\" content=\"index, follow, max-snippet:-1, max-image-preview:large, max-video-preview:-1\" \/>\n<link rel=\"canonical\" href=\"https:\/\/www.aguarda.es\/en\/rebulindo\/a-vida-e-xogo\/\" \/>\n<meta property=\"og:locale\" content=\"en_US\" \/>\n<meta property=\"og:type\" content=\"article\" \/>\n<meta property=\"og:title\" content=\"A vida \u00e9 xogo - Concello da Guarda\" \/>\n<meta property=\"og:description\" content=\"[vc_row el_id=&#8221;arriba&#8221;][vc_column][vc_column_text] Aqu\u00ed vos deixamos actividades, xogos, propostas art\u00edsticas e moito m\u00e1is nesta secci\u00f3n para familias, nenxs e outra rapazada\u2026 [\/vc_column_text][\/vc_column][\/vc_row][vc_row][vc_column width=&#8221;1\/3&#8243;][vc_hoverbox image=&#8221;21377&#8243; primary_title=&#8221;&#8221; hover_title=&#8221;Artistea!&#8221;] Propostas para que debuxes ou pintes individualmente ou cos membros da t\u00faa familia Acceder [\/vc_hoverbox][\/vc_column][vc_column &hellip;\" \/>\n<meta property=\"og:url\" content=\"https:\/\/www.aguarda.es\/en\/rebulindo\/a-vida-e-xogo\/\" \/>\n<meta property=\"og:site_name\" content=\"Concello da Guarda\" \/>\n<meta property=\"article:publisher\" content=\"https:\/\/www.facebook.com\/ConcellodaGuarda\" \/>\n<meta property=\"article:modified_time\" content=\"2023-12-23T08:57:21+00:00\" \/>\n<meta property=\"og:image\" content=\"https:\/\/www.aguarda.es\/wp-content\/uploads\/2020\/04\/AGUARDAISALIVE-copia.jpg?_t=1703321843\" \/>\n\t<meta property=\"og:image:width\" content=\"400\" \/>\n\t<meta property=\"og:image:height\" content=\"400\" \/>\n\t<meta property=\"og:image:type\" content=\"image\/jpeg\" \/>\n<meta name=\"twitter:card\" content=\"summary_large_image\" \/>\n<meta name=\"twitter:site\" content=\"@AGuarda_es\" \/>\n<meta name=\"twitter:label1\" content=\"Est. reading time\" \/>\n\t<meta name=\"twitter:data1\" content=\"7 minutes\" \/>\n<script type=\"application\/ld+json\" class=\"yoast-schema-graph\">{\"@context\":\"https:\/\/schema.org\",\"@graph\":[{\"@type\":\"WebPage\",\"@id\":\"https:\/\/www.aguarda.es\/en\/rebulindo\/a-vida-e-xogo\/\",\"url\":\"https:\/\/www.aguarda.es\/en\/rebulindo\/a-vida-e-xogo\/\",\"name\":\"A vida \u00e9 xogo - Concello da Guarda\",\"isPartOf\":{\"@id\":\"https:\/\/www.aguarda.es\/en\/#website\"},\"datePublished\":\"2020-04-20T21:12:02+00:00\",\"dateModified\":\"2023-12-23T08:57:21+00:00\",\"breadcrumb\":{\"@id\":\"https:\/\/www.aguarda.es\/en\/rebulindo\/a-vida-e-xogo\/#breadcrumb\"},\"inLanguage\":\"en-US\",\"potentialAction\":[{\"@type\":\"ReadAction\",\"target\":[\"https:\/\/www.aguarda.es\/en\/rebulindo\/a-vida-e-xogo\/\"]}]},{\"@type\":\"BreadcrumbList\",\"@id\":\"https:\/\/www.aguarda.es\/en\/rebulindo\/a-vida-e-xogo\/#breadcrumb\",\"itemListElement\":[{\"@type\":\"ListItem\",\"position\":1,\"name\":\"Portada\",\"item\":\"https:\/\/www.aguarda.es\/en\/\"},{\"@type\":\"ListItem\",\"position\":2,\"name\":\"Rebulindo (dende a casa)\",\"item\":\"https:\/\/www.aguarda.es\/en\/rebulindo\/\"},{\"@type\":\"ListItem\",\"position\":3,\"name\":\"A vida \u00e9 xogo\"}]},{\"@type\":\"WebSite\",\"@id\":\"https:\/\/www.aguarda.es\/en\/#website\",\"url\":\"https:\/\/www.aguarda.es\/en\/\",\"name\":\"Concello da Guarda\",\"description\":\"P\u00e1xina web do concello da Guarda\",\"potentialAction\":[{\"@type\":\"SearchAction\",\"target\":{\"@type\":\"EntryPoint\",\"urlTemplate\":\"https:\/\/www.aguarda.es\/en\/?s={search_term_string}\"},\"query-input\":\"required name=search_term_string\"}],\"inLanguage\":\"en-US\"}]}<\/script>\n<!-- \/ Yoast SEO plugin. -->","yoast_head_json":{"title":"A vida \u00e9 xogo - Concello da Guarda","robots":{"index":"index","follow":"follow","max-snippet":"max-snippet:-1","max-image-preview":"max-image-preview:large","max-video-preview":"max-video-preview:-1"},"canonical":"https:\/\/www.aguarda.es\/en\/rebulindo\/a-vida-e-xogo\/","og_locale":"en_US","og_type":"article","og_title":"A vida \u00e9 xogo - Concello da Guarda","og_description":"[vc_row el_id=&#8221;arriba&#8221;][vc_column][vc_column_text] Aqu\u00ed vos deixamos actividades, xogos, propostas art\u00edsticas e moito m\u00e1is nesta secci\u00f3n para familias, nenxs e outra rapazada\u2026 [\/vc_column_text][\/vc_column][\/vc_row][vc_row][vc_column width=&#8221;1\/3&#8243;][vc_hoverbox image=&#8221;21377&#8243; primary_title=&#8221;&#8221; hover_title=&#8221;Artistea!&#8221;] Propostas para que debuxes ou pintes individualmente ou cos membros da t\u00faa familia Acceder [\/vc_hoverbox][\/vc_column][vc_column &hellip;","og_url":"https:\/\/www.aguarda.es\/en\/rebulindo\/a-vida-e-xogo\/","og_site_name":"Concello da Guarda","article_publisher":"https:\/\/www.facebook.com\/ConcellodaGuarda","article_modified_time":"2023-12-23T08:57:21+00:00","og_image":[{"width":400,"height":400,"url":"https:\/\/www.aguarda.es\/wp-content\/uploads\/2020\/04\/AGUARDAISALIVE-copia.jpg?_t=1703321843","type":"image\/jpeg"}],"twitter_card":"summary_large_image","twitter_site":"@AGuarda_es","twitter_misc":{"Est. reading time":"7 minutes"},"schema":{"@context":"https:\/\/schema.org","@graph":[{"@type":"WebPage","@id":"https:\/\/www.aguarda.es\/en\/rebulindo\/a-vida-e-xogo\/","url":"https:\/\/www.aguarda.es\/en\/rebulindo\/a-vida-e-xogo\/","name":"A vida \u00e9 xogo - Concello da Guarda","isPartOf":{"@id":"https:\/\/www.aguarda.es\/en\/#website"},"datePublished":"2020-04-20T21:12:02+00:00","dateModified":"2023-12-23T08:57:21+00:00","breadcrumb":{"@id":"https:\/\/www.aguarda.es\/en\/rebulindo\/a-vida-e-xogo\/#breadcrumb"},"inLanguage":"en-US","potentialAction":[{"@type":"ReadAction","target":["https:\/\/www.aguarda.es\/en\/rebulindo\/a-vida-e-xogo\/"]}]},{"@type":"BreadcrumbList","@id":"https:\/\/www.aguarda.es\/en\/rebulindo\/a-vida-e-xogo\/#breadcrumb","itemListElement":[{"@type":"ListItem","position":1,"name":"Portada","item":"https:\/\/www.aguarda.es\/en\/"},{"@type":"ListItem","position":2,"name":"Rebulindo (dende a casa)","item":"https:\/\/www.aguarda.es\/en\/rebulindo\/"},{"@type":"ListItem","position":3,"name":"A vida \u00e9 xogo"}]},{"@type":"WebSite","@id":"https:\/\/www.aguarda.es\/en\/#website","url":"https:\/\/www.aguarda.es\/en\/","name":"Concello da Guarda","description":"P\u00e1xina web do concello da Guarda","potentialAction":[{"@type":"SearchAction","target":{"@type":"EntryPoint","urlTemplate":"https:\/\/www.aguarda.es\/en\/?s={search_term_string}"},"query-input":"required name=search_term_string"}],"inLanguage":"en-US"}]}},"_links":{"self":[{"href":"https:\/\/www.aguarda.es\/en\/wp-json\/wp\/v2\/pages\/21111"}],"collection":[{"href":"https:\/\/www.aguarda.es\/en\/wp-json\/wp\/v2\/pages"}],"about":[{"href":"https:\/\/www.aguarda.es\/en\/wp-json\/wp\/v2\/types\/page"}],"author":[{"embeddable":true,"href":"https:\/\/www.aguarda.es\/en\/wp-json\/wp\/v2\/users\/1"}],"replies":[{"embeddable":true,"href":"https:\/\/www.aguarda.es\/en\/wp-json\/wp\/v2\/comments?post=21111"}],"version-history":[{"count":29,"href":"https:\/\/www.aguarda.es\/en\/wp-json\/wp\/v2\/pages\/21111\/revisions"}],"predecessor-version":[{"id":21985,"href":"https:\/\/www.aguarda.es\/en\/wp-json\/wp\/v2\/pages\/21111\/revisions\/21985"}],"up":[{"embeddable":true,"href":"https:\/\/www.aguarda.es\/en\/wp-json\/wp\/v2\/pages\/21053"}],"wp:featuredmedia":[{"embeddable":true,"href":"https:\/\/www.aguarda.es\/en\/wp-json\/wp\/v2\/media\/21256"}],"wp:attachment":[{"href":"https:\/\/www.aguarda.es\/en\/wp-json\/wp\/v2\/media?parent=21111"}],"curies":[{"name":"wp","href":"https:\/\/api.w.org\/{rel}","templated":true}]}}