{"id":26733,"date":"2022-08-26T07:49:56","date_gmt":"2022-08-26T07:49:56","guid":{"rendered":"https:\/\/www.aguarda.es\/?page_id=26733"},"modified":"2023-12-23T08:58:06","modified_gmt":"2023-12-23T08:58:06","slug":"programa-de-mediacion-intercultural","status":"publish","type":"page","link":"https:\/\/www.aguarda.es\/en\/servizos-municipais\/servizos-sociais\/programa-de-mediacion-intercultural\/","title":{"rendered":"Programa de mediaci\u00f3n intercultural"},"content":{"rendered":"<p style=\"text-align: justify; line-height: 20.25pt; margin: 7.5pt 0cm .0001pt 0cm;\"><img decoding=\"async\" loading=\"lazy\" class=\"aligncenter size-full wp-image-26749\" src=\"https:\/\/www.aguarda.es\/wp-content\/uploads\/2022\/08\/ue-1.jpg\" alt=\"\" width=\"190\" height=\"165\" \/><br \/>\nACTUACI\u00d3NS FINANCIADAS NAS SUBVENCI\u00d3NS A CORPORACI\u00d3NS LOCAIS PARA INCLUSI\u00d3N SOCIAL 2021 &#8211; 2023<br \/>\nOs Servizos Sociais do Concello de A Guarda te\u00f1en a finalidade de mellorar a calidade de vida e o benestar das persoas e colectivos en situacio\u0301ns de exclusi\u00f3n social.<\/p>\n<p>&nbsp;<\/p>\n<p>PROGRAMA DE MEDIACI\u00d3N INTERCULTURAL NO CONCELLO DE A GUARDA est\u00e1 cofinanciada pola Uni\u00f3n Europea, no marco do Programa Operativo FSE Galicia 2014-2020, Obxectivo tem\u00e1tico \u201cPromover a igualdade, a sa\u00fade e a inclusi\u00f3n social\u201d, para eliminar as barreiras que dificultan un acceso efectivo das persoas migrantes aos recursos p\u00fablicos e sociais que facilitan a s\u00faa inclusi\u00f3n social.<\/p>\n<p><img decoding=\"async\" loading=\"lazy\" class=\"aligncenter size-full wp-image-26743\" src=\"https:\/\/www.aguarda.es\/wp-content\/uploads\/2022\/08\/Cartel_Mediacion_Intercultural.jpg\" alt=\"\" width=\"1755\" height=\"1241\" srcset=\"https:\/\/www.aguarda.es\/wp-content\/uploads\/2022\/08\/Cartel_Mediacion_Intercultural.jpg 1755w, https:\/\/www.aguarda.es\/wp-content\/uploads\/2022\/08\/Cartel_Mediacion_Intercultural-300x212.jpg 300w, https:\/\/www.aguarda.es\/wp-content\/uploads\/2022\/08\/Cartel_Mediacion_Intercultural-1024x724.jpg 1024w, https:\/\/www.aguarda.es\/wp-content\/uploads\/2022\/08\/Cartel_Mediacion_Intercultural-768x543.jpg 768w, https:\/\/www.aguarda.es\/wp-content\/uploads\/2022\/08\/Cartel_Mediacion_Intercultural-1536x1086.jpg 1536w\" sizes=\"(max-width: 1755px) 100vw, 1755px\" \/>PROGRAMA DE ASESORAMENTO T\u00c9CNICO ESPECIALIZADO EN MATERIA DE ESTRANXEIR\u00cdA DE A GUARDA est\u00e1 cofinanciada pola Uni\u00f3n Europea, no marco do Programa Operativo FSE Galicia 2014-2020, Obxectivo tem\u00e1tico \u201cPromover a igualdade, a sa\u00fade e a inclusi\u00f3n social\u201d, para asesorar \u00e1s persoas migrantes nos tr\u00e1mites administrativos espec\u00edficos de Estranxeir\u00eda.<\/p>\n<p><img decoding=\"async\" loading=\"lazy\" class=\"aligncenter size-full wp-image-26741\" src=\"https:\/\/www.aguarda.es\/wp-content\/uploads\/2022\/08\/Cartel_Asesoramento_Xuridico.jpg\" alt=\"\" width=\"1755\" height=\"1241\" srcset=\"https:\/\/www.aguarda.es\/wp-content\/uploads\/2022\/08\/Cartel_Asesoramento_Xuridico.jpg 1755w, https:\/\/www.aguarda.es\/wp-content\/uploads\/2022\/08\/Cartel_Asesoramento_Xuridico-300x212.jpg 300w, https:\/\/www.aguarda.es\/wp-content\/uploads\/2022\/08\/Cartel_Asesoramento_Xuridico-1024x724.jpg 1024w, https:\/\/www.aguarda.es\/wp-content\/uploads\/2022\/08\/Cartel_Asesoramento_Xuridico-768x543.jpg 768w, https:\/\/www.aguarda.es\/wp-content\/uploads\/2022\/08\/Cartel_Asesoramento_Xuridico-1536x1086.jpg 1536w\" sizes=\"(max-width: 1755px) 100vw, 1755px\" \/><\/p>\n","protected":false},"excerpt":{"rendered":"<p>ACTUACI\u00d3NS FINANCIADAS NAS SUBVENCI\u00d3NS A CORPORACI\u00d3NS LOCAIS PARA INCLUSI\u00d3N SOCIAL 2021 &#8211; 2023 Os Servizos Sociais do Concello de A Guarda te\u00f1en a finalidade de mellorar a calidade de vida e o benestar das persoas e colectivos en situacio\u0301ns de &hellip; <\/p>\n","protected":false},"author":5,"featured_media":26741,"parent":6908,"menu_order":0,"comment_status":"closed","ping_status":"closed","template":"","meta":[],"yoast_head":"<!-- This site is optimized with the Yoast SEO plugin v21.1 - https:\/\/yoast.com\/wordpress\/plugins\/seo\/ -->\n<title>Programa de mediaci\u00f3n intercultural - Concello da Guarda<\/title>\n<meta name=\"robots\" content=\"index, follow, max-snippet:-1, max-image-preview:large, max-video-preview:-1\" \/>\n<link rel=\"canonical\" href=\"https:\/\/www.aguarda.es\/en\/servizos-municipais\/servizos-sociais\/programa-de-mediacion-intercultural\/\" \/>\n<meta property=\"og:locale\" content=\"en_US\" \/>\n<meta property=\"og:type\" content=\"article\" \/>\n<meta property=\"og:title\" content=\"Programa de mediaci\u00f3n intercultural - Concello da Guarda\" \/>\n<meta property=\"og:description\" content=\"ACTUACI\u00d3NS FINANCIADAS NAS SUBVENCI\u00d3NS A CORPORACI\u00d3NS LOCAIS PARA INCLUSI\u00d3N SOCIAL 2021 &#8211; 2023 Os Servizos Sociais do Concello de A Guarda te\u00f1en a finalidade de mellorar a calidade de vida e o benestar das persoas e colectivos en situacio\u0301ns de &hellip;\" \/>\n<meta property=\"og:url\" content=\"https:\/\/www.aguarda.es\/en\/servizos-municipais\/servizos-sociais\/programa-de-mediacion-intercultural\/\" \/>\n<meta property=\"og:site_name\" content=\"Concello da Guarda\" \/>\n<meta property=\"article:publisher\" content=\"https:\/\/www.facebook.com\/ConcellodaGuarda\" \/>\n<meta property=\"article:modified_time\" content=\"2023-12-23T08:58:06+00:00\" \/>\n<meta property=\"og:image\" content=\"https:\/\/www.aguarda.es\/wp-content\/uploads\/2022\/08\/Cartel_Asesoramento_Xuridico.jpg?_t=1703321888\" \/>\n\t<meta property=\"og:image:width\" content=\"1755\" \/>\n\t<meta property=\"og:image:height\" content=\"1241\" \/>\n\t<meta property=\"og:image:type\" content=\"image\/jpeg\" \/>\n<meta name=\"twitter:card\" content=\"summary_large_image\" \/>\n<meta name=\"twitter:site\" content=\"@AGuarda_es\" \/>\n<meta name=\"twitter:label1\" content=\"Est. reading time\" \/>\n\t<meta name=\"twitter:data1\" content=\"2 minutes\" \/>\n<script type=\"application\/ld+json\" class=\"yoast-schema-graph\">{\"@context\":\"https:\/\/schema.org\",\"@graph\":[{\"@type\":\"WebPage\",\"@id\":\"https:\/\/www.aguarda.es\/en\/servizos-municipais\/servizos-sociais\/programa-de-mediacion-intercultural\/\",\"url\":\"https:\/\/www.aguarda.es\/en\/servizos-municipais\/servizos-sociais\/programa-de-mediacion-intercultural\/\",\"name\":\"Programa de mediaci\u00f3n intercultural - Concello da Guarda\",\"isPartOf\":{\"@id\":\"https:\/\/www.aguarda.es\/en\/#website\"},\"datePublished\":\"2022-08-26T07:49:56+00:00\",\"dateModified\":\"2023-12-23T08:58:06+00:00\",\"breadcrumb\":{\"@id\":\"https:\/\/www.aguarda.es\/en\/servizos-municipais\/servizos-sociais\/programa-de-mediacion-intercultural\/#breadcrumb\"},\"inLanguage\":\"en-US\",\"potentialAction\":[{\"@type\":\"ReadAction\",\"target\":[\"https:\/\/www.aguarda.es\/en\/servizos-municipais\/servizos-sociais\/programa-de-mediacion-intercultural\/\"]}]},{\"@type\":\"BreadcrumbList\",\"@id\":\"https:\/\/www.aguarda.es\/en\/servizos-municipais\/servizos-sociais\/programa-de-mediacion-intercultural\/#breadcrumb\",\"itemListElement\":[{\"@type\":\"ListItem\",\"position\":1,\"name\":\"Portada\",\"item\":\"https:\/\/www.aguarda.es\/en\/\"},{\"@type\":\"ListItem\",\"position\":2,\"name\":\"Servizos municipais\",\"item\":\"https:\/\/www.aguarda.es\/en\/servizos-municipais\/\"},{\"@type\":\"ListItem\",\"position\":3,\"name\":\"Servizos sociais\",\"item\":\"https:\/\/www.aguarda.es\/en\/servizos-municipais\/servizos-sociais\/\"},{\"@type\":\"ListItem\",\"position\":4,\"name\":\"Programa de mediaci\u00f3n intercultural\"}]},{\"@type\":\"WebSite\",\"@id\":\"https:\/\/www.aguarda.es\/en\/#website\",\"url\":\"https:\/\/www.aguarda.es\/en\/\",\"name\":\"Concello da Guarda\",\"description\":\"P\u00e1xina web do concello da Guarda\",\"potentialAction\":[{\"@type\":\"SearchAction\",\"target\":{\"@type\":\"EntryPoint\",\"urlTemplate\":\"https:\/\/www.aguarda.es\/en\/?s={search_term_string}\"},\"query-input\":\"required name=search_term_string\"}],\"inLanguage\":\"en-US\"}]}<\/script>\n<!-- \/ Yoast SEO plugin. -->","yoast_head_json":{"title":"Programa de mediaci\u00f3n intercultural - Concello da Guarda","robots":{"index":"index","follow":"follow","max-snippet":"max-snippet:-1","max-image-preview":"max-image-preview:large","max-video-preview":"max-video-preview:-1"},"canonical":"https:\/\/www.aguarda.es\/en\/servizos-municipais\/servizos-sociais\/programa-de-mediacion-intercultural\/","og_locale":"en_US","og_type":"article","og_title":"Programa de mediaci\u00f3n intercultural - Concello da Guarda","og_description":"ACTUACI\u00d3NS FINANCIADAS NAS SUBVENCI\u00d3NS A CORPORACI\u00d3NS LOCAIS PARA INCLUSI\u00d3N SOCIAL 2021 &#8211; 2023 Os Servizos Sociais do Concello de A Guarda te\u00f1en a finalidade de mellorar a calidade de vida e o benestar das persoas e colectivos en situacio\u0301ns de &hellip;","og_url":"https:\/\/www.aguarda.es\/en\/servizos-municipais\/servizos-sociais\/programa-de-mediacion-intercultural\/","og_site_name":"Concello da Guarda","article_publisher":"https:\/\/www.facebook.com\/ConcellodaGuarda","article_modified_time":"2023-12-23T08:58:06+00:00","og_image":[{"width":1755,"height":1241,"url":"https:\/\/www.aguarda.es\/wp-content\/uploads\/2022\/08\/Cartel_Asesoramento_Xuridico.jpg?_t=1703321888","type":"image\/jpeg"}],"twitter_card":"summary_large_image","twitter_site":"@AGuarda_es","twitter_misc":{"Est. reading time":"2 minutes"},"schema":{"@context":"https:\/\/schema.org","@graph":[{"@type":"WebPage","@id":"https:\/\/www.aguarda.es\/en\/servizos-municipais\/servizos-sociais\/programa-de-mediacion-intercultural\/","url":"https:\/\/www.aguarda.es\/en\/servizos-municipais\/servizos-sociais\/programa-de-mediacion-intercultural\/","name":"Programa de mediaci\u00f3n intercultural - Concello da Guarda","isPartOf":{"@id":"https:\/\/www.aguarda.es\/en\/#website"},"datePublished":"2022-08-26T07:49:56+00:00","dateModified":"2023-12-23T08:58:06+00:00","breadcrumb":{"@id":"https:\/\/www.aguarda.es\/en\/servizos-municipais\/servizos-sociais\/programa-de-mediacion-intercultural\/#breadcrumb"},"inLanguage":"en-US","potentialAction":[{"@type":"ReadAction","target":["https:\/\/www.aguarda.es\/en\/servizos-municipais\/servizos-sociais\/programa-de-mediacion-intercultural\/"]}]},{"@type":"BreadcrumbList","@id":"https:\/\/www.aguarda.es\/en\/servizos-municipais\/servizos-sociais\/programa-de-mediacion-intercultural\/#breadcrumb","itemListElement":[{"@type":"ListItem","position":1,"name":"Portada","item":"https:\/\/www.aguarda.es\/en\/"},{"@type":"ListItem","position":2,"name":"Servizos municipais","item":"https:\/\/www.aguarda.es\/en\/servizos-municipais\/"},{"@type":"ListItem","position":3,"name":"Servizos sociais","item":"https:\/\/www.aguarda.es\/en\/servizos-municipais\/servizos-sociais\/"},{"@type":"ListItem","position":4,"name":"Programa de mediaci\u00f3n intercultural"}]},{"@type":"WebSite","@id":"https:\/\/www.aguarda.es\/en\/#website","url":"https:\/\/www.aguarda.es\/en\/","name":"Concello da Guarda","description":"P\u00e1xina web do concello da Guarda","potentialAction":[{"@type":"SearchAction","target":{"@type":"EntryPoint","urlTemplate":"https:\/\/www.aguarda.es\/en\/?s={search_term_string}"},"query-input":"required name=search_term_string"}],"inLanguage":"en-US"}]}},"_links":{"self":[{"href":"https:\/\/www.aguarda.es\/en\/wp-json\/wp\/v2\/pages\/26733"}],"collection":[{"href":"https:\/\/www.aguarda.es\/en\/wp-json\/wp\/v2\/pages"}],"about":[{"href":"https:\/\/www.aguarda.es\/en\/wp-json\/wp\/v2\/types\/page"}],"author":[{"embeddable":true,"href":"https:\/\/www.aguarda.es\/en\/wp-json\/wp\/v2\/users\/5"}],"replies":[{"embeddable":true,"href":"https:\/\/www.aguarda.es\/en\/wp-json\/wp\/v2\/comments?post=26733"}],"version-history":[{"count":4,"href":"https:\/\/www.aguarda.es\/en\/wp-json\/wp\/v2\/pages\/26733\/revisions"}],"predecessor-version":[{"id":26760,"href":"https:\/\/www.aguarda.es\/en\/wp-json\/wp\/v2\/pages\/26733\/revisions\/26760"}],"up":[{"embeddable":true,"href":"https:\/\/www.aguarda.es\/en\/wp-json\/wp\/v2\/pages\/6908"}],"wp:featuredmedia":[{"embeddable":true,"href":"https:\/\/www.aguarda.es\/en\/wp-json\/wp\/v2\/media\/26741"}],"wp:attachment":[{"href":"https:\/\/www.aguarda.es\/en\/wp-json\/wp\/v2\/media?parent=26733"}],"curies":[{"name":"wp","href":"https:\/\/api.w.org\/{rel}","templated":true}]}}