{"id":33336,"date":"2025-09-03T18:27:05","date_gmt":"2025-09-03T18:27:05","guid":{"rendered":"https:\/\/www.aguarda.es\/?page_id=33336"},"modified":"2025-09-03T18:30:36","modified_gmt":"2025-09-03T18:30:36","slug":"inventario-de-actividades-de-tratamiento","status":"publish","type":"page","link":"https:\/\/www.aguarda.es\/en\/inventario-de-actividades-de-tratamiento\/","title":{"rendered":"INVENTARIO DE ACTIVIDADES DE TRATAMIENTO"},"content":{"rendered":"<p>[vc_row][vc_column][vc_column_text]De conformidade co artigo 31 da Lei 3\/2018, do 5 de decembro, de Protecci\u00f3n de Datos Persoais e garant\u00eda dos dereitos dixitais, que establece que os responsables e encargados do tratamento ou, se \u00e9 o caso, os seus representantes deber\u00e1n manter o rexistro de actividades de tratamento mencionado no artigo 30 do Regulamento (UE) 2016\/679, salvo que sexa de aplicaci\u00f3n a excepci\u00f3n prevista no seu apartado 5, e facelo p\u00fablico mediante un inventario das s\u00faas actividades de tratamento accesible por medios electr\u00f3nicos.<\/p>\n<p>Este Concello elaborou os correspondentes Rexistros de Actividades de Tratamento, de conformidade co artigo 30 do Regulamento (UE) 2016\/679, do 27 de abril de 2016 (RGPD), mant\u00e9ndoos actualizados e nos que consta a seguinte informaci\u00f3n:<\/p>\n<ul>\n<li>Nome e datos de contacto do Responsable do tratamento e, se procede, do Corresponsable do tratamento, do Representante do Responsable e do Delegado de Protecci\u00f3n de Datos (DPD\/DPO).<\/li>\n<li>Fins do tratamento.<\/li>\n<li>Descrici\u00f3n das categor\u00edas de persoas interesadas.<\/li>\n<li>Descrici\u00f3n das categor\u00edas de datos.<\/li>\n<li>Categor\u00edas de destinatarios.<\/li>\n<li>Transferencias de datos a terceiros pa\u00edses, coa identificaci\u00f3n destes e documentaci\u00f3n das garant\u00edas adecuadas.<\/li>\n<\/ul>\n<p>Cando sexa posible:<\/p>\n<ul>\n<li>Prazos previstos para a supresi\u00f3n das diferentes categor\u00edas de datos.<\/li>\n<li>Descrici\u00f3n xeral das medidas t\u00e9cnicas e organizativas de seguridade.<\/li>\n<\/ul>\n<p>Unha vez establecidas as pautas para a confecci\u00f3n dos Rexistros de Actividades de Tratamento, facilitamos o inventario dos Rexistros de Actividades de Tratamento<\/p>\n<p><strong><em>\u00a0<\/em><\/strong>[\/vc_column_text][\/vc_column][\/vc_row][vc_row][vc_column][vc_column_text]<\/p>\n<h2><strong><em>Pinchar para acceder a m\u00e1s info<\/em><\/strong><\/h2>\n<p><a href=\"https:\/\/www.aguarda.es\/rexistro-como-responsable-do-tratamento\/\"> Rexistro como responsable do tratamento<\/a><\/p>\n<p><a href=\"https:\/\/www.aguarda.es\/rexistro-como-encargado-de-tratamento\/\"> Rexistro como encargada do tratamento<\/a>[\/vc_column_text][\/vc_column][\/vc_row]<\/p>\n","protected":false},"excerpt":{"rendered":"<p>[vc_row][vc_column][vc_column_text]De conformidade co artigo 31 da Lei 3\/2018, do 5 de decembro, de Protecci\u00f3n de Datos Persoais e garant\u00eda dos dereitos dixitais, que establece que os responsables e encargados do tratamento ou, se \u00e9 o caso, os seus representantes deber\u00e1n &hellip; <\/p>\n","protected":false},"author":3,"featured_media":0,"parent":0,"menu_order":0,"comment_status":"closed","ping_status":"closed","template":"","meta":[],"yoast_head":"<!-- This site is optimized with the Yoast SEO plugin v21.1 - https:\/\/yoast.com\/wordpress\/plugins\/seo\/ -->\n<title>INVENTARIO DE ACTIVIDADES DE TRATAMIENTO - Concello da Guarda<\/title>\n<meta name=\"robots\" content=\"index, follow, max-snippet:-1, max-image-preview:large, max-video-preview:-1\" \/>\n<link rel=\"canonical\" href=\"https:\/\/www.aguarda.es\/en\/inventario-de-actividades-de-tratamiento\/\" \/>\n<meta property=\"og:locale\" content=\"en_US\" \/>\n<meta property=\"og:type\" content=\"article\" \/>\n<meta property=\"og:title\" content=\"INVENTARIO DE ACTIVIDADES DE TRATAMIENTO - Concello da Guarda\" \/>\n<meta property=\"og:description\" content=\"[vc_row][vc_column][vc_column_text]De conformidade co artigo 31 da Lei 3\/2018, do 5 de decembro, de Protecci\u00f3n de Datos Persoais e garant\u00eda dos dereitos dixitais, que establece que os responsables e encargados do tratamento ou, se \u00e9 o caso, os seus representantes deber\u00e1n &hellip;\" \/>\n<meta property=\"og:url\" content=\"https:\/\/www.aguarda.es\/en\/inventario-de-actividades-de-tratamiento\/\" \/>\n<meta property=\"og:site_name\" content=\"Concello da Guarda\" \/>\n<meta property=\"article:publisher\" content=\"https:\/\/www.facebook.com\/ConcellodaGuarda\" \/>\n<meta property=\"article:modified_time\" content=\"2025-09-03T18:30:36+00:00\" \/>\n<meta property=\"og:image\" content=\"https:\/\/www.aguarda.es\/wp-content\/uploads\/2017\/06\/escudo-full-2.jpg\" \/>\n\t<meta property=\"og:image:width\" content=\"1135\" \/>\n\t<meta property=\"og:image:height\" content=\"712\" \/>\n\t<meta property=\"og:image:type\" content=\"image\/jpeg\" \/>\n<meta name=\"twitter:card\" content=\"summary_large_image\" \/>\n<meta name=\"twitter:site\" content=\"@AGuarda_es\" \/>\n<meta name=\"twitter:label1\" content=\"Est. reading time\" \/>\n\t<meta name=\"twitter:data1\" content=\"2 minutes\" \/>\n<script type=\"application\/ld+json\" class=\"yoast-schema-graph\">{\"@context\":\"https:\/\/schema.org\",\"@graph\":[{\"@type\":\"WebPage\",\"@id\":\"https:\/\/www.aguarda.es\/en\/inventario-de-actividades-de-tratamiento\/\",\"url\":\"https:\/\/www.aguarda.es\/en\/inventario-de-actividades-de-tratamiento\/\",\"name\":\"INVENTARIO DE ACTIVIDADES DE TRATAMIENTO - Concello da Guarda\",\"isPartOf\":{\"@id\":\"https:\/\/www.aguarda.es\/en\/#website\"},\"datePublished\":\"2025-09-03T18:27:05+00:00\",\"dateModified\":\"2025-09-03T18:30:36+00:00\",\"breadcrumb\":{\"@id\":\"https:\/\/www.aguarda.es\/en\/inventario-de-actividades-de-tratamiento\/#breadcrumb\"},\"inLanguage\":\"en-US\",\"potentialAction\":[{\"@type\":\"ReadAction\",\"target\":[\"https:\/\/www.aguarda.es\/en\/inventario-de-actividades-de-tratamiento\/\"]}]},{\"@type\":\"BreadcrumbList\",\"@id\":\"https:\/\/www.aguarda.es\/en\/inventario-de-actividades-de-tratamiento\/#breadcrumb\",\"itemListElement\":[{\"@type\":\"ListItem\",\"position\":1,\"name\":\"Portada\",\"item\":\"https:\/\/www.aguarda.es\/en\/\"},{\"@type\":\"ListItem\",\"position\":2,\"name\":\"INVENTARIO DE ACTIVIDADES DE TRATAMIENTO\"}]},{\"@type\":\"WebSite\",\"@id\":\"https:\/\/www.aguarda.es\/en\/#website\",\"url\":\"https:\/\/www.aguarda.es\/en\/\",\"name\":\"Concello da Guarda\",\"description\":\"P\u00e1xina web do concello da Guarda\",\"potentialAction\":[{\"@type\":\"SearchAction\",\"target\":{\"@type\":\"EntryPoint\",\"urlTemplate\":\"https:\/\/www.aguarda.es\/en\/?s={search_term_string}\"},\"query-input\":\"required name=search_term_string\"}],\"inLanguage\":\"en-US\"}]}<\/script>\n<!-- \/ Yoast SEO plugin. -->","yoast_head_json":{"title":"INVENTARIO DE ACTIVIDADES DE TRATAMIENTO - Concello da Guarda","robots":{"index":"index","follow":"follow","max-snippet":"max-snippet:-1","max-image-preview":"max-image-preview:large","max-video-preview":"max-video-preview:-1"},"canonical":"https:\/\/www.aguarda.es\/en\/inventario-de-actividades-de-tratamiento\/","og_locale":"en_US","og_type":"article","og_title":"INVENTARIO DE ACTIVIDADES DE TRATAMIENTO - Concello da Guarda","og_description":"[vc_row][vc_column][vc_column_text]De conformidade co artigo 31 da Lei 3\/2018, do 5 de decembro, de Protecci\u00f3n de Datos Persoais e garant\u00eda dos dereitos dixitais, que establece que os responsables e encargados do tratamento ou, se \u00e9 o caso, os seus representantes deber\u00e1n &hellip;","og_url":"https:\/\/www.aguarda.es\/en\/inventario-de-actividades-de-tratamiento\/","og_site_name":"Concello da Guarda","article_publisher":"https:\/\/www.facebook.com\/ConcellodaGuarda","article_modified_time":"2025-09-03T18:30:36+00:00","og_image":[{"width":1135,"height":712,"url":"https:\/\/www.aguarda.es\/wp-content\/uploads\/2017\/06\/escudo-full-2.jpg","type":"image\/jpeg"}],"twitter_card":"summary_large_image","twitter_site":"@AGuarda_es","twitter_misc":{"Est. reading time":"2 minutes"},"schema":{"@context":"https:\/\/schema.org","@graph":[{"@type":"WebPage","@id":"https:\/\/www.aguarda.es\/en\/inventario-de-actividades-de-tratamiento\/","url":"https:\/\/www.aguarda.es\/en\/inventario-de-actividades-de-tratamiento\/","name":"INVENTARIO DE ACTIVIDADES DE TRATAMIENTO - Concello da Guarda","isPartOf":{"@id":"https:\/\/www.aguarda.es\/en\/#website"},"datePublished":"2025-09-03T18:27:05+00:00","dateModified":"2025-09-03T18:30:36+00:00","breadcrumb":{"@id":"https:\/\/www.aguarda.es\/en\/inventario-de-actividades-de-tratamiento\/#breadcrumb"},"inLanguage":"en-US","potentialAction":[{"@type":"ReadAction","target":["https:\/\/www.aguarda.es\/en\/inventario-de-actividades-de-tratamiento\/"]}]},{"@type":"BreadcrumbList","@id":"https:\/\/www.aguarda.es\/en\/inventario-de-actividades-de-tratamiento\/#breadcrumb","itemListElement":[{"@type":"ListItem","position":1,"name":"Portada","item":"https:\/\/www.aguarda.es\/en\/"},{"@type":"ListItem","position":2,"name":"INVENTARIO DE ACTIVIDADES DE TRATAMIENTO"}]},{"@type":"WebSite","@id":"https:\/\/www.aguarda.es\/en\/#website","url":"https:\/\/www.aguarda.es\/en\/","name":"Concello da Guarda","description":"P\u00e1xina web do concello da Guarda","potentialAction":[{"@type":"SearchAction","target":{"@type":"EntryPoint","urlTemplate":"https:\/\/www.aguarda.es\/en\/?s={search_term_string}"},"query-input":"required name=search_term_string"}],"inLanguage":"en-US"}]}},"_links":{"self":[{"href":"https:\/\/www.aguarda.es\/en\/wp-json\/wp\/v2\/pages\/33336"}],"collection":[{"href":"https:\/\/www.aguarda.es\/en\/wp-json\/wp\/v2\/pages"}],"about":[{"href":"https:\/\/www.aguarda.es\/en\/wp-json\/wp\/v2\/types\/page"}],"author":[{"embeddable":true,"href":"https:\/\/www.aguarda.es\/en\/wp-json\/wp\/v2\/users\/3"}],"replies":[{"embeddable":true,"href":"https:\/\/www.aguarda.es\/en\/wp-json\/wp\/v2\/comments?post=33336"}],"version-history":[{"count":3,"href":"https:\/\/www.aguarda.es\/en\/wp-json\/wp\/v2\/pages\/33336\/revisions"}],"predecessor-version":[{"id":33339,"href":"https:\/\/www.aguarda.es\/en\/wp-json\/wp\/v2\/pages\/33336\/revisions\/33339"}],"wp:attachment":[{"href":"https:\/\/www.aguarda.es\/en\/wp-json\/wp\/v2\/media?parent=33336"}],"curies":[{"name":"wp","href":"https:\/\/api.w.org\/{rel}","templated":true}]}}